{"id":984,"date":"2022-06-14T17:44:19","date_gmt":"2022-06-14T17:44:19","guid":{"rendered":"https:\/\/almarental.media\/renta-equipo-cine-television-comerciales\/?post_type=product&#038;p=984"},"modified":"2022-06-14T17:44:19","modified_gmt":"2022-06-14T17:44:19","slug":"decimator-3g-hd-sd-sdi-quad-split-multi-viewer-with-hdmi-outputs","status":"publish","type":"product","link":"https:\/\/almarental.media\/renta-equipo-cine-television-comerciales\/cotiza\/convertidores\/decimator-3g-hd-sd-sdi-quad-split-multi-viewer-with-hdmi-outputs\/","title":{"rendered":"DECIMATOR 3G\/HD\/SD-SDI Quad Split Multi-Viewer, With HDMI Outputs"},"content":{"rendered":"<p>La versi\u00f3n 3 del DECIMATOR MD-QUAD 3G\/HD\/SD-SDI Quad Split Multi-Viewer con salidas SD\/HD\/3G-SDI y HDMI agrega un generador de patrones de prueba, un generador de tonos de audio, paso de canal de audio y en pantalla visualizaci\u00f3n en un monitor conectado opcional. El dispositivo le proporciona un divisor o multiplexor cu\u00e1druple SD\/HD\/3G-SDI. Cuenta con cuatro entradas SDI de detecci\u00f3n autom\u00e1tica y salidas a una salida SDI y HDMI.<\/p>\n<p>Cada entrada es independiente y cuenta con almacenamiento en b\u00fafer de baja latencia, lo que permite que el dispositivo muestre las cuatro entradas en una pantalla de monitor opcional simult\u00e1neamente, incluso cuando cada se\u00f1al de entrada tiene un formato o velocidad de cuadro diferente. La se\u00f1al de salida tambi\u00e9n admite diferentes relaciones de aspecto que se muestran en la pantalla de la entrada SDI o HDMI de su monitor. Un codificador rotatorio y un selector de bot\u00f3n le permiten navegar y seleccionar desde la opci\u00f3n de men\u00fa sin configurar los interruptores DIP o conectarse a una computadora. La funci\u00f3n de men\u00fa le permite seleccionar su formato de salida, y una toma de corriente de bloqueo minimiza la posibilidad de p\u00e9rdida de energ\u00eda por una patada del cable de alimentaci\u00f3n.<\/p>\n","protected":false},"excerpt":{"rendered":"<p><strong><img loading=\"lazy\" decoding=\"async\" class=\"alignnone size-full wp-image-980\" src=\"https:\/\/almarental.media\/renta-equipo-cine-television-comerciales\/wp-content\/uploads\/2022\/06\/renta-de-equipos-decimator.png\" alt=\"renta de equipos decimator\" width=\"139\" height=\"55\" \/><\/strong><\/p>\n<p><strong>Main Specs:<\/strong><\/p>\n<ul class=\"list_OMS5rN7R1Z\">\n<li class=\"listItem_OMS5rN7R1Z\" data-selenium=\"sellingPointsListItem\">1 to 4 Channel Multi-Viewer\/Multiplexer<\/li>\n<li class=\"listItem_OMS5rN7R1Z\" data-selenium=\"sellingPointsListItem\">4x SD\/HD\/3G-SDI Auto Detecting Inputs<\/li>\n<li class=\"listItem_OMS5rN7R1Z\" data-selenium=\"sellingPointsListItem\">SD\/HD\/3G-SDI &amp; Composite Out<\/li>\n<li class=\"listItem_OMS5rN7R1Z\" data-selenium=\"sellingPointsListItem\">Down-Converter to NTSC or PAL<\/li>\n<li class=\"listItem_OMS5rN7R1Z\" data-selenium=\"sellingPointsListItem\">Low Latency Input Buffering<\/li>\n<li class=\"listItem_OMS5rN7R1Z\" data-selenium=\"sellingPointsListItem\">Independent Simultaneous Format Display<\/li>\n<li class=\"listItem_OMS5rN7R1Z\" data-selenium=\"sellingPointsListItem\">Supports Variable Aspect Ratios<\/li>\n<li class=\"listItem_OMS5rN7R1Z\" data-selenium=\"sellingPointsListItem\">Rotary Encoder &amp; Push Button Selection<\/li>\n<li class=\"listItem_OMS5rN7R1Z\" data-selenium=\"sellingPointsListItem\">Selectable Output Format<\/li>\n<li class=\"listItem_OMS5rN7R1Z\" data-selenium=\"sellingPointsListItem\">Locking Power Socket<\/li>\n<\/ul>\n","protected":false},"featured_media":985,"comment_status":"open","ping_status":"closed","template":"","meta":[],"product_cat":[31],"product_tag":[],"class_list":["post-984","product","type-product","status-publish","has-post-thumbnail","hentry","product_cat-convertidores","description-off"],"yoast_head":"<!-- This site is optimized with the Yoast SEO plugin v19.1 - https:\/\/yoast.com\/wordpress\/plugins\/seo\/ -->\n<title>DECIMATOR 3G\/HD\/SD-SDI Quad Split Multi-Viewer, With HDMI Outputs - Renta de equipo para cine, televisi\u00f3n y comerciales<\/title>\n<meta name=\"robots\" content=\"index, follow, max-snippet:-1, max-image-preview:large, max-video-preview:-1\" \/>\n<link rel=\"canonical\" href=\"https:\/\/almarental.media\/renta-equipo-cine-television-comerciales\/cotiza\/convertidores\/decimator-3g-hd-sd-sdi-quad-split-multi-viewer-with-hdmi-outputs\/\" \/>\n<meta property=\"og:locale\" content=\"es_ES\" \/>\n<meta property=\"og:type\" content=\"article\" \/>\n<meta property=\"og:title\" content=\"DECIMATOR 3G\/HD\/SD-SDI Quad Split Multi-Viewer, With HDMI Outputs - Renta de equipo para cine, televisi\u00f3n y comerciales\" \/>\n<meta property=\"og:description\" content=\"Main Specs:   1 to 4 Channel Multi-Viewer\/Multiplexer  4x SD\/HD\/3G-SDI Auto Detecting Inputs  SD\/HD\/3G-SDI &amp; Composite Out  Down-Converter to NTSC or PAL  Low Latency Input Buffering  Independent Simultaneous Format Display  Supports Variable Aspect Ratios  Rotary Encoder &amp; Push Button Selection  Selectable Output Format  Locking Power Socket\" \/>\n<meta property=\"og:url\" content=\"https:\/\/almarental.media\/renta-equipo-cine-television-comerciales\/cotiza\/convertidores\/decimator-3g-hd-sd-sdi-quad-split-multi-viewer-with-hdmi-outputs\/\" \/>\n<meta property=\"og:site_name\" content=\"Renta de equipo para cine, televisi\u00f3n y comerciales\" \/>\n<meta property=\"og:image\" content=\"https:\/\/almarental.media\/renta-equipo-cine-television-comerciales\/wp-content\/uploads\/2022\/06\/Renta-de-convertidores-DECIMATOR-3G-HD-SD-SDI-Quad-Split-Multi-Viewer-With-HDMI-Outputs.png\" \/>\n\t<meta property=\"og:image:width\" content=\"1000\" \/>\n\t<meta property=\"og:image:height\" content=\"1000\" \/>\n\t<meta property=\"og:image:type\" content=\"image\/png\" \/>\n<meta name=\"twitter:card\" content=\"summary_large_image\" \/>\n<meta name=\"twitter:label1\" content=\"Tiempo de lectura\" \/>\n\t<meta name=\"twitter:data1\" content=\"1 minuto\" \/>\n<script type=\"application\/ld+json\" class=\"yoast-schema-graph\">{\"@context\":\"https:\/\/schema.org\",\"@graph\":[{\"@type\":\"WebSite\",\"@id\":\"https:\/\/almarental.media\/renta-equipo-cine-television-comerciales\/#website\",\"url\":\"https:\/\/almarental.media\/renta-equipo-cine-television-comerciales\/\",\"name\":\"Renta de equipo para cine, televisi\u00f3n y comerciales\",\"description\":\"Casa de renta de equipo profesional para proyectos audiovisuales, DIT (digital image technician), Data y video en M\u00e9xico.\",\"potentialAction\":[{\"@type\":\"SearchAction\",\"target\":{\"@type\":\"EntryPoint\",\"urlTemplate\":\"https:\/\/almarental.media\/renta-equipo-cine-television-comerciales\/?s={search_term_string}\"},\"query-input\":\"required name=search_term_string\"}],\"inLanguage\":\"es\"},{\"@type\":\"ImageObject\",\"inLanguage\":\"es\",\"@id\":\"https:\/\/almarental.media\/renta-equipo-cine-television-comerciales\/cotiza\/convertidores\/decimator-3g-hd-sd-sdi-quad-split-multi-viewer-with-hdmi-outputs\/#primaryimage\",\"url\":\"https:\/\/almarental.media\/renta-equipo-cine-television-comerciales\/wp-content\/uploads\/2022\/06\/Renta-de-convertidores-DECIMATOR-3G-HD-SD-SDI-Quad-Split-Multi-Viewer-With-HDMI-Outputs.png\",\"contentUrl\":\"https:\/\/almarental.media\/renta-equipo-cine-television-comerciales\/wp-content\/uploads\/2022\/06\/Renta-de-convertidores-DECIMATOR-3G-HD-SD-SDI-Quad-Split-Multi-Viewer-With-HDMI-Outputs.png\",\"width\":1000,\"height\":1000},{\"@type\":\"WebPage\",\"@id\":\"https:\/\/almarental.media\/renta-equipo-cine-television-comerciales\/cotiza\/convertidores\/decimator-3g-hd-sd-sdi-quad-split-multi-viewer-with-hdmi-outputs\/#webpage\",\"url\":\"https:\/\/almarental.media\/renta-equipo-cine-television-comerciales\/cotiza\/convertidores\/decimator-3g-hd-sd-sdi-quad-split-multi-viewer-with-hdmi-outputs\/\",\"name\":\"DECIMATOR 3G\/HD\/SD-SDI Quad Split Multi-Viewer, With HDMI Outputs - Renta de equipo para cine, televisi\u00f3n y comerciales\",\"isPartOf\":{\"@id\":\"https:\/\/almarental.media\/renta-equipo-cine-television-comerciales\/#website\"},\"primaryImageOfPage\":{\"@id\":\"https:\/\/almarental.media\/renta-equipo-cine-television-comerciales\/cotiza\/convertidores\/decimator-3g-hd-sd-sdi-quad-split-multi-viewer-with-hdmi-outputs\/#primaryimage\"},\"datePublished\":\"2022-06-14T17:44:19+00:00\",\"dateModified\":\"2022-06-14T17:44:19+00:00\",\"breadcrumb\":{\"@id\":\"https:\/\/almarental.media\/renta-equipo-cine-television-comerciales\/cotiza\/convertidores\/decimator-3g-hd-sd-sdi-quad-split-multi-viewer-with-hdmi-outputs\/#breadcrumb\"},\"inLanguage\":\"es\",\"potentialAction\":[{\"@type\":\"ReadAction\",\"target\":[\"https:\/\/almarental.media\/renta-equipo-cine-television-comerciales\/cotiza\/convertidores\/decimator-3g-hd-sd-sdi-quad-split-multi-viewer-with-hdmi-outputs\/\"]}]},{\"@type\":\"BreadcrumbList\",\"@id\":\"https:\/\/almarental.media\/renta-equipo-cine-television-comerciales\/cotiza\/convertidores\/decimator-3g-hd-sd-sdi-quad-split-multi-viewer-with-hdmi-outputs\/#breadcrumb\",\"itemListElement\":[{\"@type\":\"ListItem\",\"position\":1,\"name\":\"Portada\",\"item\":\"https:\/\/almarental.media\/renta-equipo-cine-television-comerciales\/\"},{\"@type\":\"ListItem\",\"position\":2,\"name\":\"Productos\",\"item\":\"https:\/\/almarental.media\/renta-equipo-cine-television-comerciales\/cotiza\/\"},{\"@type\":\"ListItem\",\"position\":3,\"name\":\"DECIMATOR 3G\/HD\/SD-SDI Quad Split Multi-Viewer, With HDMI Outputs\"}]}]}<\/script>\n<!-- \/ Yoast SEO plugin. -->","yoast_head_json":{"title":"DECIMATOR 3G\/HD\/SD-SDI Quad Split Multi-Viewer, With HDMI Outputs - Renta de equipo para cine, televisi\u00f3n y comerciales","robots":{"index":"index","follow":"follow","max-snippet":"max-snippet:-1","max-image-preview":"max-image-preview:large","max-video-preview":"max-video-preview:-1"},"canonical":"https:\/\/almarental.media\/renta-equipo-cine-television-comerciales\/cotiza\/convertidores\/decimator-3g-hd-sd-sdi-quad-split-multi-viewer-with-hdmi-outputs\/","og_locale":"es_ES","og_type":"article","og_title":"DECIMATOR 3G\/HD\/SD-SDI Quad Split Multi-Viewer, With HDMI Outputs - Renta de equipo para cine, televisi\u00f3n y comerciales","og_description":"Main Specs:   1 to 4 Channel Multi-Viewer\/Multiplexer  4x SD\/HD\/3G-SDI Auto Detecting Inputs  SD\/HD\/3G-SDI &amp; Composite Out  Down-Converter to NTSC or PAL  Low Latency Input Buffering  Independent Simultaneous Format Display  Supports Variable Aspect Ratios  Rotary Encoder &amp; Push Button Selection  Selectable Output Format  Locking Power Socket","og_url":"https:\/\/almarental.media\/renta-equipo-cine-television-comerciales\/cotiza\/convertidores\/decimator-3g-hd-sd-sdi-quad-split-multi-viewer-with-hdmi-outputs\/","og_site_name":"Renta de equipo para cine, televisi\u00f3n y comerciales","og_image":[{"width":1000,"height":1000,"url":"https:\/\/almarental.media\/renta-equipo-cine-television-comerciales\/wp-content\/uploads\/2022\/06\/Renta-de-convertidores-DECIMATOR-3G-HD-SD-SDI-Quad-Split-Multi-Viewer-With-HDMI-Outputs.png","type":"image\/png"}],"twitter_card":"summary_large_image","twitter_misc":{"Tiempo de lectura":"1 minuto"},"schema":{"@context":"https:\/\/schema.org","@graph":[{"@type":"WebSite","@id":"https:\/\/almarental.media\/renta-equipo-cine-television-comerciales\/#website","url":"https:\/\/almarental.media\/renta-equipo-cine-television-comerciales\/","name":"Renta de equipo para cine, televisi\u00f3n y comerciales","description":"Casa de renta de equipo profesional para proyectos audiovisuales, DIT (digital image technician), Data y video en M\u00e9xico.","potentialAction":[{"@type":"SearchAction","target":{"@type":"EntryPoint","urlTemplate":"https:\/\/almarental.media\/renta-equipo-cine-television-comerciales\/?s={search_term_string}"},"query-input":"required name=search_term_string"}],"inLanguage":"es"},{"@type":"ImageObject","inLanguage":"es","@id":"https:\/\/almarental.media\/renta-equipo-cine-television-comerciales\/cotiza\/convertidores\/decimator-3g-hd-sd-sdi-quad-split-multi-viewer-with-hdmi-outputs\/#primaryimage","url":"https:\/\/almarental.media\/renta-equipo-cine-television-comerciales\/wp-content\/uploads\/2022\/06\/Renta-de-convertidores-DECIMATOR-3G-HD-SD-SDI-Quad-Split-Multi-Viewer-With-HDMI-Outputs.png","contentUrl":"https:\/\/almarental.media\/renta-equipo-cine-television-comerciales\/wp-content\/uploads\/2022\/06\/Renta-de-convertidores-DECIMATOR-3G-HD-SD-SDI-Quad-Split-Multi-Viewer-With-HDMI-Outputs.png","width":1000,"height":1000},{"@type":"WebPage","@id":"https:\/\/almarental.media\/renta-equipo-cine-television-comerciales\/cotiza\/convertidores\/decimator-3g-hd-sd-sdi-quad-split-multi-viewer-with-hdmi-outputs\/#webpage","url":"https:\/\/almarental.media\/renta-equipo-cine-television-comerciales\/cotiza\/convertidores\/decimator-3g-hd-sd-sdi-quad-split-multi-viewer-with-hdmi-outputs\/","name":"DECIMATOR 3G\/HD\/SD-SDI Quad Split Multi-Viewer, With HDMI Outputs - Renta de equipo para cine, televisi\u00f3n y comerciales","isPartOf":{"@id":"https:\/\/almarental.media\/renta-equipo-cine-television-comerciales\/#website"},"primaryImageOfPage":{"@id":"https:\/\/almarental.media\/renta-equipo-cine-television-comerciales\/cotiza\/convertidores\/decimator-3g-hd-sd-sdi-quad-split-multi-viewer-with-hdmi-outputs\/#primaryimage"},"datePublished":"2022-06-14T17:44:19+00:00","dateModified":"2022-06-14T17:44:19+00:00","breadcrumb":{"@id":"https:\/\/almarental.media\/renta-equipo-cine-television-comerciales\/cotiza\/convertidores\/decimator-3g-hd-sd-sdi-quad-split-multi-viewer-with-hdmi-outputs\/#breadcrumb"},"inLanguage":"es","potentialAction":[{"@type":"ReadAction","target":["https:\/\/almarental.media\/renta-equipo-cine-television-comerciales\/cotiza\/convertidores\/decimator-3g-hd-sd-sdi-quad-split-multi-viewer-with-hdmi-outputs\/"]}]},{"@type":"BreadcrumbList","@id":"https:\/\/almarental.media\/renta-equipo-cine-television-comerciales\/cotiza\/convertidores\/decimator-3g-hd-sd-sdi-quad-split-multi-viewer-with-hdmi-outputs\/#breadcrumb","itemListElement":[{"@type":"ListItem","position":1,"name":"Portada","item":"https:\/\/almarental.media\/renta-equipo-cine-television-comerciales\/"},{"@type":"ListItem","position":2,"name":"Productos","item":"https:\/\/almarental.media\/renta-equipo-cine-television-comerciales\/cotiza\/"},{"@type":"ListItem","position":3,"name":"DECIMATOR 3G\/HD\/SD-SDI Quad Split Multi-Viewer, With HDMI Outputs"}]}]}},"_links":{"self":[{"href":"https:\/\/almarental.media\/renta-equipo-cine-television-comerciales\/wp-json\/wp\/v2\/product\/984","targetHints":{"allow":["GET"]}}],"collection":[{"href":"https:\/\/almarental.media\/renta-equipo-cine-television-comerciales\/wp-json\/wp\/v2\/product"}],"about":[{"href":"https:\/\/almarental.media\/renta-equipo-cine-television-comerciales\/wp-json\/wp\/v2\/types\/product"}],"replies":[{"embeddable":true,"href":"https:\/\/almarental.media\/renta-equipo-cine-television-comerciales\/wp-json\/wp\/v2\/comments?post=984"}],"wp:featuredmedia":[{"embeddable":true,"href":"https:\/\/almarental.media\/renta-equipo-cine-television-comerciales\/wp-json\/wp\/v2\/media\/985"}],"wp:attachment":[{"href":"https:\/\/almarental.media\/renta-equipo-cine-television-comerciales\/wp-json\/wp\/v2\/media?parent=984"}],"wp:term":[{"taxonomy":"product_cat","embeddable":true,"href":"https:\/\/almarental.media\/renta-equipo-cine-television-comerciales\/wp-json\/wp\/v2\/product_cat?post=984"},{"taxonomy":"product_tag","embeddable":true,"href":"https:\/\/almarental.media\/renta-equipo-cine-television-comerciales\/wp-json\/wp\/v2\/product_tag?post=984"}],"curies":[{"name":"wp","href":"https:\/\/api.w.org\/{rel}","templated":true}]}}