{"id":982,"date":"2022-06-14T17:39:40","date_gmt":"2022-06-14T17:39:40","guid":{"rendered":"https:\/\/almarental.media\/renta-equipo-cine-television-comerciales\/?post_type=product&#038;p=982"},"modified":"2022-06-14T17:40:03","modified_gmt":"2022-06-14T17:40:03","slug":"decimator-dmon-quad-4-channel-3g-sdi-multiviewer","status":"publish","type":"product","link":"https:\/\/almarental.media\/renta-equipo-cine-television-comerciales\/cotiza\/convertidores\/decimator-dmon-quad-4-channel-3g-sdi-multiviewer\/","title":{"rendered":"DECIMATOR DMON-QUAD 4-Channel 3G-SDI Multiviewer"},"content":{"rendered":"<ul class=\"a-unordered-list a-vertical a-spacing-mini\">\n<li><span class=\"a-list-item\">Esto le da f\u00e1cil acceso a todas las caracter\u00edsticas de la incre\u00edble sin usar complicada LED\/Bot\u00f3n de control, interruptores DIP o tener que transportar un computadora a cambiar de un simple ajuste.<\/span><\/li>\n<li><span class=\"a-list-item\">Incluye 4\u00a0mini HDMI salidas independientes que pueden cada salida de cualquiera de los cuatro (3G\/HD\/SD) -sdi entradas o una quad-split de todos ellos.<\/span><\/li>\n<li><span class=\"a-list-item\">Por ejemplo, puede utilizar la unidad para tener:\u00a0\u2013\u00a04\u00a0SDI a HDMI conversores independientes.<\/span><\/li>\n<li><span class=\"a-list-item\">&#8211; 3\u00a0conversores independientes de SDI a HDMI con una salida quad-split.<\/span><\/li>\n<\/ul>\n","protected":false},"excerpt":{"rendered":"<p><img loading=\"lazy\" decoding=\"async\" class=\"alignnone size-full wp-image-980\" src=\"https:\/\/almarental.media\/renta-equipo-cine-television-comerciales\/wp-content\/uploads\/2022\/06\/renta-de-equipos-decimator.png\" alt=\"renta de equipos decimator\" width=\"139\" height=\"55\" \/><\/p>\n<p><strong>Main Specs:<\/strong><\/p>\n<p><span class=\"a-list-item\">El dise\u00f1o de decimator dmon-4s Quad (3G\/HD\/SD) -sdi a HDMI multiviewer y convertidor es un convertidor realmente port\u00e1til, que incorpora nuestro nuevo sistema de control f\u00e1cil de usar visualizaci\u00f3n LCD y bot\u00f3n.<\/span><\/p>\n","protected":false},"featured_media":983,"comment_status":"open","ping_status":"closed","template":"","meta":[],"product_cat":[31],"product_tag":[],"class_list":["post-982","product","type-product","status-publish","has-post-thumbnail","hentry","product_cat-convertidores","description-off"],"yoast_head":"<!-- This site is optimized with the Yoast SEO plugin v19.1 - https:\/\/yoast.com\/wordpress\/plugins\/seo\/ -->\n<title>DECIMATOR DMON-QUAD 4-Channel 3G-SDI Multiviewer - Renta de equipo para cine, televisi\u00f3n y comerciales<\/title>\n<meta name=\"robots\" content=\"index, follow, max-snippet:-1, max-image-preview:large, max-video-preview:-1\" \/>\n<link rel=\"canonical\" href=\"https:\/\/almarental.media\/renta-equipo-cine-television-comerciales\/cotiza\/convertidores\/decimator-dmon-quad-4-channel-3g-sdi-multiviewer\/\" \/>\n<meta property=\"og:locale\" content=\"es_ES\" \/>\n<meta property=\"og:type\" content=\"article\" \/>\n<meta property=\"og:title\" content=\"DECIMATOR DMON-QUAD 4-Channel 3G-SDI Multiviewer - Renta de equipo para cine, televisi\u00f3n y comerciales\" \/>\n<meta property=\"og:description\" content=\"Main Specs:  El dise\u00f1o de decimator dmon-4s Quad (3G\/HD\/SD) -sdi a HDMI multiviewer y convertidor es un convertidor realmente port\u00e1til, que incorpora nuestro nuevo sistema de control f\u00e1cil de usar visualizaci\u00f3n LCD y bot\u00f3n.\" \/>\n<meta property=\"og:url\" content=\"https:\/\/almarental.media\/renta-equipo-cine-television-comerciales\/cotiza\/convertidores\/decimator-dmon-quad-4-channel-3g-sdi-multiviewer\/\" \/>\n<meta property=\"og:site_name\" content=\"Renta de equipo para cine, televisi\u00f3n y comerciales\" \/>\n<meta property=\"article:modified_time\" content=\"2022-06-14T17:40:03+00:00\" \/>\n<meta property=\"og:image\" content=\"https:\/\/almarental.media\/renta-equipo-cine-television-comerciales\/wp-content\/uploads\/2022\/06\/Renta-de-convertidores-DECIMATOR-DMON-QUAD-4-Channel-3G-SDI-Multiviewer.png\" \/>\n\t<meta property=\"og:image:width\" content=\"1000\" \/>\n\t<meta property=\"og:image:height\" content=\"1000\" \/>\n\t<meta property=\"og:image:type\" content=\"image\/png\" \/>\n<meta name=\"twitter:card\" content=\"summary_large_image\" \/>\n<script type=\"application\/ld+json\" class=\"yoast-schema-graph\">{\"@context\":\"https:\/\/schema.org\",\"@graph\":[{\"@type\":\"WebSite\",\"@id\":\"https:\/\/almarental.media\/renta-equipo-cine-television-comerciales\/#website\",\"url\":\"https:\/\/almarental.media\/renta-equipo-cine-television-comerciales\/\",\"name\":\"Renta de equipo para cine, televisi\u00f3n y comerciales\",\"description\":\"Casa de renta de equipo profesional para proyectos audiovisuales, DIT (digital image technician), Data y video en M\u00e9xico.\",\"potentialAction\":[{\"@type\":\"SearchAction\",\"target\":{\"@type\":\"EntryPoint\",\"urlTemplate\":\"https:\/\/almarental.media\/renta-equipo-cine-television-comerciales\/?s={search_term_string}\"},\"query-input\":\"required name=search_term_string\"}],\"inLanguage\":\"es\"},{\"@type\":\"ImageObject\",\"inLanguage\":\"es\",\"@id\":\"https:\/\/almarental.media\/renta-equipo-cine-television-comerciales\/cotiza\/convertidores\/decimator-dmon-quad-4-channel-3g-sdi-multiviewer\/#primaryimage\",\"url\":\"https:\/\/almarental.media\/renta-equipo-cine-television-comerciales\/wp-content\/uploads\/2022\/06\/Renta-de-convertidores-DECIMATOR-DMON-QUAD-4-Channel-3G-SDI-Multiviewer.png\",\"contentUrl\":\"https:\/\/almarental.media\/renta-equipo-cine-television-comerciales\/wp-content\/uploads\/2022\/06\/Renta-de-convertidores-DECIMATOR-DMON-QUAD-4-Channel-3G-SDI-Multiviewer.png\",\"width\":1000,\"height\":1000,\"caption\":\"Renta de convertidores DECIMATOR DMON-QUAD 4-Channel 3G-SDI Multiviewer\"},{\"@type\":\"WebPage\",\"@id\":\"https:\/\/almarental.media\/renta-equipo-cine-television-comerciales\/cotiza\/convertidores\/decimator-dmon-quad-4-channel-3g-sdi-multiviewer\/#webpage\",\"url\":\"https:\/\/almarental.media\/renta-equipo-cine-television-comerciales\/cotiza\/convertidores\/decimator-dmon-quad-4-channel-3g-sdi-multiviewer\/\",\"name\":\"DECIMATOR DMON-QUAD 4-Channel 3G-SDI Multiviewer - Renta de equipo para cine, televisi\u00f3n y comerciales\",\"isPartOf\":{\"@id\":\"https:\/\/almarental.media\/renta-equipo-cine-television-comerciales\/#website\"},\"primaryImageOfPage\":{\"@id\":\"https:\/\/almarental.media\/renta-equipo-cine-television-comerciales\/cotiza\/convertidores\/decimator-dmon-quad-4-channel-3g-sdi-multiviewer\/#primaryimage\"},\"datePublished\":\"2022-06-14T17:39:40+00:00\",\"dateModified\":\"2022-06-14T17:40:03+00:00\",\"breadcrumb\":{\"@id\":\"https:\/\/almarental.media\/renta-equipo-cine-television-comerciales\/cotiza\/convertidores\/decimator-dmon-quad-4-channel-3g-sdi-multiviewer\/#breadcrumb\"},\"inLanguage\":\"es\",\"potentialAction\":[{\"@type\":\"ReadAction\",\"target\":[\"https:\/\/almarental.media\/renta-equipo-cine-television-comerciales\/cotiza\/convertidores\/decimator-dmon-quad-4-channel-3g-sdi-multiviewer\/\"]}]},{\"@type\":\"BreadcrumbList\",\"@id\":\"https:\/\/almarental.media\/renta-equipo-cine-television-comerciales\/cotiza\/convertidores\/decimator-dmon-quad-4-channel-3g-sdi-multiviewer\/#breadcrumb\",\"itemListElement\":[{\"@type\":\"ListItem\",\"position\":1,\"name\":\"Portada\",\"item\":\"https:\/\/almarental.media\/renta-equipo-cine-television-comerciales\/\"},{\"@type\":\"ListItem\",\"position\":2,\"name\":\"Productos\",\"item\":\"https:\/\/almarental.media\/renta-equipo-cine-television-comerciales\/cotiza\/\"},{\"@type\":\"ListItem\",\"position\":3,\"name\":\"DECIMATOR DMON-QUAD 4-Channel 3G-SDI Multiviewer\"}]}]}<\/script>\n<!-- \/ Yoast SEO plugin. -->","yoast_head_json":{"title":"DECIMATOR DMON-QUAD 4-Channel 3G-SDI Multiviewer - Renta de equipo para cine, televisi\u00f3n y comerciales","robots":{"index":"index","follow":"follow","max-snippet":"max-snippet:-1","max-image-preview":"max-image-preview:large","max-video-preview":"max-video-preview:-1"},"canonical":"https:\/\/almarental.media\/renta-equipo-cine-television-comerciales\/cotiza\/convertidores\/decimator-dmon-quad-4-channel-3g-sdi-multiviewer\/","og_locale":"es_ES","og_type":"article","og_title":"DECIMATOR DMON-QUAD 4-Channel 3G-SDI Multiviewer - Renta de equipo para cine, televisi\u00f3n y comerciales","og_description":"Main Specs:  El dise\u00f1o de decimator dmon-4s Quad (3G\/HD\/SD) -sdi a HDMI multiviewer y convertidor es un convertidor realmente port\u00e1til, que incorpora nuestro nuevo sistema de control f\u00e1cil de usar visualizaci\u00f3n LCD y bot\u00f3n.","og_url":"https:\/\/almarental.media\/renta-equipo-cine-television-comerciales\/cotiza\/convertidores\/decimator-dmon-quad-4-channel-3g-sdi-multiviewer\/","og_site_name":"Renta de equipo para cine, televisi\u00f3n y comerciales","article_modified_time":"2022-06-14T17:40:03+00:00","og_image":[{"width":1000,"height":1000,"url":"https:\/\/almarental.media\/renta-equipo-cine-television-comerciales\/wp-content\/uploads\/2022\/06\/Renta-de-convertidores-DECIMATOR-DMON-QUAD-4-Channel-3G-SDI-Multiviewer.png","type":"image\/png"}],"twitter_card":"summary_large_image","schema":{"@context":"https:\/\/schema.org","@graph":[{"@type":"WebSite","@id":"https:\/\/almarental.media\/renta-equipo-cine-television-comerciales\/#website","url":"https:\/\/almarental.media\/renta-equipo-cine-television-comerciales\/","name":"Renta de equipo para cine, televisi\u00f3n y comerciales","description":"Casa de renta de equipo profesional para proyectos audiovisuales, DIT (digital image technician), Data y video en M\u00e9xico.","potentialAction":[{"@type":"SearchAction","target":{"@type":"EntryPoint","urlTemplate":"https:\/\/almarental.media\/renta-equipo-cine-television-comerciales\/?s={search_term_string}"},"query-input":"required name=search_term_string"}],"inLanguage":"es"},{"@type":"ImageObject","inLanguage":"es","@id":"https:\/\/almarental.media\/renta-equipo-cine-television-comerciales\/cotiza\/convertidores\/decimator-dmon-quad-4-channel-3g-sdi-multiviewer\/#primaryimage","url":"https:\/\/almarental.media\/renta-equipo-cine-television-comerciales\/wp-content\/uploads\/2022\/06\/Renta-de-convertidores-DECIMATOR-DMON-QUAD-4-Channel-3G-SDI-Multiviewer.png","contentUrl":"https:\/\/almarental.media\/renta-equipo-cine-television-comerciales\/wp-content\/uploads\/2022\/06\/Renta-de-convertidores-DECIMATOR-DMON-QUAD-4-Channel-3G-SDI-Multiviewer.png","width":1000,"height":1000,"caption":"Renta de convertidores DECIMATOR DMON-QUAD 4-Channel 3G-SDI Multiviewer"},{"@type":"WebPage","@id":"https:\/\/almarental.media\/renta-equipo-cine-television-comerciales\/cotiza\/convertidores\/decimator-dmon-quad-4-channel-3g-sdi-multiviewer\/#webpage","url":"https:\/\/almarental.media\/renta-equipo-cine-television-comerciales\/cotiza\/convertidores\/decimator-dmon-quad-4-channel-3g-sdi-multiviewer\/","name":"DECIMATOR DMON-QUAD 4-Channel 3G-SDI Multiviewer - Renta de equipo para cine, televisi\u00f3n y comerciales","isPartOf":{"@id":"https:\/\/almarental.media\/renta-equipo-cine-television-comerciales\/#website"},"primaryImageOfPage":{"@id":"https:\/\/almarental.media\/renta-equipo-cine-television-comerciales\/cotiza\/convertidores\/decimator-dmon-quad-4-channel-3g-sdi-multiviewer\/#primaryimage"},"datePublished":"2022-06-14T17:39:40+00:00","dateModified":"2022-06-14T17:40:03+00:00","breadcrumb":{"@id":"https:\/\/almarental.media\/renta-equipo-cine-television-comerciales\/cotiza\/convertidores\/decimator-dmon-quad-4-channel-3g-sdi-multiviewer\/#breadcrumb"},"inLanguage":"es","potentialAction":[{"@type":"ReadAction","target":["https:\/\/almarental.media\/renta-equipo-cine-television-comerciales\/cotiza\/convertidores\/decimator-dmon-quad-4-channel-3g-sdi-multiviewer\/"]}]},{"@type":"BreadcrumbList","@id":"https:\/\/almarental.media\/renta-equipo-cine-television-comerciales\/cotiza\/convertidores\/decimator-dmon-quad-4-channel-3g-sdi-multiviewer\/#breadcrumb","itemListElement":[{"@type":"ListItem","position":1,"name":"Portada","item":"https:\/\/almarental.media\/renta-equipo-cine-television-comerciales\/"},{"@type":"ListItem","position":2,"name":"Productos","item":"https:\/\/almarental.media\/renta-equipo-cine-television-comerciales\/cotiza\/"},{"@type":"ListItem","position":3,"name":"DECIMATOR DMON-QUAD 4-Channel 3G-SDI Multiviewer"}]}]}},"_links":{"self":[{"href":"https:\/\/almarental.media\/renta-equipo-cine-television-comerciales\/wp-json\/wp\/v2\/product\/982","targetHints":{"allow":["GET"]}}],"collection":[{"href":"https:\/\/almarental.media\/renta-equipo-cine-television-comerciales\/wp-json\/wp\/v2\/product"}],"about":[{"href":"https:\/\/almarental.media\/renta-equipo-cine-television-comerciales\/wp-json\/wp\/v2\/types\/product"}],"replies":[{"embeddable":true,"href":"https:\/\/almarental.media\/renta-equipo-cine-television-comerciales\/wp-json\/wp\/v2\/comments?post=982"}],"wp:featuredmedia":[{"embeddable":true,"href":"https:\/\/almarental.media\/renta-equipo-cine-television-comerciales\/wp-json\/wp\/v2\/media\/983"}],"wp:attachment":[{"href":"https:\/\/almarental.media\/renta-equipo-cine-television-comerciales\/wp-json\/wp\/v2\/media?parent=982"}],"wp:term":[{"taxonomy":"product_cat","embeddable":true,"href":"https:\/\/almarental.media\/renta-equipo-cine-television-comerciales\/wp-json\/wp\/v2\/product_cat?post=982"},{"taxonomy":"product_tag","embeddable":true,"href":"https:\/\/almarental.media\/renta-equipo-cine-television-comerciales\/wp-json\/wp\/v2\/product_tag?post=982"}],"curies":[{"name":"wp","href":"https:\/\/api.w.org\/{rel}","templated":true}]}}