{"id":979,"date":"2022-06-14T17:34:55","date_gmt":"2022-06-14T17:34:55","guid":{"rendered":"https:\/\/almarental.media\/renta-equipo-cine-television-comerciales\/?post_type=product&#038;p=979"},"modified":"2022-06-14T17:35:23","modified_gmt":"2022-06-14T17:35:23","slug":"decimator-md-lx-hdmi-sdi-converter","status":"publish","type":"product","link":"https:\/\/almarental.media\/renta-equipo-cine-television-comerciales\/cotiza\/convertidores\/decimator-md-lx-hdmi-sdi-converter\/","title":{"rendered":"DECIMATOR\u00a0MD-LX HDMI\/SDI Converter"},"content":{"rendered":"<p>El DECIMATOR MD-LX es un convertidor bidireccional de bolsillo con una entrada y salida HDMI en un lado y entrada y salida 3G\/HD\/SD-SDI en el otro. Admite una resoluci\u00f3n de hasta 1080p60 y ofrece m\u00faltiples modos de conversi\u00f3n de entrada\/salida. El convertidor MD-LX tambi\u00e9n se puede controlar a trav\u00e9s de USB en aplicaciones Mac\/Windows.<\/p>\n","protected":false},"excerpt":{"rendered":"<p><strong><img loading=\"lazy\" decoding=\"async\" class=\"alignnone size-full wp-image-980\" src=\"https:\/\/almarental.media\/renta-equipo-cine-television-comerciales\/wp-content\/uploads\/2022\/06\/renta-de-equipos-decimator.png\" alt=\"renta de equipos decimator\" width=\"139\" height=\"55\" \/><\/strong><\/p>\n<p><strong>Main Specs:<\/strong><\/p>\n<ul class=\"a-unordered-list a-vertical a-spacing-mini\">\n<li><span class=\"a-list-item\">Selecci\u00f3n autom\u00e1tica: entrada activa a todas las salidas \/ o SDI a HDMI y HDMI a SDI si ambas entradas est\u00e1n activas<\/span><\/li>\n<li><span class=\"a-list-item\">Entrada HDMI a salida SDI y entrada SDI a salida HDMI<\/span><\/li>\n<li><span class=\"a-list-item\">Entrada SDI a salidas HDMI y SDI<\/span><\/li>\n<li><span class=\"a-list-item\">Entrada HDMI a salidas HDMI y SDI<\/span><\/li>\n<li><span class=\"a-list-item\">Soporta nivel 3G A y B y permite la conversi\u00f3n entre ambos<\/span><\/li>\n<\/ul>\n","protected":false},"featured_media":981,"comment_status":"open","ping_status":"closed","template":"","meta":[],"product_cat":[31],"product_tag":[],"class_list":["post-979","product","type-product","status-publish","has-post-thumbnail","hentry","product_cat-convertidores","description-off"],"yoast_head":"<!-- This site is optimized with the Yoast SEO plugin v19.1 - https:\/\/yoast.com\/wordpress\/plugins\/seo\/ -->\n<title>DECIMATOR\u00a0MD-LX HDMI\/SDI Converter - Renta de equipo para cine, televisi\u00f3n y comerciales<\/title>\n<meta name=\"robots\" content=\"index, follow, max-snippet:-1, max-image-preview:large, max-video-preview:-1\" \/>\n<link rel=\"canonical\" href=\"https:\/\/almarental.media\/renta-equipo-cine-television-comerciales\/cotiza\/convertidores\/decimator-md-lx-hdmi-sdi-converter\/\" \/>\n<meta property=\"og:locale\" content=\"es_ES\" \/>\n<meta property=\"og:type\" content=\"article\" \/>\n<meta property=\"og:title\" content=\"DECIMATOR\u00a0MD-LX HDMI\/SDI Converter - Renta de equipo para cine, televisi\u00f3n y comerciales\" \/>\n<meta property=\"og:description\" content=\"Main Specs:   Selecci\u00f3n autom\u00e1tica: entrada activa a todas las salidas \/ o SDI a HDMI y HDMI a SDI si ambas entradas est\u00e1n activas  Entrada HDMI a salida SDI y entrada SDI a salida HDMI  Entrada SDI a salidas HDMI y SDI  Entrada HDMI a salidas HDMI y SDI  Soporta nivel 3G A y B y permite la conversi\u00f3n entre ambos\" \/>\n<meta property=\"og:url\" content=\"https:\/\/almarental.media\/renta-equipo-cine-television-comerciales\/cotiza\/convertidores\/decimator-md-lx-hdmi-sdi-converter\/\" \/>\n<meta property=\"og:site_name\" content=\"Renta de equipo para cine, televisi\u00f3n y comerciales\" \/>\n<meta property=\"article:modified_time\" content=\"2022-06-14T17:35:23+00:00\" \/>\n<meta property=\"og:image\" content=\"https:\/\/almarental.media\/renta-equipo-cine-television-comerciales\/wp-content\/uploads\/2022\/06\/Renta-de-convertidores-DECIMATOR-MD-LX-HDMI-SDI-Converter.png\" \/>\n\t<meta property=\"og:image:width\" content=\"1000\" \/>\n\t<meta property=\"og:image:height\" content=\"1000\" \/>\n\t<meta property=\"og:image:type\" content=\"image\/png\" \/>\n<meta name=\"twitter:card\" content=\"summary_large_image\" \/>\n<script type=\"application\/ld+json\" class=\"yoast-schema-graph\">{\"@context\":\"https:\/\/schema.org\",\"@graph\":[{\"@type\":\"WebSite\",\"@id\":\"https:\/\/almarental.media\/renta-equipo-cine-television-comerciales\/#website\",\"url\":\"https:\/\/almarental.media\/renta-equipo-cine-television-comerciales\/\",\"name\":\"Renta de equipo para cine, televisi\u00f3n y comerciales\",\"description\":\"Casa de renta de equipo profesional para proyectos audiovisuales, DIT (digital image technician), Data y video en M\u00e9xico.\",\"potentialAction\":[{\"@type\":\"SearchAction\",\"target\":{\"@type\":\"EntryPoint\",\"urlTemplate\":\"https:\/\/almarental.media\/renta-equipo-cine-television-comerciales\/?s={search_term_string}\"},\"query-input\":\"required name=search_term_string\"}],\"inLanguage\":\"es\"},{\"@type\":\"ImageObject\",\"inLanguage\":\"es\",\"@id\":\"https:\/\/almarental.media\/renta-equipo-cine-television-comerciales\/cotiza\/convertidores\/decimator-md-lx-hdmi-sdi-converter\/#primaryimage\",\"url\":\"https:\/\/almarental.media\/renta-equipo-cine-television-comerciales\/wp-content\/uploads\/2022\/06\/Renta-de-convertidores-DECIMATOR-MD-LX-HDMI-SDI-Converter.png\",\"contentUrl\":\"https:\/\/almarental.media\/renta-equipo-cine-television-comerciales\/wp-content\/uploads\/2022\/06\/Renta-de-convertidores-DECIMATOR-MD-LX-HDMI-SDI-Converter.png\",\"width\":1000,\"height\":1000,\"caption\":\"Renta de convertidores DECIMATOR\u00a0MD-LX HDMI SDI Converter\"},{\"@type\":\"WebPage\",\"@id\":\"https:\/\/almarental.media\/renta-equipo-cine-television-comerciales\/cotiza\/convertidores\/decimator-md-lx-hdmi-sdi-converter\/#webpage\",\"url\":\"https:\/\/almarental.media\/renta-equipo-cine-television-comerciales\/cotiza\/convertidores\/decimator-md-lx-hdmi-sdi-converter\/\",\"name\":\"DECIMATOR\u00a0MD-LX HDMI\/SDI Converter - Renta de equipo para cine, televisi\u00f3n y comerciales\",\"isPartOf\":{\"@id\":\"https:\/\/almarental.media\/renta-equipo-cine-television-comerciales\/#website\"},\"primaryImageOfPage\":{\"@id\":\"https:\/\/almarental.media\/renta-equipo-cine-television-comerciales\/cotiza\/convertidores\/decimator-md-lx-hdmi-sdi-converter\/#primaryimage\"},\"datePublished\":\"2022-06-14T17:34:55+00:00\",\"dateModified\":\"2022-06-14T17:35:23+00:00\",\"breadcrumb\":{\"@id\":\"https:\/\/almarental.media\/renta-equipo-cine-television-comerciales\/cotiza\/convertidores\/decimator-md-lx-hdmi-sdi-converter\/#breadcrumb\"},\"inLanguage\":\"es\",\"potentialAction\":[{\"@type\":\"ReadAction\",\"target\":[\"https:\/\/almarental.media\/renta-equipo-cine-television-comerciales\/cotiza\/convertidores\/decimator-md-lx-hdmi-sdi-converter\/\"]}]},{\"@type\":\"BreadcrumbList\",\"@id\":\"https:\/\/almarental.media\/renta-equipo-cine-television-comerciales\/cotiza\/convertidores\/decimator-md-lx-hdmi-sdi-converter\/#breadcrumb\",\"itemListElement\":[{\"@type\":\"ListItem\",\"position\":1,\"name\":\"Portada\",\"item\":\"https:\/\/almarental.media\/renta-equipo-cine-television-comerciales\/\"},{\"@type\":\"ListItem\",\"position\":2,\"name\":\"Productos\",\"item\":\"https:\/\/almarental.media\/renta-equipo-cine-television-comerciales\/cotiza\/\"},{\"@type\":\"ListItem\",\"position\":3,\"name\":\"DECIMATOR\u00a0MD-LX HDMI\/SDI Converter\"}]}]}<\/script>\n<!-- \/ Yoast SEO plugin. -->","yoast_head_json":{"title":"DECIMATOR\u00a0MD-LX HDMI\/SDI Converter - Renta de equipo para cine, televisi\u00f3n y comerciales","robots":{"index":"index","follow":"follow","max-snippet":"max-snippet:-1","max-image-preview":"max-image-preview:large","max-video-preview":"max-video-preview:-1"},"canonical":"https:\/\/almarental.media\/renta-equipo-cine-television-comerciales\/cotiza\/convertidores\/decimator-md-lx-hdmi-sdi-converter\/","og_locale":"es_ES","og_type":"article","og_title":"DECIMATOR\u00a0MD-LX HDMI\/SDI Converter - Renta de equipo para cine, televisi\u00f3n y comerciales","og_description":"Main Specs:   Selecci\u00f3n autom\u00e1tica: entrada activa a todas las salidas \/ o SDI a HDMI y HDMI a SDI si ambas entradas est\u00e1n activas  Entrada HDMI a salida SDI y entrada SDI a salida HDMI  Entrada SDI a salidas HDMI y SDI  Entrada HDMI a salidas HDMI y SDI  Soporta nivel 3G A y B y permite la conversi\u00f3n entre ambos","og_url":"https:\/\/almarental.media\/renta-equipo-cine-television-comerciales\/cotiza\/convertidores\/decimator-md-lx-hdmi-sdi-converter\/","og_site_name":"Renta de equipo para cine, televisi\u00f3n y comerciales","article_modified_time":"2022-06-14T17:35:23+00:00","og_image":[{"width":1000,"height":1000,"url":"https:\/\/almarental.media\/renta-equipo-cine-television-comerciales\/wp-content\/uploads\/2022\/06\/Renta-de-convertidores-DECIMATOR-MD-LX-HDMI-SDI-Converter.png","type":"image\/png"}],"twitter_card":"summary_large_image","schema":{"@context":"https:\/\/schema.org","@graph":[{"@type":"WebSite","@id":"https:\/\/almarental.media\/renta-equipo-cine-television-comerciales\/#website","url":"https:\/\/almarental.media\/renta-equipo-cine-television-comerciales\/","name":"Renta de equipo para cine, televisi\u00f3n y comerciales","description":"Casa de renta de equipo profesional para proyectos audiovisuales, DIT (digital image technician), Data y video en M\u00e9xico.","potentialAction":[{"@type":"SearchAction","target":{"@type":"EntryPoint","urlTemplate":"https:\/\/almarental.media\/renta-equipo-cine-television-comerciales\/?s={search_term_string}"},"query-input":"required name=search_term_string"}],"inLanguage":"es"},{"@type":"ImageObject","inLanguage":"es","@id":"https:\/\/almarental.media\/renta-equipo-cine-television-comerciales\/cotiza\/convertidores\/decimator-md-lx-hdmi-sdi-converter\/#primaryimage","url":"https:\/\/almarental.media\/renta-equipo-cine-television-comerciales\/wp-content\/uploads\/2022\/06\/Renta-de-convertidores-DECIMATOR-MD-LX-HDMI-SDI-Converter.png","contentUrl":"https:\/\/almarental.media\/renta-equipo-cine-television-comerciales\/wp-content\/uploads\/2022\/06\/Renta-de-convertidores-DECIMATOR-MD-LX-HDMI-SDI-Converter.png","width":1000,"height":1000,"caption":"Renta de convertidores DECIMATOR\u00a0MD-LX HDMI SDI Converter"},{"@type":"WebPage","@id":"https:\/\/almarental.media\/renta-equipo-cine-television-comerciales\/cotiza\/convertidores\/decimator-md-lx-hdmi-sdi-converter\/#webpage","url":"https:\/\/almarental.media\/renta-equipo-cine-television-comerciales\/cotiza\/convertidores\/decimator-md-lx-hdmi-sdi-converter\/","name":"DECIMATOR\u00a0MD-LX HDMI\/SDI Converter - Renta de equipo para cine, televisi\u00f3n y comerciales","isPartOf":{"@id":"https:\/\/almarental.media\/renta-equipo-cine-television-comerciales\/#website"},"primaryImageOfPage":{"@id":"https:\/\/almarental.media\/renta-equipo-cine-television-comerciales\/cotiza\/convertidores\/decimator-md-lx-hdmi-sdi-converter\/#primaryimage"},"datePublished":"2022-06-14T17:34:55+00:00","dateModified":"2022-06-14T17:35:23+00:00","breadcrumb":{"@id":"https:\/\/almarental.media\/renta-equipo-cine-television-comerciales\/cotiza\/convertidores\/decimator-md-lx-hdmi-sdi-converter\/#breadcrumb"},"inLanguage":"es","potentialAction":[{"@type":"ReadAction","target":["https:\/\/almarental.media\/renta-equipo-cine-television-comerciales\/cotiza\/convertidores\/decimator-md-lx-hdmi-sdi-converter\/"]}]},{"@type":"BreadcrumbList","@id":"https:\/\/almarental.media\/renta-equipo-cine-television-comerciales\/cotiza\/convertidores\/decimator-md-lx-hdmi-sdi-converter\/#breadcrumb","itemListElement":[{"@type":"ListItem","position":1,"name":"Portada","item":"https:\/\/almarental.media\/renta-equipo-cine-television-comerciales\/"},{"@type":"ListItem","position":2,"name":"Productos","item":"https:\/\/almarental.media\/renta-equipo-cine-television-comerciales\/cotiza\/"},{"@type":"ListItem","position":3,"name":"DECIMATOR\u00a0MD-LX HDMI\/SDI Converter"}]}]}},"_links":{"self":[{"href":"https:\/\/almarental.media\/renta-equipo-cine-television-comerciales\/wp-json\/wp\/v2\/product\/979","targetHints":{"allow":["GET"]}}],"collection":[{"href":"https:\/\/almarental.media\/renta-equipo-cine-television-comerciales\/wp-json\/wp\/v2\/product"}],"about":[{"href":"https:\/\/almarental.media\/renta-equipo-cine-television-comerciales\/wp-json\/wp\/v2\/types\/product"}],"replies":[{"embeddable":true,"href":"https:\/\/almarental.media\/renta-equipo-cine-television-comerciales\/wp-json\/wp\/v2\/comments?post=979"}],"wp:featuredmedia":[{"embeddable":true,"href":"https:\/\/almarental.media\/renta-equipo-cine-television-comerciales\/wp-json\/wp\/v2\/media\/981"}],"wp:attachment":[{"href":"https:\/\/almarental.media\/renta-equipo-cine-television-comerciales\/wp-json\/wp\/v2\/media?parent=979"}],"wp:term":[{"taxonomy":"product_cat","embeddable":true,"href":"https:\/\/almarental.media\/renta-equipo-cine-television-comerciales\/wp-json\/wp\/v2\/product_cat?post=979"},{"taxonomy":"product_tag","embeddable":true,"href":"https:\/\/almarental.media\/renta-equipo-cine-television-comerciales\/wp-json\/wp\/v2\/product_tag?post=979"}],"curies":[{"name":"wp","href":"https:\/\/api.w.org\/{rel}","templated":true}]}}