{"id":976,"date":"2022-06-14T17:20:24","date_gmt":"2022-06-14T17:20:24","guid":{"rendered":"https:\/\/almarental.media\/renta-equipo-cine-television-comerciales\/?post_type=product&#038;p=976"},"modified":"2022-06-14T17:20:35","modified_gmt":"2022-06-14T17:20:35","slug":"anton-bauer-dual-digital-90-with-twin-charger-kit","status":"publish","type":"product","link":"https:\/\/almarental.media\/renta-equipo-cine-television-comerciales\/cotiza\/accesorios\/anton-bauer-dual-digital-90-with-twin-charger-kit\/","title":{"rendered":"Anton Bauer Dual Digital 90 with TWIN Charger Kit"},"content":{"rendered":"<p>El kit Anton-Bauer Digital 90 con cargador r\u00e1pido B&amp;H incluye dos bater\u00edas Digital 90 para alimentar videoc\u00e1maras y accesorios m\u00e1s grandes. Ambas bater\u00edas se pueden cargar simult\u00e1neamente con el cargador TWIN compacto que se coloca entre ambas bater\u00edas para ahorrar espacio.<\/p>\n","protected":false},"excerpt":{"rendered":"<p><strong><img loading=\"lazy\" decoding=\"async\" class=\"alignnone size-full wp-image-977\" src=\"https:\/\/almarental.media\/renta-equipo-cine-television-comerciales\/wp-content\/uploads\/2022\/06\/renta-de-equipos-anton-bauer.png\" alt=\"renta de equipos anton bauer\" width=\"149\" height=\"45\" \/><\/strong><\/p>\n<p><strong>Main Specs:<\/strong><\/p>\n<ul class=\"list_OMS5rN7R1Z\">\n<li class=\"listItem_OMS5rN7R1Z\" data-selenium=\"sellingPointsListItem\">Digital 90 Li-Ion Batteries<\/li>\n<li class=\"listItem_OMS5rN7R1Z\" data-selenium=\"sellingPointsListItem\">60W Portable TWIN Charger<\/li>\n<\/ul>\n","protected":false},"featured_media":978,"comment_status":"open","ping_status":"closed","template":"","meta":[],"product_cat":[30],"product_tag":[],"class_list":["post-976","product","type-product","status-publish","has-post-thumbnail","hentry","product_cat-accesorios","description-off"],"yoast_head":"<!-- This site is optimized with the Yoast SEO plugin v19.1 - https:\/\/yoast.com\/wordpress\/plugins\/seo\/ -->\n<title>Anton Bauer Dual Digital 90 with TWIN Charger Kit - Renta de equipo para cine, televisi\u00f3n y comerciales<\/title>\n<meta name=\"robots\" content=\"index, follow, max-snippet:-1, max-image-preview:large, max-video-preview:-1\" \/>\n<link rel=\"canonical\" href=\"https:\/\/almarental.media\/renta-equipo-cine-television-comerciales\/cotiza\/accesorios\/anton-bauer-dual-digital-90-with-twin-charger-kit\/\" \/>\n<meta property=\"og:locale\" content=\"es_ES\" \/>\n<meta property=\"og:type\" content=\"article\" \/>\n<meta property=\"og:title\" content=\"Anton Bauer Dual Digital 90 with TWIN Charger Kit - Renta de equipo para cine, televisi\u00f3n y comerciales\" \/>\n<meta property=\"og:description\" content=\"Main Specs:   Digital 90 Li-Ion Batteries  60W Portable TWIN Charger\" \/>\n<meta property=\"og:url\" content=\"https:\/\/almarental.media\/renta-equipo-cine-television-comerciales\/cotiza\/accesorios\/anton-bauer-dual-digital-90-with-twin-charger-kit\/\" \/>\n<meta property=\"og:site_name\" content=\"Renta de equipo para cine, televisi\u00f3n y comerciales\" \/>\n<meta property=\"article:modified_time\" content=\"2022-06-14T17:20:35+00:00\" \/>\n<meta property=\"og:image\" content=\"https:\/\/almarental.media\/renta-equipo-cine-television-comerciales\/wp-content\/uploads\/2022\/06\/accesorios-para-producciones-filmicas-comerciales-peliculas-y-series-Anton-Bauer.png\" \/>\n\t<meta property=\"og:image:width\" content=\"1000\" \/>\n\t<meta property=\"og:image:height\" content=\"1000\" \/>\n\t<meta property=\"og:image:type\" content=\"image\/png\" \/>\n<meta name=\"twitter:card\" content=\"summary_large_image\" \/>\n<meta name=\"twitter:label1\" content=\"Tiempo de lectura\" \/>\n\t<meta name=\"twitter:data1\" content=\"1 minuto\" \/>\n<script type=\"application\/ld+json\" class=\"yoast-schema-graph\">{\"@context\":\"https:\/\/schema.org\",\"@graph\":[{\"@type\":\"WebSite\",\"@id\":\"https:\/\/almarental.media\/renta-equipo-cine-television-comerciales\/#website\",\"url\":\"https:\/\/almarental.media\/renta-equipo-cine-television-comerciales\/\",\"name\":\"Renta de equipo para cine, televisi\u00f3n y comerciales\",\"description\":\"Casa de renta de equipo profesional para proyectos audiovisuales, DIT (digital image technician), Data y video en M\u00e9xico.\",\"potentialAction\":[{\"@type\":\"SearchAction\",\"target\":{\"@type\":\"EntryPoint\",\"urlTemplate\":\"https:\/\/almarental.media\/renta-equipo-cine-television-comerciales\/?s={search_term_string}\"},\"query-input\":\"required name=search_term_string\"}],\"inLanguage\":\"es\"},{\"@type\":\"ImageObject\",\"inLanguage\":\"es\",\"@id\":\"https:\/\/almarental.media\/renta-equipo-cine-television-comerciales\/cotiza\/accesorios\/anton-bauer-dual-digital-90-with-twin-charger-kit\/#primaryimage\",\"url\":\"https:\/\/almarental.media\/renta-equipo-cine-television-comerciales\/wp-content\/uploads\/2022\/06\/accesorios-para-producciones-filmicas-comerciales-peliculas-y-series-Anton-Bauer.png\",\"contentUrl\":\"https:\/\/almarental.media\/renta-equipo-cine-television-comerciales\/wp-content\/uploads\/2022\/06\/accesorios-para-producciones-filmicas-comerciales-peliculas-y-series-Anton-Bauer.png\",\"width\":1000,\"height\":1000,\"caption\":\"accesorios para producciones filmicas comerciales peliculas y series Anton-Bauer\"},{\"@type\":\"WebPage\",\"@id\":\"https:\/\/almarental.media\/renta-equipo-cine-television-comerciales\/cotiza\/accesorios\/anton-bauer-dual-digital-90-with-twin-charger-kit\/#webpage\",\"url\":\"https:\/\/almarental.media\/renta-equipo-cine-television-comerciales\/cotiza\/accesorios\/anton-bauer-dual-digital-90-with-twin-charger-kit\/\",\"name\":\"Anton Bauer Dual Digital 90 with TWIN Charger Kit - Renta de equipo para cine, televisi\u00f3n y comerciales\",\"isPartOf\":{\"@id\":\"https:\/\/almarental.media\/renta-equipo-cine-television-comerciales\/#website\"},\"primaryImageOfPage\":{\"@id\":\"https:\/\/almarental.media\/renta-equipo-cine-television-comerciales\/cotiza\/accesorios\/anton-bauer-dual-digital-90-with-twin-charger-kit\/#primaryimage\"},\"datePublished\":\"2022-06-14T17:20:24+00:00\",\"dateModified\":\"2022-06-14T17:20:35+00:00\",\"breadcrumb\":{\"@id\":\"https:\/\/almarental.media\/renta-equipo-cine-television-comerciales\/cotiza\/accesorios\/anton-bauer-dual-digital-90-with-twin-charger-kit\/#breadcrumb\"},\"inLanguage\":\"es\",\"potentialAction\":[{\"@type\":\"ReadAction\",\"target\":[\"https:\/\/almarental.media\/renta-equipo-cine-television-comerciales\/cotiza\/accesorios\/anton-bauer-dual-digital-90-with-twin-charger-kit\/\"]}]},{\"@type\":\"BreadcrumbList\",\"@id\":\"https:\/\/almarental.media\/renta-equipo-cine-television-comerciales\/cotiza\/accesorios\/anton-bauer-dual-digital-90-with-twin-charger-kit\/#breadcrumb\",\"itemListElement\":[{\"@type\":\"ListItem\",\"position\":1,\"name\":\"Portada\",\"item\":\"https:\/\/almarental.media\/renta-equipo-cine-television-comerciales\/\"},{\"@type\":\"ListItem\",\"position\":2,\"name\":\"Productos\",\"item\":\"https:\/\/almarental.media\/renta-equipo-cine-television-comerciales\/cotiza\/\"},{\"@type\":\"ListItem\",\"position\":3,\"name\":\"Anton Bauer Dual Digital 90 with TWIN Charger Kit\"}]}]}<\/script>\n<!-- \/ Yoast SEO plugin. -->","yoast_head_json":{"title":"Anton Bauer Dual Digital 90 with TWIN Charger Kit - Renta de equipo para cine, televisi\u00f3n y comerciales","robots":{"index":"index","follow":"follow","max-snippet":"max-snippet:-1","max-image-preview":"max-image-preview:large","max-video-preview":"max-video-preview:-1"},"canonical":"https:\/\/almarental.media\/renta-equipo-cine-television-comerciales\/cotiza\/accesorios\/anton-bauer-dual-digital-90-with-twin-charger-kit\/","og_locale":"es_ES","og_type":"article","og_title":"Anton Bauer Dual Digital 90 with TWIN Charger Kit - Renta de equipo para cine, televisi\u00f3n y comerciales","og_description":"Main Specs:   Digital 90 Li-Ion Batteries  60W Portable TWIN Charger","og_url":"https:\/\/almarental.media\/renta-equipo-cine-television-comerciales\/cotiza\/accesorios\/anton-bauer-dual-digital-90-with-twin-charger-kit\/","og_site_name":"Renta de equipo para cine, televisi\u00f3n y comerciales","article_modified_time":"2022-06-14T17:20:35+00:00","og_image":[{"width":1000,"height":1000,"url":"https:\/\/almarental.media\/renta-equipo-cine-television-comerciales\/wp-content\/uploads\/2022\/06\/accesorios-para-producciones-filmicas-comerciales-peliculas-y-series-Anton-Bauer.png","type":"image\/png"}],"twitter_card":"summary_large_image","twitter_misc":{"Tiempo de lectura":"1 minuto"},"schema":{"@context":"https:\/\/schema.org","@graph":[{"@type":"WebSite","@id":"https:\/\/almarental.media\/renta-equipo-cine-television-comerciales\/#website","url":"https:\/\/almarental.media\/renta-equipo-cine-television-comerciales\/","name":"Renta de equipo para cine, televisi\u00f3n y comerciales","description":"Casa de renta de equipo profesional para proyectos audiovisuales, DIT (digital image technician), Data y video en M\u00e9xico.","potentialAction":[{"@type":"SearchAction","target":{"@type":"EntryPoint","urlTemplate":"https:\/\/almarental.media\/renta-equipo-cine-television-comerciales\/?s={search_term_string}"},"query-input":"required name=search_term_string"}],"inLanguage":"es"},{"@type":"ImageObject","inLanguage":"es","@id":"https:\/\/almarental.media\/renta-equipo-cine-television-comerciales\/cotiza\/accesorios\/anton-bauer-dual-digital-90-with-twin-charger-kit\/#primaryimage","url":"https:\/\/almarental.media\/renta-equipo-cine-television-comerciales\/wp-content\/uploads\/2022\/06\/accesorios-para-producciones-filmicas-comerciales-peliculas-y-series-Anton-Bauer.png","contentUrl":"https:\/\/almarental.media\/renta-equipo-cine-television-comerciales\/wp-content\/uploads\/2022\/06\/accesorios-para-producciones-filmicas-comerciales-peliculas-y-series-Anton-Bauer.png","width":1000,"height":1000,"caption":"accesorios para producciones filmicas comerciales peliculas y series Anton-Bauer"},{"@type":"WebPage","@id":"https:\/\/almarental.media\/renta-equipo-cine-television-comerciales\/cotiza\/accesorios\/anton-bauer-dual-digital-90-with-twin-charger-kit\/#webpage","url":"https:\/\/almarental.media\/renta-equipo-cine-television-comerciales\/cotiza\/accesorios\/anton-bauer-dual-digital-90-with-twin-charger-kit\/","name":"Anton Bauer Dual Digital 90 with TWIN Charger Kit - Renta de equipo para cine, televisi\u00f3n y comerciales","isPartOf":{"@id":"https:\/\/almarental.media\/renta-equipo-cine-television-comerciales\/#website"},"primaryImageOfPage":{"@id":"https:\/\/almarental.media\/renta-equipo-cine-television-comerciales\/cotiza\/accesorios\/anton-bauer-dual-digital-90-with-twin-charger-kit\/#primaryimage"},"datePublished":"2022-06-14T17:20:24+00:00","dateModified":"2022-06-14T17:20:35+00:00","breadcrumb":{"@id":"https:\/\/almarental.media\/renta-equipo-cine-television-comerciales\/cotiza\/accesorios\/anton-bauer-dual-digital-90-with-twin-charger-kit\/#breadcrumb"},"inLanguage":"es","potentialAction":[{"@type":"ReadAction","target":["https:\/\/almarental.media\/renta-equipo-cine-television-comerciales\/cotiza\/accesorios\/anton-bauer-dual-digital-90-with-twin-charger-kit\/"]}]},{"@type":"BreadcrumbList","@id":"https:\/\/almarental.media\/renta-equipo-cine-television-comerciales\/cotiza\/accesorios\/anton-bauer-dual-digital-90-with-twin-charger-kit\/#breadcrumb","itemListElement":[{"@type":"ListItem","position":1,"name":"Portada","item":"https:\/\/almarental.media\/renta-equipo-cine-television-comerciales\/"},{"@type":"ListItem","position":2,"name":"Productos","item":"https:\/\/almarental.media\/renta-equipo-cine-television-comerciales\/cotiza\/"},{"@type":"ListItem","position":3,"name":"Anton Bauer Dual Digital 90 with TWIN Charger Kit"}]}]}},"_links":{"self":[{"href":"https:\/\/almarental.media\/renta-equipo-cine-television-comerciales\/wp-json\/wp\/v2\/product\/976","targetHints":{"allow":["GET"]}}],"collection":[{"href":"https:\/\/almarental.media\/renta-equipo-cine-television-comerciales\/wp-json\/wp\/v2\/product"}],"about":[{"href":"https:\/\/almarental.media\/renta-equipo-cine-television-comerciales\/wp-json\/wp\/v2\/types\/product"}],"replies":[{"embeddable":true,"href":"https:\/\/almarental.media\/renta-equipo-cine-television-comerciales\/wp-json\/wp\/v2\/comments?post=976"}],"wp:featuredmedia":[{"embeddable":true,"href":"https:\/\/almarental.media\/renta-equipo-cine-television-comerciales\/wp-json\/wp\/v2\/media\/978"}],"wp:attachment":[{"href":"https:\/\/almarental.media\/renta-equipo-cine-television-comerciales\/wp-json\/wp\/v2\/media?parent=976"}],"wp:term":[{"taxonomy":"product_cat","embeddable":true,"href":"https:\/\/almarental.media\/renta-equipo-cine-television-comerciales\/wp-json\/wp\/v2\/product_cat?post=976"},{"taxonomy":"product_tag","embeddable":true,"href":"https:\/\/almarental.media\/renta-equipo-cine-television-comerciales\/wp-json\/wp\/v2\/product_tag?post=976"}],"curies":[{"name":"wp","href":"https:\/\/api.w.org\/{rel}","templated":true}]}}