{"id":969,"date":"2022-06-14T17:05:09","date_gmt":"2022-06-14T17:05:09","guid":{"rendered":"https:\/\/almarental.media\/renta-equipo-cine-television-comerciales\/?post_type=product&#038;p=969"},"modified":"2022-06-14T17:05:10","modified_gmt":"2022-06-14T17:05:10","slug":"tangent-the-ripple-color-correction-panel","status":"publish","type":"product","link":"https:\/\/almarental.media\/renta-equipo-cine-television-comerciales\/cotiza\/accesorios\/tangent-the-ripple-color-correction-panel\/","title":{"rendered":"Tangent The Ripple Color Correction Panel"},"content":{"rendered":"<p>Corrija el color y grad\u00fae con rapidez y precisi\u00f3n utilizando el panel de correcci\u00f3n de color Ripple de Tangent. Con tres trackballs dedicados y codificadores rotatorios en un peque\u00f1o factor de forma conectado por USB, The Ripple ofrece una conveniente soluci\u00f3n t\u00e1ctil para colorear que muchos profesionales encontrar\u00e1n superior a los gestos del mouse en el software.<\/p>\n<p>Por el lado del software, The Ripple es compatible con Tangent Mapper. Tangent Mapper le permite personalizar el dise\u00f1o de control para que se ajuste a su aplicaci\u00f3n. El soporte de aplicaciones est\u00e1 determinado por la compatibilidad con Tangent Hub. Cualquier aplicaci\u00f3n que admita Tangent Hub es compatible con The Ripple desde el primer momento. Otras aplicaciones requerir\u00e1n dise\u00f1os personalizados.<\/p>\n<p><strong>Caracter\u00edsticas:<\/strong><\/p>\n<ul>\n<li>3 trackballs con diales para maestros<\/li>\n<li>Pick-ups \u00f3pticos de alta resoluci\u00f3n para las bolas y esferas<\/li>\n<li>Botones de reinicio independientes para las bolas y diales<\/li>\n<li>Botones programables A y B<\/li>\n<li>Alimentado por USB con cable integral<\/li>\n<li>Peso ligero y tama\u00f1o compacto<\/li>\n<\/ul>\n","protected":false},"excerpt":{"rendered":"<p><img loading=\"lazy\" decoding=\"async\" class=\"alignnone size-full wp-image-972\" src=\"https:\/\/almarental.media\/renta-equipo-cine-television-comerciales\/wp-content\/uploads\/2022\/06\/renta-de-productos-tangent.png\" alt=\"renta de productos tangent\" width=\"168\" height=\"27\" \/><\/p>\n<p><strong>Main Specs:<\/strong><\/p>\n<ul class=\"list_OMS5rN7R1Z\">\n<li class=\"listItem_OMS5rN7R1Z\" data-selenium=\"sellingPointsListItem\">3 Trackerballs y Encoders rotativos<\/li>\n<li class=\"listItem_OMS5rN7R1Z\" data-selenium=\"sellingPointsListItem\">Compact Form Factor<\/li>\n<li class=\"listItem_OMS5rN7R1Z\" data-selenium=\"sellingPointsListItem\">Plantillas personalizables<\/li>\n<li class=\"listItem_OMS5rN7R1Z\" data-selenium=\"sellingPointsListItem\">Soporta Tangent Mapper y Tangent Hub<\/li>\n<li class=\"listItem_OMS5rN7R1Z\" data-selenium=\"sellingPointsListItem\">Compatible con Aplicaciones Populares<\/li>\n<li class=\"listItem_OMS5rN7R1Z\" data-selenium=\"sellingPointsListItem\">Conectividad USB<\/li>\n<\/ul>\n","protected":false},"featured_media":971,"comment_status":"open","ping_status":"closed","template":"","meta":[],"product_cat":[30],"product_tag":[],"class_list":["post-969","product","type-product","status-publish","has-post-thumbnail","hentry","product_cat-accesorios","description-off"],"yoast_head":"<!-- This site is optimized with the Yoast SEO plugin v19.1 - https:\/\/yoast.com\/wordpress\/plugins\/seo\/ -->\n<title>Tangent The Ripple Color Correction Panel - Renta de equipo para cine, televisi\u00f3n y comerciales<\/title>\n<meta name=\"robots\" content=\"index, follow, max-snippet:-1, max-image-preview:large, max-video-preview:-1\" \/>\n<link rel=\"canonical\" href=\"https:\/\/almarental.media\/renta-equipo-cine-television-comerciales\/cotiza\/accesorios\/tangent-the-ripple-color-correction-panel\/\" \/>\n<meta property=\"og:locale\" content=\"es_ES\" \/>\n<meta property=\"og:type\" content=\"article\" \/>\n<meta property=\"og:title\" content=\"Tangent The Ripple Color Correction Panel - Renta de equipo para cine, televisi\u00f3n y comerciales\" \/>\n<meta property=\"og:description\" content=\"Main Specs:   3 Trackerballs y Encoders rotativos  Compact Form Factor  Plantillas personalizables  Soporta Tangent Mapper y Tangent Hub  Compatible con Aplicaciones Populares  Conectividad USB\" \/>\n<meta property=\"og:url\" content=\"https:\/\/almarental.media\/renta-equipo-cine-television-comerciales\/cotiza\/accesorios\/tangent-the-ripple-color-correction-panel\/\" \/>\n<meta property=\"og:site_name\" content=\"Renta de equipo para cine, televisi\u00f3n y comerciales\" \/>\n<meta property=\"article:modified_time\" content=\"2022-06-14T17:05:10+00:00\" \/>\n<meta property=\"og:image\" content=\"https:\/\/almarental.media\/renta-equipo-cine-television-comerciales\/wp-content\/uploads\/2022\/06\/accesorios-para-producciones-filmicas-comerciales-peliculas-y-series-Tangent-The-Ripple-Color-Correction-Panel.png\" \/>\n\t<meta property=\"og:image:width\" content=\"1000\" \/>\n\t<meta property=\"og:image:height\" content=\"1000\" \/>\n\t<meta property=\"og:image:type\" content=\"image\/png\" \/>\n<meta name=\"twitter:card\" content=\"summary_large_image\" \/>\n<meta name=\"twitter:label1\" content=\"Tiempo de lectura\" \/>\n\t<meta name=\"twitter:data1\" content=\"1 minuto\" \/>\n<script type=\"application\/ld+json\" class=\"yoast-schema-graph\">{\"@context\":\"https:\/\/schema.org\",\"@graph\":[{\"@type\":\"WebSite\",\"@id\":\"https:\/\/almarental.media\/renta-equipo-cine-television-comerciales\/#website\",\"url\":\"https:\/\/almarental.media\/renta-equipo-cine-television-comerciales\/\",\"name\":\"Renta de equipo para cine, televisi\u00f3n y comerciales\",\"description\":\"Casa de renta de equipo profesional para proyectos audiovisuales, DIT (digital image technician), Data y video en M\u00e9xico.\",\"potentialAction\":[{\"@type\":\"SearchAction\",\"target\":{\"@type\":\"EntryPoint\",\"urlTemplate\":\"https:\/\/almarental.media\/renta-equipo-cine-television-comerciales\/?s={search_term_string}\"},\"query-input\":\"required name=search_term_string\"}],\"inLanguage\":\"es\"},{\"@type\":\"ImageObject\",\"inLanguage\":\"es\",\"@id\":\"https:\/\/almarental.media\/renta-equipo-cine-television-comerciales\/cotiza\/accesorios\/tangent-the-ripple-color-correction-panel\/#primaryimage\",\"url\":\"https:\/\/almarental.media\/renta-equipo-cine-television-comerciales\/wp-content\/uploads\/2022\/06\/accesorios-para-producciones-filmicas-comerciales-peliculas-y-series-Tangent-The-Ripple-Color-Correction-Panel.png\",\"contentUrl\":\"https:\/\/almarental.media\/renta-equipo-cine-television-comerciales\/wp-content\/uploads\/2022\/06\/accesorios-para-producciones-filmicas-comerciales-peliculas-y-series-Tangent-The-Ripple-Color-Correction-Panel.png\",\"width\":1000,\"height\":1000,\"caption\":\"Renta de accesorios para producciones filmicas comerciales peliculas y series Tangent The Ripple Color Correction Panel\"},{\"@type\":\"WebPage\",\"@id\":\"https:\/\/almarental.media\/renta-equipo-cine-television-comerciales\/cotiza\/accesorios\/tangent-the-ripple-color-correction-panel\/#webpage\",\"url\":\"https:\/\/almarental.media\/renta-equipo-cine-television-comerciales\/cotiza\/accesorios\/tangent-the-ripple-color-correction-panel\/\",\"name\":\"Tangent The Ripple Color Correction Panel - Renta de equipo para cine, televisi\u00f3n y comerciales\",\"isPartOf\":{\"@id\":\"https:\/\/almarental.media\/renta-equipo-cine-television-comerciales\/#website\"},\"primaryImageOfPage\":{\"@id\":\"https:\/\/almarental.media\/renta-equipo-cine-television-comerciales\/cotiza\/accesorios\/tangent-the-ripple-color-correction-panel\/#primaryimage\"},\"datePublished\":\"2022-06-14T17:05:09+00:00\",\"dateModified\":\"2022-06-14T17:05:10+00:00\",\"breadcrumb\":{\"@id\":\"https:\/\/almarental.media\/renta-equipo-cine-television-comerciales\/cotiza\/accesorios\/tangent-the-ripple-color-correction-panel\/#breadcrumb\"},\"inLanguage\":\"es\",\"potentialAction\":[{\"@type\":\"ReadAction\",\"target\":[\"https:\/\/almarental.media\/renta-equipo-cine-television-comerciales\/cotiza\/accesorios\/tangent-the-ripple-color-correction-panel\/\"]}]},{\"@type\":\"BreadcrumbList\",\"@id\":\"https:\/\/almarental.media\/renta-equipo-cine-television-comerciales\/cotiza\/accesorios\/tangent-the-ripple-color-correction-panel\/#breadcrumb\",\"itemListElement\":[{\"@type\":\"ListItem\",\"position\":1,\"name\":\"Portada\",\"item\":\"https:\/\/almarental.media\/renta-equipo-cine-television-comerciales\/\"},{\"@type\":\"ListItem\",\"position\":2,\"name\":\"Productos\",\"item\":\"https:\/\/almarental.media\/renta-equipo-cine-television-comerciales\/cotiza\/\"},{\"@type\":\"ListItem\",\"position\":3,\"name\":\"Tangent The Ripple Color Correction Panel\"}]}]}<\/script>\n<!-- \/ Yoast SEO plugin. -->","yoast_head_json":{"title":"Tangent The Ripple Color Correction Panel - Renta de equipo para cine, televisi\u00f3n y comerciales","robots":{"index":"index","follow":"follow","max-snippet":"max-snippet:-1","max-image-preview":"max-image-preview:large","max-video-preview":"max-video-preview:-1"},"canonical":"https:\/\/almarental.media\/renta-equipo-cine-television-comerciales\/cotiza\/accesorios\/tangent-the-ripple-color-correction-panel\/","og_locale":"es_ES","og_type":"article","og_title":"Tangent The Ripple Color Correction Panel - Renta de equipo para cine, televisi\u00f3n y comerciales","og_description":"Main Specs:   3 Trackerballs y Encoders rotativos  Compact Form Factor  Plantillas personalizables  Soporta Tangent Mapper y Tangent Hub  Compatible con Aplicaciones Populares  Conectividad USB","og_url":"https:\/\/almarental.media\/renta-equipo-cine-television-comerciales\/cotiza\/accesorios\/tangent-the-ripple-color-correction-panel\/","og_site_name":"Renta de equipo para cine, televisi\u00f3n y comerciales","article_modified_time":"2022-06-14T17:05:10+00:00","og_image":[{"width":1000,"height":1000,"url":"https:\/\/almarental.media\/renta-equipo-cine-television-comerciales\/wp-content\/uploads\/2022\/06\/accesorios-para-producciones-filmicas-comerciales-peliculas-y-series-Tangent-The-Ripple-Color-Correction-Panel.png","type":"image\/png"}],"twitter_card":"summary_large_image","twitter_misc":{"Tiempo de lectura":"1 minuto"},"schema":{"@context":"https:\/\/schema.org","@graph":[{"@type":"WebSite","@id":"https:\/\/almarental.media\/renta-equipo-cine-television-comerciales\/#website","url":"https:\/\/almarental.media\/renta-equipo-cine-television-comerciales\/","name":"Renta de equipo para cine, televisi\u00f3n y comerciales","description":"Casa de renta de equipo profesional para proyectos audiovisuales, DIT (digital image technician), Data y video en M\u00e9xico.","potentialAction":[{"@type":"SearchAction","target":{"@type":"EntryPoint","urlTemplate":"https:\/\/almarental.media\/renta-equipo-cine-television-comerciales\/?s={search_term_string}"},"query-input":"required name=search_term_string"}],"inLanguage":"es"},{"@type":"ImageObject","inLanguage":"es","@id":"https:\/\/almarental.media\/renta-equipo-cine-television-comerciales\/cotiza\/accesorios\/tangent-the-ripple-color-correction-panel\/#primaryimage","url":"https:\/\/almarental.media\/renta-equipo-cine-television-comerciales\/wp-content\/uploads\/2022\/06\/accesorios-para-producciones-filmicas-comerciales-peliculas-y-series-Tangent-The-Ripple-Color-Correction-Panel.png","contentUrl":"https:\/\/almarental.media\/renta-equipo-cine-television-comerciales\/wp-content\/uploads\/2022\/06\/accesorios-para-producciones-filmicas-comerciales-peliculas-y-series-Tangent-The-Ripple-Color-Correction-Panel.png","width":1000,"height":1000,"caption":"Renta de accesorios para producciones filmicas comerciales peliculas y series Tangent The Ripple Color Correction Panel"},{"@type":"WebPage","@id":"https:\/\/almarental.media\/renta-equipo-cine-television-comerciales\/cotiza\/accesorios\/tangent-the-ripple-color-correction-panel\/#webpage","url":"https:\/\/almarental.media\/renta-equipo-cine-television-comerciales\/cotiza\/accesorios\/tangent-the-ripple-color-correction-panel\/","name":"Tangent The Ripple Color Correction Panel - Renta de equipo para cine, televisi\u00f3n y comerciales","isPartOf":{"@id":"https:\/\/almarental.media\/renta-equipo-cine-television-comerciales\/#website"},"primaryImageOfPage":{"@id":"https:\/\/almarental.media\/renta-equipo-cine-television-comerciales\/cotiza\/accesorios\/tangent-the-ripple-color-correction-panel\/#primaryimage"},"datePublished":"2022-06-14T17:05:09+00:00","dateModified":"2022-06-14T17:05:10+00:00","breadcrumb":{"@id":"https:\/\/almarental.media\/renta-equipo-cine-television-comerciales\/cotiza\/accesorios\/tangent-the-ripple-color-correction-panel\/#breadcrumb"},"inLanguage":"es","potentialAction":[{"@type":"ReadAction","target":["https:\/\/almarental.media\/renta-equipo-cine-television-comerciales\/cotiza\/accesorios\/tangent-the-ripple-color-correction-panel\/"]}]},{"@type":"BreadcrumbList","@id":"https:\/\/almarental.media\/renta-equipo-cine-television-comerciales\/cotiza\/accesorios\/tangent-the-ripple-color-correction-panel\/#breadcrumb","itemListElement":[{"@type":"ListItem","position":1,"name":"Portada","item":"https:\/\/almarental.media\/renta-equipo-cine-television-comerciales\/"},{"@type":"ListItem","position":2,"name":"Productos","item":"https:\/\/almarental.media\/renta-equipo-cine-television-comerciales\/cotiza\/"},{"@type":"ListItem","position":3,"name":"Tangent The Ripple Color Correction Panel"}]}]}},"_links":{"self":[{"href":"https:\/\/almarental.media\/renta-equipo-cine-television-comerciales\/wp-json\/wp\/v2\/product\/969","targetHints":{"allow":["GET"]}}],"collection":[{"href":"https:\/\/almarental.media\/renta-equipo-cine-television-comerciales\/wp-json\/wp\/v2\/product"}],"about":[{"href":"https:\/\/almarental.media\/renta-equipo-cine-television-comerciales\/wp-json\/wp\/v2\/types\/product"}],"replies":[{"embeddable":true,"href":"https:\/\/almarental.media\/renta-equipo-cine-television-comerciales\/wp-json\/wp\/v2\/comments?post=969"}],"wp:featuredmedia":[{"embeddable":true,"href":"https:\/\/almarental.media\/renta-equipo-cine-television-comerciales\/wp-json\/wp\/v2\/media\/971"}],"wp:attachment":[{"href":"https:\/\/almarental.media\/renta-equipo-cine-television-comerciales\/wp-json\/wp\/v2\/media?parent=969"}],"wp:term":[{"taxonomy":"product_cat","embeddable":true,"href":"https:\/\/almarental.media\/renta-equipo-cine-television-comerciales\/wp-json\/wp\/v2\/product_cat?post=969"},{"taxonomy":"product_tag","embeddable":true,"href":"https:\/\/almarental.media\/renta-equipo-cine-television-comerciales\/wp-json\/wp\/v2\/product_tag?post=969"}],"curies":[{"name":"wp","href":"https:\/\/api.w.org\/{rel}","templated":true}]}}