{"id":966,"date":"2022-06-14T16:40:47","date_gmt":"2022-06-14T16:40:47","guid":{"rendered":"https:\/\/almarental.media\/renta-equipo-cine-television-comerciales\/?post_type=product&#038;p=966"},"modified":"2022-06-14T16:51:18","modified_gmt":"2022-06-14T16:51:18","slug":"teradek-colr","status":"publish","type":"product","link":"https:\/\/almarental.media\/renta-equipo-cine-television-comerciales\/cotiza\/transmisores\/teradek-colr\/","title":{"rendered":"Teradek COLR"},"content":{"rendered":"<p>Teradek COLR es una caja LUT en tiempo real, un puente de control de c\u00e1mara y un convertidor cruzado HDMI\/SDI en un solo dispositivo que mide solo 2 x 4&#8243;. ofrece a los directores, AC y DIT looks personalizados con solo tocar un bot\u00f3n. COLR se integra con Pomfort LiveGrade Pro, lo que permite a los DIT y coloristas dar a todos los looks correctos y brinda control de sus looks a trav\u00e9s de Wi-Fi, Ethernet o USB. Se pueden usar varios dispositivos m\u00faltiples simult\u00e1neamente con LiveGrade, y las apariencias se pueden guardar directamente en COLR. COLR cuenta con entradas HDMI y SDI y salidas HDMI\/SDI simult\u00e1neas. COLR admite pr\u00e1cticamente todas las se\u00f1ales de c\u00e1mara y es compatible con pr\u00e1cticamente todos los tipos de monitores.<\/p>\n<p>COLR cuenta con un escalador de video integrado, un desentrelazador, un convertidor de velocidad de cuadros y herramientas OSD personalizadas. Tambi\u00e9n tiene un generador de patrones de prueba para la calibraci\u00f3n y le permite guardar y cargar im\u00e1genes de pantalla. Tambi\u00e9n ofrece una WebUI para la gesti\u00f3n de la apariencia, el control de la c\u00e1mara y la configuraci\u00f3n de la red. Tiene una pantalla LCD OLED que muestra la informaci\u00f3n pertinente y est\u00e1 dise\u00f1ada con convenientes botones de navegaci\u00f3n tipo joystick.<\/p>\n<p>COLR tambi\u00e9n es una adici\u00f3n al entorno Connected Set de Teradek, que es una iniciativa que sincroniza de forma inal\u00e1mbrica los dispositivos de Teradek para optimizar el flujo de trabajo.<\/p>\n<p><strong>Aspectos personalizados con solo tocar un bot\u00f3n<\/strong><\/p>\n<p>Durante la preparaci\u00f3n de la c\u00e1mara, en su carrito, a trav\u00e9s de la sincronizaci\u00f3n del color o en la c\u00e1mara, COLR permite a los directores, AC y DIT ver lo que necesitan. M\u00faltiples ajustes preestablecidos, que combinan CDL 1D y LUT 3D de 33 puntos (que admiten color de 10 bits), se pueden almacenar en el dispositivo para una conversi\u00f3n r\u00e1pida o looks personalizados con solo tocar un bot\u00f3n.<\/p>\n<p><strong>Funciona con Pomfort LiveGrade<\/strong><\/p>\n<p>COLR se integra con Pomfort LiveGrade Pro, lo que le brinda un control preciso de su apariencia a trav\u00e9s de Wi-Fi, Ethernet o USB. Los estilos se pueden guardar directamente en COLR y LiveGrade admite varios dispositivos simult\u00e1neos.<\/p>\n<p><strong>Soporte universal<\/strong><\/p>\n<p>COLR es compatible con casi todas las se\u00f1ales de c\u00e1mara del mercado, desde las m\u00e1s peque\u00f1as como GoPro hasta las m\u00e1s grandes como ALEXA. Las se\u00f1ales RAW o LOG se pueden convertir para monitorear, y el aspecto de cada c\u00e1mara se puede sincronizar para mostrar a los directores su visi\u00f3n mientras filman. COLR tambi\u00e9n permite el control inal\u00e1mbrico de c\u00e1maras para c\u00e1maras habilitadas para Ethernet, incluido FoolControl para c\u00e1maras de cine digital RED y paquetes ARRI.<\/p>\n<p><strong>Ning\u00fan monitor se queda atr\u00e1s<\/strong><\/p>\n<p>Ya sea que su producci\u00f3n requiera monitores con precisi\u00f3n gamma y color est\u00e1ndar de la industria o pantallas grandes para consumidores, COLR es compatible. La versatilidad ya no es un lujo con el convertidor de se\u00f1al incorporado de COLR y las salidas simult\u00e1neas HDMI y SDI.<\/p>\n<p><strong>Connected Set<\/strong><\/p>\n<p>Connected Set es una iniciativa de Teradek, un entorno desarrollado para sincronizar de forma inal\u00e1mbrica los dispositivos de Teradek para optimizar el flujo de trabajo. Con COLR como pieza del rompecabezas, la iniciativa Connected Set fomenta la integraci\u00f3n perfecta entre todos los productos de Teradek y, en \u00faltima instancia, optimiza los flujos de trabajo dentro y fuera del set. Esto respaldar\u00e1 un flujo de trabajo constante durante todo el proceso de producci\u00f3n, ya sea en el set con transmisi\u00f3n sin demora, monitoreo de iPad o para revisi\u00f3n diaria fuera del sitio y gradaci\u00f3n de color final.<\/p>\n","protected":false},"excerpt":{"rendered":"<p><img loading=\"lazy\" decoding=\"async\" class=\"alignnone size-full wp-image-926\" src=\"https:\/\/almarental.media\/renta-equipo-cine-television-comerciales\/wp-content\/uploads\/2022\/06\/teradek.png\" alt=\"Renta de productos Teradek\" width=\"191\" height=\"34\" \/><\/p>\n<p>Main Specs:<\/p>\n<ul class=\"list_OMS5rN7R1Z\">\n<li class=\"listItem_OMS5rN7R1Z\" data-selenium=\"sellingPointsListItem\">LUT Box (CDL 1D and 33-Point 3D LUTs)<\/li>\n<li class=\"listItem_OMS5rN7R1Z\" data-selenium=\"sellingPointsListItem\">HDMI\/SDI Cross-Converter<\/li>\n<li class=\"listItem_OMS5rN7R1Z\" data-selenium=\"sellingPointsListItem\">Wireless Controller para Ethernet Cameras<\/li>\n<li class=\"listItem_OMS5rN7R1Z\" data-selenium=\"sellingPointsListItem\">Soporta 10-Bit Color<\/li>\n<li class=\"listItem_OMS5rN7R1Z\" data-selenium=\"sellingPointsListItem\">Simultaneo HDMI y SDI salidas<\/li>\n<li class=\"listItem_OMS5rN7R1Z\" data-selenium=\"sellingPointsListItem\">Integrado con Pomfort LiveGrade Pro<\/li>\n<li class=\"listItem_OMS5rN7R1Z\" data-selenium=\"sellingPointsListItem\">Soporta Virtually Every Camera Signal<\/li>\n<li class=\"listItem_OMS5rN7R1Z\" data-selenium=\"sellingPointsListItem\">Compatible con Virtually All Monitors<\/li>\n<li class=\"listItem_OMS5rN7R1Z\" data-selenium=\"sellingPointsListItem\">Convert RAW &amp; LOG Signals for Monitoring<\/li>\n<li class=\"listItem_OMS5rN7R1Z\" data-selenium=\"sellingPointsListItem\">Part of Teradek Connected Set Workflow<\/li>\n<\/ul>\n","protected":false},"featured_media":967,"comment_status":"open","ping_status":"closed","template":"","meta":[],"product_cat":[26],"product_tag":[],"class_list":["post-966","product","type-product","status-publish","has-post-thumbnail","hentry","product_cat-transmisores","description-off"],"yoast_head":"<!-- This site is optimized with the Yoast SEO plugin v19.1 - https:\/\/yoast.com\/wordpress\/plugins\/seo\/ -->\n<title>Teradek COLR - Renta de equipo para cine, televisi\u00f3n y comerciales<\/title>\n<meta name=\"robots\" content=\"index, follow, max-snippet:-1, max-image-preview:large, max-video-preview:-1\" \/>\n<link rel=\"canonical\" href=\"https:\/\/almarental.media\/renta-equipo-cine-television-comerciales\/cotiza\/transmisores\/teradek-colr\/\" \/>\n<meta property=\"og:locale\" content=\"es_ES\" \/>\n<meta property=\"og:type\" content=\"article\" \/>\n<meta property=\"og:title\" content=\"Teradek COLR - Renta de equipo para cine, televisi\u00f3n y comerciales\" \/>\n<meta property=\"og:description\" content=\"Main Specs:   LUT Box (CDL 1D and 33-Point 3D LUTs)  HDMI\/SDI Cross-Converter  Wireless Controller para Ethernet Cameras  Soporta 10-Bit Color  Simultaneo HDMI y SDI salidas  Integrado con Pomfort LiveGrade Pro  Soporta Virtually Every Camera Signal  Compatible con Virtually All Monitors  Convert RAW &amp; LOG Signals for Monitoring  Part of Teradek Connected Set Workflow\" \/>\n<meta property=\"og:url\" content=\"https:\/\/almarental.media\/renta-equipo-cine-television-comerciales\/cotiza\/transmisores\/teradek-colr\/\" \/>\n<meta property=\"og:site_name\" content=\"Renta de equipo para cine, televisi\u00f3n y comerciales\" \/>\n<meta property=\"article:modified_time\" content=\"2022-06-14T16:51:18+00:00\" \/>\n<meta property=\"og:image\" content=\"https:\/\/almarental.media\/renta-equipo-cine-television-comerciales\/wp-content\/uploads\/2022\/06\/accesorios-para-producciones-filmicas-comerciales-peliculas-y-series-Teradek-COLR.png\" \/>\n\t<meta property=\"og:image:width\" content=\"1000\" \/>\n\t<meta property=\"og:image:height\" content=\"1000\" \/>\n\t<meta property=\"og:image:type\" content=\"image\/png\" \/>\n<meta name=\"twitter:card\" content=\"summary_large_image\" \/>\n<meta name=\"twitter:label1\" content=\"Tiempo de lectura\" \/>\n\t<meta name=\"twitter:data1\" content=\"3 minutos\" \/>\n<script type=\"application\/ld+json\" class=\"yoast-schema-graph\">{\"@context\":\"https:\/\/schema.org\",\"@graph\":[{\"@type\":\"WebSite\",\"@id\":\"https:\/\/almarental.media\/renta-equipo-cine-television-comerciales\/#website\",\"url\":\"https:\/\/almarental.media\/renta-equipo-cine-television-comerciales\/\",\"name\":\"Renta de equipo para cine, televisi\u00f3n y comerciales\",\"description\":\"Casa de renta de equipo profesional para proyectos audiovisuales, DIT (digital image technician), Data y video en M\u00e9xico.\",\"potentialAction\":[{\"@type\":\"SearchAction\",\"target\":{\"@type\":\"EntryPoint\",\"urlTemplate\":\"https:\/\/almarental.media\/renta-equipo-cine-television-comerciales\/?s={search_term_string}\"},\"query-input\":\"required name=search_term_string\"}],\"inLanguage\":\"es\"},{\"@type\":\"ImageObject\",\"inLanguage\":\"es\",\"@id\":\"https:\/\/almarental.media\/renta-equipo-cine-television-comerciales\/cotiza\/transmisores\/teradek-colr\/#primaryimage\",\"url\":\"https:\/\/almarental.media\/renta-equipo-cine-television-comerciales\/wp-content\/uploads\/2022\/06\/accesorios-para-producciones-filmicas-comerciales-peliculas-y-series-Teradek-COLR.png\",\"contentUrl\":\"https:\/\/almarental.media\/renta-equipo-cine-television-comerciales\/wp-content\/uploads\/2022\/06\/accesorios-para-producciones-filmicas-comerciales-peliculas-y-series-Teradek-COLR.png\",\"width\":1000,\"height\":1000},{\"@type\":\"WebPage\",\"@id\":\"https:\/\/almarental.media\/renta-equipo-cine-television-comerciales\/cotiza\/transmisores\/teradek-colr\/#webpage\",\"url\":\"https:\/\/almarental.media\/renta-equipo-cine-television-comerciales\/cotiza\/transmisores\/teradek-colr\/\",\"name\":\"Teradek COLR - Renta de equipo para cine, televisi\u00f3n y comerciales\",\"isPartOf\":{\"@id\":\"https:\/\/almarental.media\/renta-equipo-cine-television-comerciales\/#website\"},\"primaryImageOfPage\":{\"@id\":\"https:\/\/almarental.media\/renta-equipo-cine-television-comerciales\/cotiza\/transmisores\/teradek-colr\/#primaryimage\"},\"datePublished\":\"2022-06-14T16:40:47+00:00\",\"dateModified\":\"2022-06-14T16:51:18+00:00\",\"breadcrumb\":{\"@id\":\"https:\/\/almarental.media\/renta-equipo-cine-television-comerciales\/cotiza\/transmisores\/teradek-colr\/#breadcrumb\"},\"inLanguage\":\"es\",\"potentialAction\":[{\"@type\":\"ReadAction\",\"target\":[\"https:\/\/almarental.media\/renta-equipo-cine-television-comerciales\/cotiza\/transmisores\/teradek-colr\/\"]}]},{\"@type\":\"BreadcrumbList\",\"@id\":\"https:\/\/almarental.media\/renta-equipo-cine-television-comerciales\/cotiza\/transmisores\/teradek-colr\/#breadcrumb\",\"itemListElement\":[{\"@type\":\"ListItem\",\"position\":1,\"name\":\"Portada\",\"item\":\"https:\/\/almarental.media\/renta-equipo-cine-television-comerciales\/\"},{\"@type\":\"ListItem\",\"position\":2,\"name\":\"Productos\",\"item\":\"https:\/\/almarental.media\/renta-equipo-cine-television-comerciales\/cotiza\/\"},{\"@type\":\"ListItem\",\"position\":3,\"name\":\"Teradek COLR\"}]}]}<\/script>\n<!-- \/ Yoast SEO plugin. -->","yoast_head_json":{"title":"Teradek COLR - Renta de equipo para cine, televisi\u00f3n y comerciales","robots":{"index":"index","follow":"follow","max-snippet":"max-snippet:-1","max-image-preview":"max-image-preview:large","max-video-preview":"max-video-preview:-1"},"canonical":"https:\/\/almarental.media\/renta-equipo-cine-television-comerciales\/cotiza\/transmisores\/teradek-colr\/","og_locale":"es_ES","og_type":"article","og_title":"Teradek COLR - Renta de equipo para cine, televisi\u00f3n y comerciales","og_description":"Main Specs:   LUT Box (CDL 1D and 33-Point 3D LUTs)  HDMI\/SDI Cross-Converter  Wireless Controller para Ethernet Cameras  Soporta 10-Bit Color  Simultaneo HDMI y SDI salidas  Integrado con Pomfort LiveGrade Pro  Soporta Virtually Every Camera Signal  Compatible con Virtually All Monitors  Convert RAW &amp; LOG Signals for Monitoring  Part of Teradek Connected Set Workflow","og_url":"https:\/\/almarental.media\/renta-equipo-cine-television-comerciales\/cotiza\/transmisores\/teradek-colr\/","og_site_name":"Renta de equipo para cine, televisi\u00f3n y comerciales","article_modified_time":"2022-06-14T16:51:18+00:00","og_image":[{"width":1000,"height":1000,"url":"https:\/\/almarental.media\/renta-equipo-cine-television-comerciales\/wp-content\/uploads\/2022\/06\/accesorios-para-producciones-filmicas-comerciales-peliculas-y-series-Teradek-COLR.png","type":"image\/png"}],"twitter_card":"summary_large_image","twitter_misc":{"Tiempo de lectura":"3 minutos"},"schema":{"@context":"https:\/\/schema.org","@graph":[{"@type":"WebSite","@id":"https:\/\/almarental.media\/renta-equipo-cine-television-comerciales\/#website","url":"https:\/\/almarental.media\/renta-equipo-cine-television-comerciales\/","name":"Renta de equipo para cine, televisi\u00f3n y comerciales","description":"Casa de renta de equipo profesional para proyectos audiovisuales, DIT (digital image technician), Data y video en M\u00e9xico.","potentialAction":[{"@type":"SearchAction","target":{"@type":"EntryPoint","urlTemplate":"https:\/\/almarental.media\/renta-equipo-cine-television-comerciales\/?s={search_term_string}"},"query-input":"required name=search_term_string"}],"inLanguage":"es"},{"@type":"ImageObject","inLanguage":"es","@id":"https:\/\/almarental.media\/renta-equipo-cine-television-comerciales\/cotiza\/transmisores\/teradek-colr\/#primaryimage","url":"https:\/\/almarental.media\/renta-equipo-cine-television-comerciales\/wp-content\/uploads\/2022\/06\/accesorios-para-producciones-filmicas-comerciales-peliculas-y-series-Teradek-COLR.png","contentUrl":"https:\/\/almarental.media\/renta-equipo-cine-television-comerciales\/wp-content\/uploads\/2022\/06\/accesorios-para-producciones-filmicas-comerciales-peliculas-y-series-Teradek-COLR.png","width":1000,"height":1000},{"@type":"WebPage","@id":"https:\/\/almarental.media\/renta-equipo-cine-television-comerciales\/cotiza\/transmisores\/teradek-colr\/#webpage","url":"https:\/\/almarental.media\/renta-equipo-cine-television-comerciales\/cotiza\/transmisores\/teradek-colr\/","name":"Teradek COLR - Renta de equipo para cine, televisi\u00f3n y comerciales","isPartOf":{"@id":"https:\/\/almarental.media\/renta-equipo-cine-television-comerciales\/#website"},"primaryImageOfPage":{"@id":"https:\/\/almarental.media\/renta-equipo-cine-television-comerciales\/cotiza\/transmisores\/teradek-colr\/#primaryimage"},"datePublished":"2022-06-14T16:40:47+00:00","dateModified":"2022-06-14T16:51:18+00:00","breadcrumb":{"@id":"https:\/\/almarental.media\/renta-equipo-cine-television-comerciales\/cotiza\/transmisores\/teradek-colr\/#breadcrumb"},"inLanguage":"es","potentialAction":[{"@type":"ReadAction","target":["https:\/\/almarental.media\/renta-equipo-cine-television-comerciales\/cotiza\/transmisores\/teradek-colr\/"]}]},{"@type":"BreadcrumbList","@id":"https:\/\/almarental.media\/renta-equipo-cine-television-comerciales\/cotiza\/transmisores\/teradek-colr\/#breadcrumb","itemListElement":[{"@type":"ListItem","position":1,"name":"Portada","item":"https:\/\/almarental.media\/renta-equipo-cine-television-comerciales\/"},{"@type":"ListItem","position":2,"name":"Productos","item":"https:\/\/almarental.media\/renta-equipo-cine-television-comerciales\/cotiza\/"},{"@type":"ListItem","position":3,"name":"Teradek COLR"}]}]}},"_links":{"self":[{"href":"https:\/\/almarental.media\/renta-equipo-cine-television-comerciales\/wp-json\/wp\/v2\/product\/966","targetHints":{"allow":["GET"]}}],"collection":[{"href":"https:\/\/almarental.media\/renta-equipo-cine-television-comerciales\/wp-json\/wp\/v2\/product"}],"about":[{"href":"https:\/\/almarental.media\/renta-equipo-cine-television-comerciales\/wp-json\/wp\/v2\/types\/product"}],"replies":[{"embeddable":true,"href":"https:\/\/almarental.media\/renta-equipo-cine-television-comerciales\/wp-json\/wp\/v2\/comments?post=966"}],"wp:featuredmedia":[{"embeddable":true,"href":"https:\/\/almarental.media\/renta-equipo-cine-television-comerciales\/wp-json\/wp\/v2\/media\/967"}],"wp:attachment":[{"href":"https:\/\/almarental.media\/renta-equipo-cine-television-comerciales\/wp-json\/wp\/v2\/media?parent=966"}],"wp:term":[{"taxonomy":"product_cat","embeddable":true,"href":"https:\/\/almarental.media\/renta-equipo-cine-television-comerciales\/wp-json\/wp\/v2\/product_cat?post=966"},{"taxonomy":"product_tag","embeddable":true,"href":"https:\/\/almarental.media\/renta-equipo-cine-television-comerciales\/wp-json\/wp\/v2\/product_tag?post=966"}],"curies":[{"name":"wp","href":"https:\/\/api.w.org\/{rel}","templated":true}]}}