{"id":962,"date":"2022-06-14T15:41:06","date_gmt":"2022-06-14T15:41:06","guid":{"rendered":"https:\/\/almarental.media\/renta-equipo-cine-television-comerciales\/?post_type=product&#038;p=962"},"modified":"2024-02-07T00:00:36","modified_gmt":"2024-02-07T00:00:36","slug":"promise-technology-pegasus3-r4-mac-edition-12tb-4-bay-thunderbolt-3-raid-array","status":"publish","type":"product","link":"https:\/\/almarental.media\/renta-equipo-cine-television-comerciales\/cotiza\/computadoras\/promise-technology-pegasus3-r4-mac-edition-12tb-4-bay-thunderbolt-3-raid-array\/","title":{"rendered":"Promise Technology Pegasus3 R4 Mac Edition 12TB 4-Bay Thunderbolt 3 RAID Array"},"content":{"rendered":"<p>Dise\u00f1ado para funcionar con las computadoras de escritorio y port\u00e1tiles Thunderbolt 3 actuales que ejecutan macOS 10.12 y versiones posteriores, el Pegasus3 R4 Mac Edition 12TB 4-Bay Thunderbolt 3 RAID Array de Promise Technology es ideal para realizar copias de seguridad de proyectos creativos y bibliotecas digitales, as\u00ed como transmisi\u00f3n, edici\u00f3n y copia de seguridad de video 4K. Tambi\u00e9n puede realizar tareas como cargar archivos y bases de datos de gran tama\u00f1o, archivar im\u00e1genes y datos importantes, procesar datos de vigilancia y realizar copias de seguridad de grandes conjuntos de datos. Ofrece hasta 12 TB de almacenamiento dividido en cuatro discos duros intercambiables en caliente de 3 TB y 3,5&#8243;, cada uno de los cuales utiliza uno de los cuatro compartimientos para unidades del arreglo. El arreglo en s\u00ed est\u00e1 equipado con dos puertos<\/p>\n<p><strong>Thunderbolt 3 de 40 Gb\/s, lo que permite a los usuarios conectarse encadene perif\u00e9ricos adicionales, como pantallas duales 4K o 5K.<\/strong><\/p>\n<p>El Pegasus3 R4 viene preconfigurado en RAID 5 y admite una variedad de modos RAID controlados por hardware, incluidos RAID 0, 1, 5, 6 y 10, cada uno de los cuales ofrece velocidad, redundancia de datos o una combinaci\u00f3n de ambos. Para aquellos que no requieren un RAID, JBOD tambi\u00e9n est\u00e1 disponible. Tenga en cuenta que RAID 0 no admite el intercambio en caliente. Se incluye un cable Thunderbolt 3 de 3,3&#8242; y 40 Gb\/s y un adaptador de corriente. La protecci\u00f3n se proporciona mediante una garant\u00eda limitada de 3 a\u00f1os, con soporte web y chat disponible las 24 horas del d\u00eda, los 7 d\u00edas de la semana. Tambi\u00e9n se incluye una licencia gratuita del software de copia de seguridad ChronoSync Pegasus Edition para macOS.<\/p>\n<p><strong>Caracter\u00edsticas generales<\/strong><\/p>\n<ul>\n<li>Gabinete RAID de hardware de 4 bah\u00edas<\/li>\n<li>El modelo de 12 TB (4 x 3 TB) ofrece capacidad en un espacio de escritorio compacto<\/li>\n<li>Admite el rendimiento m\u00e1ximo permitido por la interfaz Thunderbolt 3<\/li>\n<li>Ampliar la capacidad de almacenamiento y respaldo para estaciones de trabajo<\/li>\n<li>Admite transmisi\u00f3n, edici\u00f3n y respaldo simult\u00e1neos de video 4K<\/li>\n<li>Dos puertos Thunderbolt 3 para conexi\u00f3n en cadena<\/li>\n<li>Bah\u00edas de unidades intercambiables en caliente para acceso a unidades y mantenimiento<\/li>\n<li>Gran capacidad de almacenamiento para realizar copias de seguridad de proyectos creativos y bibliotecas digitales<\/li>\n<li>Ayuda a los usuarios a crear un entorno de flujo de trabajo 4K de extremo a extremo<\/li>\n<li>Incluye un cable Thunderbolt 3 de 3,3&#8242; y 40 Gb\/s<\/li>\n<\/ul>\n","protected":false},"excerpt":{"rendered":"<p><img loading=\"lazy\" decoding=\"async\" class=\"alignnone size-full wp-image-963\" src=\"https:\/\/almarental.media\/renta-equipo-cine-television-comerciales\/wp-content\/uploads\/2022\/06\/renta-de-productos-marca-Promise-Technology.png\" alt=\"renta de productos marca Promise Technology\" width=\"152\" height=\"35\" srcset=\"https:\/\/almarental.media\/renta-equipo-cine-television-comerciales\/wp-content\/uploads\/2022\/06\/renta-de-productos-marca-Promise-Technology.png 152w, https:\/\/almarental.media\/renta-equipo-cine-television-comerciales\/wp-content\/uploads\/2022\/06\/renta-de-productos-marca-Promise-Technology-150x35.png 150w\" sizes=\"auto, (max-width: 152px) 100vw, 152px\" \/><\/p>\n<p><strong>Main Specs:<\/strong><\/p>\n<ul class=\"list_OMS5rN7R1Z\">\n<li class=\"listItem_OMS5rN7R1Z\" data-selenium=\"sellingPointsListItem\">4 x 3TB 3.5&#8243; SATA Hard Drives<\/li>\n<li class=\"listItem_OMS5rN7R1Z\" data-selenium=\"sellingPointsListItem\">4 x 3.5&#8243; Drive Bays<\/li>\n<li class=\"listItem_OMS5rN7R1Z\" data-selenium=\"sellingPointsListItem\">2 x Thunderbolt 3 Puertos<\/li>\n<li class=\"listItem_OMS5rN7R1Z\" data-selenium=\"sellingPointsListItem\">RAID 0, 1, 5, 6, 10, y JBOD<\/li>\n<li class=\"listItem_OMS5rN7R1Z\" data-selenium=\"sellingPointsListItem\">Preconfigurado en RAID 5<\/li>\n<li class=\"listItem_OMS5rN7R1Z\" data-selenium=\"sellingPointsListItem\">Hardware RAID Controlador<\/li>\n<li class=\"listItem_OMS5rN7R1Z\" data-selenium=\"sellingPointsListItem\">Suporta Dual 4K Displays<\/li>\n<li class=\"listItem_OMS5rN7R1Z\" data-selenium=\"sellingPointsListItem\">Suporta One 5K Display<\/li>\n<li class=\"listItem_OMS5rN7R1Z\" data-selenium=\"sellingPointsListItem\">Incluye Thunderbolt 3 cable<\/li>\n<li class=\"listItem_OMS5rN7R1Z\" data-selenium=\"sellingPointsListItem\">Compatible con macOS 10.12<\/li>\n<\/ul>\n","protected":false},"featured_media":964,"comment_status":"open","ping_status":"closed","template":"","meta":[],"product_cat":[29,28],"product_tag":[],"class_list":["post-962","product","type-product","status-publish","has-post-thumbnail","hentry","product_cat-almacenamiento","product_cat-computadoras","description-off"],"yoast_head":"<!-- This site is optimized with the Yoast SEO plugin v19.1 - https:\/\/yoast.com\/wordpress\/plugins\/seo\/ -->\n<title>Promise Technology Pegasus3 R4 Mac Edition 12TB 4-Bay Thunderbolt 3 RAID Array - Renta de equipo para cine, televisi\u00f3n y comerciales<\/title>\n<meta name=\"robots\" content=\"index, follow, max-snippet:-1, max-image-preview:large, max-video-preview:-1\" \/>\n<link rel=\"canonical\" href=\"https:\/\/almarental.media\/renta-equipo-cine-television-comerciales\/cotiza\/computadoras\/promise-technology-pegasus3-r4-mac-edition-12tb-4-bay-thunderbolt-3-raid-array\/\" \/>\n<meta property=\"og:locale\" content=\"es_ES\" \/>\n<meta property=\"og:type\" content=\"article\" \/>\n<meta property=\"og:title\" content=\"Promise Technology Pegasus3 R4 Mac Edition 12TB 4-Bay Thunderbolt 3 RAID Array - Renta de equipo para cine, televisi\u00f3n y comerciales\" \/>\n<meta property=\"og:description\" content=\"Main Specs:   4 x 3TB 3.5&quot; SATA Hard Drives  4 x 3.5&quot; Drive Bays  2 x Thunderbolt 3 Puertos  RAID 0, 1, 5, 6, 10, y JBOD  Preconfigurado en RAID 5  Hardware RAID Controlador  Suporta Dual 4K Displays  Suporta One 5K Display  Incluye Thunderbolt 3 cable  Compatible con macOS 10.12\" \/>\n<meta property=\"og:url\" content=\"https:\/\/almarental.media\/renta-equipo-cine-television-comerciales\/cotiza\/computadoras\/promise-technology-pegasus3-r4-mac-edition-12tb-4-bay-thunderbolt-3-raid-array\/\" \/>\n<meta property=\"og:site_name\" content=\"Renta de equipo para cine, televisi\u00f3n y comerciales\" \/>\n<meta property=\"article:modified_time\" content=\"2024-02-07T00:00:36+00:00\" \/>\n<meta property=\"og:image\" content=\"https:\/\/almarental.media\/renta-equipo-cine-television-comerciales\/wp-content\/uploads\/2022\/06\/Renta-de-almacenamiento-Promise-Technology-Pegasus3-R4-Mac-Edition-12TB-4-Bay-Thunderbolt-3-RAID-Array.png\" \/>\n\t<meta property=\"og:image:width\" content=\"1000\" \/>\n\t<meta property=\"og:image:height\" content=\"1000\" \/>\n\t<meta property=\"og:image:type\" content=\"image\/png\" \/>\n<meta name=\"twitter:card\" content=\"summary_large_image\" \/>\n<meta name=\"twitter:label1\" content=\"Tiempo de lectura\" \/>\n\t<meta name=\"twitter:data1\" content=\"2 minutos\" \/>\n<script type=\"application\/ld+json\" class=\"yoast-schema-graph\">{\"@context\":\"https:\/\/schema.org\",\"@graph\":[{\"@type\":\"WebSite\",\"@id\":\"https:\/\/almarental.media\/renta-equipo-cine-television-comerciales\/#website\",\"url\":\"https:\/\/almarental.media\/renta-equipo-cine-television-comerciales\/\",\"name\":\"Renta de equipo para cine, televisi\u00f3n y comerciales\",\"description\":\"Casa de renta de equipo profesional para proyectos audiovisuales, DIT (digital image technician), Data y video en M\u00e9xico.\",\"potentialAction\":[{\"@type\":\"SearchAction\",\"target\":{\"@type\":\"EntryPoint\",\"urlTemplate\":\"https:\/\/almarental.media\/renta-equipo-cine-television-comerciales\/?s={search_term_string}\"},\"query-input\":\"required name=search_term_string\"}],\"inLanguage\":\"es\"},{\"@type\":\"ImageObject\",\"inLanguage\":\"es\",\"@id\":\"https:\/\/almarental.media\/renta-equipo-cine-television-comerciales\/cotiza\/computadoras\/promise-technology-pegasus3-r4-mac-edition-12tb-4-bay-thunderbolt-3-raid-array\/#primaryimage\",\"url\":\"https:\/\/almarental.media\/renta-equipo-cine-television-comerciales\/wp-content\/uploads\/2022\/06\/Renta-de-almacenamiento-Promise-Technology-Pegasus3-R4-Mac-Edition-12TB-4-Bay-Thunderbolt-3-RAID-Array.png\",\"contentUrl\":\"https:\/\/almarental.media\/renta-equipo-cine-television-comerciales\/wp-content\/uploads\/2022\/06\/Renta-de-almacenamiento-Promise-Technology-Pegasus3-R4-Mac-Edition-12TB-4-Bay-Thunderbolt-3-RAID-Array.png\",\"width\":1000,\"height\":1000,\"caption\":\"Renta de almacenamiento Promise Technology Pegasus3 R4 Mac Edition 12TB 4 Bay Thunderbolt 3 RAID Array\"},{\"@type\":\"WebPage\",\"@id\":\"https:\/\/almarental.media\/renta-equipo-cine-television-comerciales\/cotiza\/computadoras\/promise-technology-pegasus3-r4-mac-edition-12tb-4-bay-thunderbolt-3-raid-array\/#webpage\",\"url\":\"https:\/\/almarental.media\/renta-equipo-cine-television-comerciales\/cotiza\/computadoras\/promise-technology-pegasus3-r4-mac-edition-12tb-4-bay-thunderbolt-3-raid-array\/\",\"name\":\"Promise Technology Pegasus3 R4 Mac Edition 12TB 4-Bay Thunderbolt 3 RAID Array - Renta de equipo para cine, televisi\u00f3n y comerciales\",\"isPartOf\":{\"@id\":\"https:\/\/almarental.media\/renta-equipo-cine-television-comerciales\/#website\"},\"primaryImageOfPage\":{\"@id\":\"https:\/\/almarental.media\/renta-equipo-cine-television-comerciales\/cotiza\/computadoras\/promise-technology-pegasus3-r4-mac-edition-12tb-4-bay-thunderbolt-3-raid-array\/#primaryimage\"},\"datePublished\":\"2022-06-14T15:41:06+00:00\",\"dateModified\":\"2024-02-07T00:00:36+00:00\",\"breadcrumb\":{\"@id\":\"https:\/\/almarental.media\/renta-equipo-cine-television-comerciales\/cotiza\/computadoras\/promise-technology-pegasus3-r4-mac-edition-12tb-4-bay-thunderbolt-3-raid-array\/#breadcrumb\"},\"inLanguage\":\"es\",\"potentialAction\":[{\"@type\":\"ReadAction\",\"target\":[\"https:\/\/almarental.media\/renta-equipo-cine-television-comerciales\/cotiza\/computadoras\/promise-technology-pegasus3-r4-mac-edition-12tb-4-bay-thunderbolt-3-raid-array\/\"]}]},{\"@type\":\"BreadcrumbList\",\"@id\":\"https:\/\/almarental.media\/renta-equipo-cine-television-comerciales\/cotiza\/computadoras\/promise-technology-pegasus3-r4-mac-edition-12tb-4-bay-thunderbolt-3-raid-array\/#breadcrumb\",\"itemListElement\":[{\"@type\":\"ListItem\",\"position\":1,\"name\":\"Portada\",\"item\":\"https:\/\/almarental.media\/renta-equipo-cine-television-comerciales\/\"},{\"@type\":\"ListItem\",\"position\":2,\"name\":\"Productos\",\"item\":\"https:\/\/almarental.media\/renta-equipo-cine-television-comerciales\/cotiza\/\"},{\"@type\":\"ListItem\",\"position\":3,\"name\":\"Promise Technology Pegasus3 R4 Mac Edition 12TB 4-Bay Thunderbolt 3 RAID Array\"}]}]}<\/script>\n<!-- \/ Yoast SEO plugin. -->","yoast_head_json":{"title":"Promise Technology Pegasus3 R4 Mac Edition 12TB 4-Bay Thunderbolt 3 RAID Array - Renta de equipo para cine, televisi\u00f3n y comerciales","robots":{"index":"index","follow":"follow","max-snippet":"max-snippet:-1","max-image-preview":"max-image-preview:large","max-video-preview":"max-video-preview:-1"},"canonical":"https:\/\/almarental.media\/renta-equipo-cine-television-comerciales\/cotiza\/computadoras\/promise-technology-pegasus3-r4-mac-edition-12tb-4-bay-thunderbolt-3-raid-array\/","og_locale":"es_ES","og_type":"article","og_title":"Promise Technology Pegasus3 R4 Mac Edition 12TB 4-Bay Thunderbolt 3 RAID Array - Renta de equipo para cine, televisi\u00f3n y comerciales","og_description":"Main Specs:   4 x 3TB 3.5\" SATA Hard Drives  4 x 3.5\" Drive Bays  2 x Thunderbolt 3 Puertos  RAID 0, 1, 5, 6, 10, y JBOD  Preconfigurado en RAID 5  Hardware RAID Controlador  Suporta Dual 4K Displays  Suporta One 5K Display  Incluye Thunderbolt 3 cable  Compatible con macOS 10.12","og_url":"https:\/\/almarental.media\/renta-equipo-cine-television-comerciales\/cotiza\/computadoras\/promise-technology-pegasus3-r4-mac-edition-12tb-4-bay-thunderbolt-3-raid-array\/","og_site_name":"Renta de equipo para cine, televisi\u00f3n y comerciales","article_modified_time":"2024-02-07T00:00:36+00:00","og_image":[{"width":1000,"height":1000,"url":"https:\/\/almarental.media\/renta-equipo-cine-television-comerciales\/wp-content\/uploads\/2022\/06\/Renta-de-almacenamiento-Promise-Technology-Pegasus3-R4-Mac-Edition-12TB-4-Bay-Thunderbolt-3-RAID-Array.png","type":"image\/png"}],"twitter_card":"summary_large_image","twitter_misc":{"Tiempo de lectura":"2 minutos"},"schema":{"@context":"https:\/\/schema.org","@graph":[{"@type":"WebSite","@id":"https:\/\/almarental.media\/renta-equipo-cine-television-comerciales\/#website","url":"https:\/\/almarental.media\/renta-equipo-cine-television-comerciales\/","name":"Renta de equipo para cine, televisi\u00f3n y comerciales","description":"Casa de renta de equipo profesional para proyectos audiovisuales, DIT (digital image technician), Data y video en M\u00e9xico.","potentialAction":[{"@type":"SearchAction","target":{"@type":"EntryPoint","urlTemplate":"https:\/\/almarental.media\/renta-equipo-cine-television-comerciales\/?s={search_term_string}"},"query-input":"required name=search_term_string"}],"inLanguage":"es"},{"@type":"ImageObject","inLanguage":"es","@id":"https:\/\/almarental.media\/renta-equipo-cine-television-comerciales\/cotiza\/computadoras\/promise-technology-pegasus3-r4-mac-edition-12tb-4-bay-thunderbolt-3-raid-array\/#primaryimage","url":"https:\/\/almarental.media\/renta-equipo-cine-television-comerciales\/wp-content\/uploads\/2022\/06\/Renta-de-almacenamiento-Promise-Technology-Pegasus3-R4-Mac-Edition-12TB-4-Bay-Thunderbolt-3-RAID-Array.png","contentUrl":"https:\/\/almarental.media\/renta-equipo-cine-television-comerciales\/wp-content\/uploads\/2022\/06\/Renta-de-almacenamiento-Promise-Technology-Pegasus3-R4-Mac-Edition-12TB-4-Bay-Thunderbolt-3-RAID-Array.png","width":1000,"height":1000,"caption":"Renta de almacenamiento Promise Technology Pegasus3 R4 Mac Edition 12TB 4 Bay Thunderbolt 3 RAID Array"},{"@type":"WebPage","@id":"https:\/\/almarental.media\/renta-equipo-cine-television-comerciales\/cotiza\/computadoras\/promise-technology-pegasus3-r4-mac-edition-12tb-4-bay-thunderbolt-3-raid-array\/#webpage","url":"https:\/\/almarental.media\/renta-equipo-cine-television-comerciales\/cotiza\/computadoras\/promise-technology-pegasus3-r4-mac-edition-12tb-4-bay-thunderbolt-3-raid-array\/","name":"Promise Technology Pegasus3 R4 Mac Edition 12TB 4-Bay Thunderbolt 3 RAID Array - Renta de equipo para cine, televisi\u00f3n y comerciales","isPartOf":{"@id":"https:\/\/almarental.media\/renta-equipo-cine-television-comerciales\/#website"},"primaryImageOfPage":{"@id":"https:\/\/almarental.media\/renta-equipo-cine-television-comerciales\/cotiza\/computadoras\/promise-technology-pegasus3-r4-mac-edition-12tb-4-bay-thunderbolt-3-raid-array\/#primaryimage"},"datePublished":"2022-06-14T15:41:06+00:00","dateModified":"2024-02-07T00:00:36+00:00","breadcrumb":{"@id":"https:\/\/almarental.media\/renta-equipo-cine-television-comerciales\/cotiza\/computadoras\/promise-technology-pegasus3-r4-mac-edition-12tb-4-bay-thunderbolt-3-raid-array\/#breadcrumb"},"inLanguage":"es","potentialAction":[{"@type":"ReadAction","target":["https:\/\/almarental.media\/renta-equipo-cine-television-comerciales\/cotiza\/computadoras\/promise-technology-pegasus3-r4-mac-edition-12tb-4-bay-thunderbolt-3-raid-array\/"]}]},{"@type":"BreadcrumbList","@id":"https:\/\/almarental.media\/renta-equipo-cine-television-comerciales\/cotiza\/computadoras\/promise-technology-pegasus3-r4-mac-edition-12tb-4-bay-thunderbolt-3-raid-array\/#breadcrumb","itemListElement":[{"@type":"ListItem","position":1,"name":"Portada","item":"https:\/\/almarental.media\/renta-equipo-cine-television-comerciales\/"},{"@type":"ListItem","position":2,"name":"Productos","item":"https:\/\/almarental.media\/renta-equipo-cine-television-comerciales\/cotiza\/"},{"@type":"ListItem","position":3,"name":"Promise Technology Pegasus3 R4 Mac Edition 12TB 4-Bay Thunderbolt 3 RAID Array"}]}]}},"_links":{"self":[{"href":"https:\/\/almarental.media\/renta-equipo-cine-television-comerciales\/wp-json\/wp\/v2\/product\/962","targetHints":{"allow":["GET"]}}],"collection":[{"href":"https:\/\/almarental.media\/renta-equipo-cine-television-comerciales\/wp-json\/wp\/v2\/product"}],"about":[{"href":"https:\/\/almarental.media\/renta-equipo-cine-television-comerciales\/wp-json\/wp\/v2\/types\/product"}],"replies":[{"embeddable":true,"href":"https:\/\/almarental.media\/renta-equipo-cine-television-comerciales\/wp-json\/wp\/v2\/comments?post=962"}],"wp:featuredmedia":[{"embeddable":true,"href":"https:\/\/almarental.media\/renta-equipo-cine-television-comerciales\/wp-json\/wp\/v2\/media\/964"}],"wp:attachment":[{"href":"https:\/\/almarental.media\/renta-equipo-cine-television-comerciales\/wp-json\/wp\/v2\/media?parent=962"}],"wp:term":[{"taxonomy":"product_cat","embeddable":true,"href":"https:\/\/almarental.media\/renta-equipo-cine-television-comerciales\/wp-json\/wp\/v2\/product_cat?post=962"},{"taxonomy":"product_tag","embeddable":true,"href":"https:\/\/almarental.media\/renta-equipo-cine-television-comerciales\/wp-json\/wp\/v2\/product_tag?post=962"}],"curies":[{"name":"wp","href":"https:\/\/api.w.org\/{rel}","templated":true}]}}