{"id":941,"date":"2022-06-14T02:27:13","date_gmt":"2022-06-14T02:27:13","guid":{"rendered":"https:\/\/almarental.media\/renta-equipo-cine-television-comerciales\/?post_type=product&#038;p=941"},"modified":"2022-06-14T02:27:13","modified_gmt":"2022-06-14T02:27:13","slug":"video-devices-pix-e7-7-4k","status":"publish","type":"product","link":"https:\/\/almarental.media\/renta-equipo-cine-television-comerciales\/cotiza\/grabadores\/video-devices-pix-e7-7-4k\/","title":{"rendered":"Video Devices PIX-E7 7&#8243; 4K"},"content":{"rendered":"<p><strong>Descripci\u00f3n general de dispositivos de video PIX-E7<\/strong><\/p>\n<p>Compacto y potente, el monitor de grabaci\u00f3n de video 4K de 7&#8243; PIX-E7 de Video Devices puede grabar video 4K a trav\u00e9s de HDMI y 6G-SDI en SSD SpeedDrive. El PIX-E7 no solo es una grabadora poderosa, sino que tambi\u00e9n tiene una pantalla de 7&#8243; incorporada. Pantalla t\u00e1ctil con resoluci\u00f3n de 1920 x 1200 para monitorear el encuadre, verificar el enfoque y mostrar alcances. Video Devices dise\u00f1\u00f3 la serie de grabadoras PIX-E para que sean compactas, de modo que pueda usarlas con c\u00e1maras y videoc\u00e1maras peque\u00f1as sin sobrecargarlas en exceso.<\/p>\n<p>La actualizaci\u00f3n de firmware v3.00 tambi\u00e9n agrega la capacidad de grabar simult\u00e1neamente un archivo 4K ProRes (MOV) listo para editar en SpeedDrive y un archivo 1080p H.264 (MP4) en una tarjeta SD. Esto es \u00fatil para diarios y otras aplicaciones. Si tiene un LUT activo durante la grabaci\u00f3n simult\u00e1nea, se incluir\u00e1 solo en el archivo H.264 y no afectar\u00e1 a la grabaci\u00f3n ProRes. Esto le permite grabar un archivo maestro ProRes para editar y un archivo Rec.709 H.264 para que el cliente lo vea. La reducci\u00f3n de escala de 4K a 1080p ocurre autom\u00e1ticamente durante la grabaci\u00f3n simult\u00e1nea de 4K\/1080p. La actualizaci\u00f3n tambi\u00e9n permite la grabaci\u00f3n H.264 con un sello de c\u00f3digo de tiempo en SpeedDrive y\/o tarjeta SD.<\/p>\n<p>Como subsidiaria de Sound Devices, Video Devices tambi\u00e9n implement\u00f3 algunas funciones de audio profesional. Adem\u00e1s de poder grabar audio desde las conexiones de video digital, el PIX-E7 tiene entradas de audio anal\u00f3gicas en forma de conectores de 3,5 mm. Para ampliar las capacidades de audio profesional del PIX-E7, se puede atornillar un mezclador de audio XLR con medidores disponible por separado en el orificio roscado inferior de 1\/4&#8243;-20.<\/p>\n<p><strong>Caracter\u00edsticas de PIX-E7<\/strong><\/p>\n<p><strong>Grabaci\u00f3n de v\u00eddeo<\/strong><\/p>\n<p>El PIX-E7 puede grabar resoluciones de hasta DCI 4K (4096 x 2160) desde fuentes HDMI o SDI en formato Apple ProRes en hasta 4444 XQ. Los formatos DCI 4K y UHD 4K se pueden grabar a velocidades de cuadro de hasta 30 fps y las im\u00e1genes HD se pueden grabar a hasta 120p para c\u00e1mara lenta o proyectos que requieren velocidades de cuadro m\u00e1s altas. Todas las entradas tienen una salida de bucle que puede ir al monitor de un cliente o director.<\/p>\n<p><strong>Grabaci\u00f3n simult\u00e1nea 4K ProRes y 1080p H.264<\/strong><\/p>\n<p>La actualizaci\u00f3n de firmware v3.00 agrega la capacidad de grabar simult\u00e1neamente un archivo 4K ProRes y un archivo 1080p H.264 para diarios y otras aplicaciones. Cualquier LUT activo se integra en el archivo H.264, pero no en la grabaci\u00f3n de ProRes, lo que le permite tener un archivo maestro de ProRes para editar y un archivo Rec.709 H.264 para la presentaci\u00f3n del cliente. La nueva actualizaci\u00f3n tambi\u00e9n permite la grabaci\u00f3n H.264 con un sello de c\u00f3digo de tiempo en SpeedDrive y\/o tarjeta SD.<\/p>\n<p><strong>Controles y pantalla t\u00e1ctil LCD de alta resoluci\u00f3n<\/strong><\/p>\n<p>Con una brillante pantalla t\u00e1ctil LCD IPS con resoluci\u00f3n de 1920 x 1200, la PIX-E7 puede mostrar los osciloscopios con claridad, as\u00ed como realizar perforaciones precisas para confirmar el enfoque. La pantalla t\u00e1ctil capacitiva se puede utilizar para navegar por los men\u00fas, as\u00ed como para dirigir el \u00e1rea de inserci\u00f3n de enfoque. Aunque la pantalla t\u00e1ctil grande es conveniente, Video Devices tambi\u00e9n ha implementado su estilo de navegaci\u00f3n de men\u00fa de codificador rotatorio cl\u00e1sico e intuitivo que se encuentra en el PIX-240i, as\u00ed como sus cl\u00e1sicos botones t\u00e1ctiles en forma de c\u00fapula para que pueda cambiar su configuraci\u00f3n sin dejar huellas dactilares en la pantalla. . Para mayor durabilidad, el vidrio en la parte superior del panel LCD es Gorilla Glass 2, que es resistente a rayones y roturas.<\/p>\n<p><strong>Medios SpeedDrive<\/strong><\/p>\n<p>El PIX-E graba en SpeedDrive asequibles y r\u00e1pidos. SpeedDrives se basan en unidades mSATA est\u00e1ndar de la industria contenidas dentro de una carcasa USB 3.0 de dise\u00f1o personalizado. El SpeedDrive, que se conecta directamente al PIX-E, puede funcionar como una memoria USB 3.0 est\u00e1ndar para descargas de alta velocidad a cualquier computadora sin la necesidad de un cable especial o una estaci\u00f3n de acoplamiento de unidades. Los SpeedDrive se pueden comprar de forma independiente o como una carcasa para albergar una unidad mSATA de otro fabricante para obtener m\u00e1s opciones de capacidad.<\/p>\n<p><strong>Alimentando<\/strong><\/p>\n<p>El PIX-E7 puede funcionar con una tensi\u00f3n externa de 10 a 34 VCC o con bater\u00edas de montaje en L de Sony f\u00e1cilmente disponibles. Si cambia las fuentes de alimentaci\u00f3n durante el funcionamiento, el PIX-E7 cambiar\u00e1 sin problemas sin provocar un apagado.<\/p>\n","protected":false},"excerpt":{"rendered":"<p><strong><img loading=\"lazy\" decoding=\"async\" class=\"alignnone size-full wp-image-943\" src=\"https:\/\/almarental.media\/renta-equipo-cine-television-comerciales\/wp-content\/uploads\/2022\/06\/Video-Devices.png\" alt=\"\" width=\"194\" height=\"30\" \/><\/strong><\/p>\n<p><strong>Main Specs:<\/strong><\/p>\n<ul class=\"list_OMS5rN7R1Z\">\n<li class=\"listItem_OMS5rN7R1Z\" data-selenium=\"sellingPointsListItem\">7&#8243; 1920 x 1200 Touchscreen Display<\/li>\n<li class=\"listItem_OMS5rN7R1Z\" data-selenium=\"sellingPointsListItem\">Record DCI 4K (4096 x 2160) up to 30 fps<\/li>\n<li class=\"listItem_OMS5rN7R1Z\" data-selenium=\"sellingPointsListItem\">Record 1080p up to 120 fps<\/li>\n<li class=\"listItem_OMS5rN7R1Z\" data-selenium=\"sellingPointsListItem\">Simultaneous 4K ProRes and 1080p H.264<\/li>\n<li class=\"listItem_OMS5rN7R1Z\" data-selenium=\"sellingPointsListItem\">ProRes 4:2:2 and 4:4:4 Encoding<\/li>\n<li class=\"listItem_OMS5rN7R1Z\" data-selenium=\"sellingPointsListItem\">Uses mSATA SpeedDrive Media<\/li>\n<li class=\"listItem_OMS5rN7R1Z\" data-selenium=\"sellingPointsListItem\">4K-Capable HDMI Input with Loop-Through<\/li>\n<li class=\"listItem_OMS5rN7R1Z\" data-selenium=\"sellingPointsListItem\">2x SDI Inputs, 1x Loop Output<\/li>\n<li class=\"listItem_OMS5rN7R1Z\" data-selenium=\"sellingPointsListItem\">Analog Audio Input<\/li>\n<li class=\"listItem_OMS5rN7R1Z\" data-selenium=\"sellingPointsListItem\">Physical Button and Jog-Dial Controls<\/li>\n<\/ul>\n","protected":false},"featured_media":944,"comment_status":"open","ping_status":"closed","template":"","meta":[],"product_cat":[27],"product_tag":[],"class_list":["post-941","product","type-product","status-publish","has-post-thumbnail","hentry","product_cat-grabadores","description-off"],"yoast_head":"<!-- This site is optimized with the Yoast SEO plugin v19.1 - https:\/\/yoast.com\/wordpress\/plugins\/seo\/ -->\n<title>Video Devices PIX-E7 7&quot; 4K - Renta de equipo para cine, televisi\u00f3n y comerciales<\/title>\n<meta name=\"robots\" content=\"index, follow, max-snippet:-1, max-image-preview:large, max-video-preview:-1\" \/>\n<link rel=\"canonical\" href=\"https:\/\/almarental.media\/renta-equipo-cine-television-comerciales\/cotiza\/grabadores\/video-devices-pix-e7-7-4k\/\" \/>\n<meta property=\"og:locale\" content=\"es_ES\" \/>\n<meta property=\"og:type\" content=\"article\" \/>\n<meta property=\"og:title\" content=\"Video Devices PIX-E7 7&quot; 4K - Renta de equipo para cine, televisi\u00f3n y comerciales\" \/>\n<meta property=\"og:description\" content=\"Main Specs:   7&quot; 1920 x 1200 Touchscreen Display  Record DCI 4K (4096 x 2160) up to 30 fps  Record 1080p up to 120 fps  Simultaneous 4K ProRes and 1080p H.264  ProRes 4:2:2 and 4:4:4 Encoding  Uses mSATA SpeedDrive Media  4K-Capable HDMI Input with Loop-Through  2x SDI Inputs, 1x Loop Output  Analog Audio Input  Physical Button and Jog-Dial Controls\" \/>\n<meta property=\"og:url\" content=\"https:\/\/almarental.media\/renta-equipo-cine-television-comerciales\/cotiza\/grabadores\/video-devices-pix-e7-7-4k\/\" \/>\n<meta property=\"og:site_name\" content=\"Renta de equipo para cine, televisi\u00f3n y comerciales\" \/>\n<meta property=\"og:image\" content=\"https:\/\/almarental.media\/renta-equipo-cine-television-comerciales\/wp-content\/uploads\/2022\/06\/Renta-de-grabadora-Video-Devices-PIX-E7-7-4K-Recording-Video-Monitor.png\" \/>\n\t<meta property=\"og:image:width\" content=\"1000\" \/>\n\t<meta property=\"og:image:height\" content=\"1000\" \/>\n\t<meta property=\"og:image:type\" content=\"image\/png\" \/>\n<meta name=\"twitter:card\" content=\"summary_large_image\" \/>\n<meta name=\"twitter:label1\" content=\"Tiempo de lectura\" \/>\n\t<meta name=\"twitter:data1\" content=\"4 minutos\" \/>\n<script type=\"application\/ld+json\" class=\"yoast-schema-graph\">{\"@context\":\"https:\/\/schema.org\",\"@graph\":[{\"@type\":\"WebSite\",\"@id\":\"https:\/\/almarental.media\/renta-equipo-cine-television-comerciales\/#website\",\"url\":\"https:\/\/almarental.media\/renta-equipo-cine-television-comerciales\/\",\"name\":\"Renta de equipo para cine, televisi\u00f3n y comerciales\",\"description\":\"Casa de renta de equipo profesional para proyectos audiovisuales, DIT (digital image technician), Data y video en M\u00e9xico.\",\"potentialAction\":[{\"@type\":\"SearchAction\",\"target\":{\"@type\":\"EntryPoint\",\"urlTemplate\":\"https:\/\/almarental.media\/renta-equipo-cine-television-comerciales\/?s={search_term_string}\"},\"query-input\":\"required name=search_term_string\"}],\"inLanguage\":\"es\"},{\"@type\":\"ImageObject\",\"inLanguage\":\"es\",\"@id\":\"https:\/\/almarental.media\/renta-equipo-cine-television-comerciales\/cotiza\/grabadores\/video-devices-pix-e7-7-4k\/#primaryimage\",\"url\":\"https:\/\/almarental.media\/renta-equipo-cine-television-comerciales\/wp-content\/uploads\/2022\/06\/Renta-de-grabadora-Video-Devices-PIX-E7-7-4K-Recording-Video-Monitor.png\",\"contentUrl\":\"https:\/\/almarental.media\/renta-equipo-cine-television-comerciales\/wp-content\/uploads\/2022\/06\/Renta-de-grabadora-Video-Devices-PIX-E7-7-4K-Recording-Video-Monitor.png\",\"width\":1000,\"height\":1000,\"caption\":\"Renta de grabadora Video Devices PIX-E7 7 4K Recording Video Monitor\"},{\"@type\":\"WebPage\",\"@id\":\"https:\/\/almarental.media\/renta-equipo-cine-television-comerciales\/cotiza\/grabadores\/video-devices-pix-e7-7-4k\/#webpage\",\"url\":\"https:\/\/almarental.media\/renta-equipo-cine-television-comerciales\/cotiza\/grabadores\/video-devices-pix-e7-7-4k\/\",\"name\":\"Video Devices PIX-E7 7\\\" 4K - Renta de equipo para cine, televisi\u00f3n y comerciales\",\"isPartOf\":{\"@id\":\"https:\/\/almarental.media\/renta-equipo-cine-television-comerciales\/#website\"},\"primaryImageOfPage\":{\"@id\":\"https:\/\/almarental.media\/renta-equipo-cine-television-comerciales\/cotiza\/grabadores\/video-devices-pix-e7-7-4k\/#primaryimage\"},\"datePublished\":\"2022-06-14T02:27:13+00:00\",\"dateModified\":\"2022-06-14T02:27:13+00:00\",\"breadcrumb\":{\"@id\":\"https:\/\/almarental.media\/renta-equipo-cine-television-comerciales\/cotiza\/grabadores\/video-devices-pix-e7-7-4k\/#breadcrumb\"},\"inLanguage\":\"es\",\"potentialAction\":[{\"@type\":\"ReadAction\",\"target\":[\"https:\/\/almarental.media\/renta-equipo-cine-television-comerciales\/cotiza\/grabadores\/video-devices-pix-e7-7-4k\/\"]}]},{\"@type\":\"BreadcrumbList\",\"@id\":\"https:\/\/almarental.media\/renta-equipo-cine-television-comerciales\/cotiza\/grabadores\/video-devices-pix-e7-7-4k\/#breadcrumb\",\"itemListElement\":[{\"@type\":\"ListItem\",\"position\":1,\"name\":\"Portada\",\"item\":\"https:\/\/almarental.media\/renta-equipo-cine-television-comerciales\/\"},{\"@type\":\"ListItem\",\"position\":2,\"name\":\"Productos\",\"item\":\"https:\/\/almarental.media\/renta-equipo-cine-television-comerciales\/cotiza\/\"},{\"@type\":\"ListItem\",\"position\":3,\"name\":\"Video Devices PIX-E7 7&#8243; 4K\"}]}]}<\/script>\n<!-- \/ Yoast SEO plugin. -->","yoast_head_json":{"title":"Video Devices PIX-E7 7\" 4K - Renta de equipo para cine, televisi\u00f3n y comerciales","robots":{"index":"index","follow":"follow","max-snippet":"max-snippet:-1","max-image-preview":"max-image-preview:large","max-video-preview":"max-video-preview:-1"},"canonical":"https:\/\/almarental.media\/renta-equipo-cine-television-comerciales\/cotiza\/grabadores\/video-devices-pix-e7-7-4k\/","og_locale":"es_ES","og_type":"article","og_title":"Video Devices PIX-E7 7\" 4K - Renta de equipo para cine, televisi\u00f3n y comerciales","og_description":"Main Specs:   7\" 1920 x 1200 Touchscreen Display  Record DCI 4K (4096 x 2160) up to 30 fps  Record 1080p up to 120 fps  Simultaneous 4K ProRes and 1080p H.264  ProRes 4:2:2 and 4:4:4 Encoding  Uses mSATA SpeedDrive Media  4K-Capable HDMI Input with Loop-Through  2x SDI Inputs, 1x Loop Output  Analog Audio Input  Physical Button and Jog-Dial Controls","og_url":"https:\/\/almarental.media\/renta-equipo-cine-television-comerciales\/cotiza\/grabadores\/video-devices-pix-e7-7-4k\/","og_site_name":"Renta de equipo para cine, televisi\u00f3n y comerciales","og_image":[{"width":1000,"height":1000,"url":"https:\/\/almarental.media\/renta-equipo-cine-television-comerciales\/wp-content\/uploads\/2022\/06\/Renta-de-grabadora-Video-Devices-PIX-E7-7-4K-Recording-Video-Monitor.png","type":"image\/png"}],"twitter_card":"summary_large_image","twitter_misc":{"Tiempo de lectura":"4 minutos"},"schema":{"@context":"https:\/\/schema.org","@graph":[{"@type":"WebSite","@id":"https:\/\/almarental.media\/renta-equipo-cine-television-comerciales\/#website","url":"https:\/\/almarental.media\/renta-equipo-cine-television-comerciales\/","name":"Renta de equipo para cine, televisi\u00f3n y comerciales","description":"Casa de renta de equipo profesional para proyectos audiovisuales, DIT (digital image technician), Data y video en M\u00e9xico.","potentialAction":[{"@type":"SearchAction","target":{"@type":"EntryPoint","urlTemplate":"https:\/\/almarental.media\/renta-equipo-cine-television-comerciales\/?s={search_term_string}"},"query-input":"required name=search_term_string"}],"inLanguage":"es"},{"@type":"ImageObject","inLanguage":"es","@id":"https:\/\/almarental.media\/renta-equipo-cine-television-comerciales\/cotiza\/grabadores\/video-devices-pix-e7-7-4k\/#primaryimage","url":"https:\/\/almarental.media\/renta-equipo-cine-television-comerciales\/wp-content\/uploads\/2022\/06\/Renta-de-grabadora-Video-Devices-PIX-E7-7-4K-Recording-Video-Monitor.png","contentUrl":"https:\/\/almarental.media\/renta-equipo-cine-television-comerciales\/wp-content\/uploads\/2022\/06\/Renta-de-grabadora-Video-Devices-PIX-E7-7-4K-Recording-Video-Monitor.png","width":1000,"height":1000,"caption":"Renta de grabadora Video Devices PIX-E7 7 4K Recording Video Monitor"},{"@type":"WebPage","@id":"https:\/\/almarental.media\/renta-equipo-cine-television-comerciales\/cotiza\/grabadores\/video-devices-pix-e7-7-4k\/#webpage","url":"https:\/\/almarental.media\/renta-equipo-cine-television-comerciales\/cotiza\/grabadores\/video-devices-pix-e7-7-4k\/","name":"Video Devices PIX-E7 7\" 4K - Renta de equipo para cine, televisi\u00f3n y comerciales","isPartOf":{"@id":"https:\/\/almarental.media\/renta-equipo-cine-television-comerciales\/#website"},"primaryImageOfPage":{"@id":"https:\/\/almarental.media\/renta-equipo-cine-television-comerciales\/cotiza\/grabadores\/video-devices-pix-e7-7-4k\/#primaryimage"},"datePublished":"2022-06-14T02:27:13+00:00","dateModified":"2022-06-14T02:27:13+00:00","breadcrumb":{"@id":"https:\/\/almarental.media\/renta-equipo-cine-television-comerciales\/cotiza\/grabadores\/video-devices-pix-e7-7-4k\/#breadcrumb"},"inLanguage":"es","potentialAction":[{"@type":"ReadAction","target":["https:\/\/almarental.media\/renta-equipo-cine-television-comerciales\/cotiza\/grabadores\/video-devices-pix-e7-7-4k\/"]}]},{"@type":"BreadcrumbList","@id":"https:\/\/almarental.media\/renta-equipo-cine-television-comerciales\/cotiza\/grabadores\/video-devices-pix-e7-7-4k\/#breadcrumb","itemListElement":[{"@type":"ListItem","position":1,"name":"Portada","item":"https:\/\/almarental.media\/renta-equipo-cine-television-comerciales\/"},{"@type":"ListItem","position":2,"name":"Productos","item":"https:\/\/almarental.media\/renta-equipo-cine-television-comerciales\/cotiza\/"},{"@type":"ListItem","position":3,"name":"Video Devices PIX-E7 7&#8243; 4K"}]}]}},"_links":{"self":[{"href":"https:\/\/almarental.media\/renta-equipo-cine-television-comerciales\/wp-json\/wp\/v2\/product\/941","targetHints":{"allow":["GET"]}}],"collection":[{"href":"https:\/\/almarental.media\/renta-equipo-cine-television-comerciales\/wp-json\/wp\/v2\/product"}],"about":[{"href":"https:\/\/almarental.media\/renta-equipo-cine-television-comerciales\/wp-json\/wp\/v2\/types\/product"}],"replies":[{"embeddable":true,"href":"https:\/\/almarental.media\/renta-equipo-cine-television-comerciales\/wp-json\/wp\/v2\/comments?post=941"}],"wp:featuredmedia":[{"embeddable":true,"href":"https:\/\/almarental.media\/renta-equipo-cine-television-comerciales\/wp-json\/wp\/v2\/media\/944"}],"wp:attachment":[{"href":"https:\/\/almarental.media\/renta-equipo-cine-television-comerciales\/wp-json\/wp\/v2\/media?parent=941"}],"wp:term":[{"taxonomy":"product_cat","embeddable":true,"href":"https:\/\/almarental.media\/renta-equipo-cine-television-comerciales\/wp-json\/wp\/v2\/product_cat?post=941"},{"taxonomy":"product_tag","embeddable":true,"href":"https:\/\/almarental.media\/renta-equipo-cine-television-comerciales\/wp-json\/wp\/v2\/product_tag?post=941"}],"curies":[{"name":"wp","href":"https:\/\/api.w.org\/{rel}","templated":true}]}}