{"id":925,"date":"2022-06-13T23:08:58","date_gmt":"2022-06-13T23:08:58","guid":{"rendered":"https:\/\/almarental.media\/renta-equipo-cine-television-comerciales\/?post_type=product&#038;p=925"},"modified":"2022-06-13T23:10:04","modified_gmt":"2022-06-13T23:10:04","slug":"teradek-bolt-500-xt-3g-sdi-hdmi","status":"publish","type":"product","link":"https:\/\/almarental.media\/renta-equipo-cine-television-comerciales\/cotiza\/transmisores\/teradek-bolt-500-xt-3g-sdi-hdmi\/","title":{"rendered":"Teradek Bolt 500 XT 3G-SDI\/HDMI"},"content":{"rendered":"<p>El Bolt XT satisface las necesidades de los profesionales m\u00e1s exigentes, desde potentes herramientas de software y un rendimiento s\u00f3lido como una roca hasta opciones de energ\u00eda inteligente y compatibilidad con versiones anteriores.<\/p>\n<p>Una caracter\u00edstica clave del Bolt XT es su retrocompatibilidad con cualquier Bolt de la misma gama, Sidekick II \/ LT \/ XT y 703 Bolt, lo que brinda a los usuarios m\u00e1s flexibilidad para construir sobre sus sistemas existentes o conectarse con otros que ya est\u00e1n en el set. A diferencia de los sistemas de video inal\u00e1mbricos alternativos, Bolt XT incluye un algoritmo de encriptaci\u00f3n AES 128 \u00fanico para proteger sus secuencias de video, asegurando que solo los receptores autorizados puedan conectarse a su transmisor.<\/p>\n<p>Cada transmisor incluye una salida HDMI, 3G-SDI y 3G-SDI en bucle. Los receptores cuentan con una salida HDMI y dos salidas 3G-SDI. Si bien el rendimiento inal\u00e1mbrico es fundamental en el set, tambi\u00e9n lo son las opciones pr\u00e1cticas de montaje que garantizan un rendimiento \u00f3ptimo y una configuraci\u00f3n r\u00e1pida. Con la l\u00ednea Bolt XT, Teradek agreg\u00f3 un riel NATO integrado en el receptor, varios puntos de montaje de 1\/4\u201d-20 y 3\/8\u201d y una roseta ARRI en el transmisor para mejorar en gran medida las opciones de montaje disponibles.<\/p>\n<p>Un chasis de aluminio completamente nuevo reduce a\u00fan m\u00e1s el tama\u00f1o y el peso de la l\u00ednea Bolt, con receptores que tambi\u00e9n permiten la potencia de transferencia integrada. Los accesorios de placa de bater\u00eda disponibles incluyen montura V o Gold, adem\u00e1s de placas bidireccionales Sony L-series o Canon LP-E6 en el Bolt 500 XT. Teradek tambi\u00e9n reemplaz\u00f3 las antenas internas del transmisor Bolt 500 XT con un conjunto externo para mejorar el rendimiento inal\u00e1mbrico cuando se opera en entornos con grandes obst\u00e1culos o fuertes interferencias.<\/p>\n<p>El Bolt XT, al igual que la generaci\u00f3n anterior, tiene capacidad de multidifusi\u00f3n para hasta 4 receptores e incluye conversi\u00f3n cruzada incorporada y las utilidades de software patentadas de Teradek, incluido un motor 3D LUT y un analizador de espectro de 5 GHz para vigilar la interferencia en su \u00e1rea.<\/p>\n","protected":false},"excerpt":{"rendered":"<p><strong><img loading=\"lazy\" decoding=\"async\" class=\"alignnone size-full wp-image-926\" src=\"https:\/\/almarental.media\/renta-equipo-cine-television-comerciales\/wp-content\/uploads\/2022\/06\/teradek.png\" alt=\"\" width=\"191\" height=\"34\" \/><\/strong><\/p>\n<p><strong>Main Specs:\u00a0<\/strong><\/p>\n<ul>\n<li>Compatible con Bolt 500, Bolt 500 LT y Focus Bolt TX de tercera generaci\u00f3n<\/li>\n<li>Funciones de software profesional: LUT 3D, analizador de espectro de 5 GHz<\/li>\n<li>Salidas HDMI y Dual 3G-SDI<\/li>\n<\/ul>\n","protected":false},"featured_media":927,"comment_status":"open","ping_status":"closed","template":"","meta":[],"product_cat":[26],"product_tag":[],"class_list":["post-925","product","type-product","status-publish","has-post-thumbnail","hentry","product_cat-transmisores","description-off"],"yoast_head":"<!-- This site is optimized with the Yoast SEO plugin v19.1 - https:\/\/yoast.com\/wordpress\/plugins\/seo\/ -->\n<title>Teradek Bolt 500 XT 3G-SDI\/HDMI - Renta de equipo para cine, televisi\u00f3n y comerciales<\/title>\n<meta name=\"robots\" content=\"index, follow, max-snippet:-1, max-image-preview:large, max-video-preview:-1\" \/>\n<link rel=\"canonical\" href=\"https:\/\/almarental.media\/renta-equipo-cine-television-comerciales\/cotiza\/transmisores\/teradek-bolt-500-xt-3g-sdi-hdmi\/\" \/>\n<meta property=\"og:locale\" content=\"es_ES\" \/>\n<meta property=\"og:type\" content=\"article\" \/>\n<meta property=\"og:title\" content=\"Teradek Bolt 500 XT 3G-SDI\/HDMI - Renta de equipo para cine, televisi\u00f3n y comerciales\" \/>\n<meta property=\"og:description\" content=\"Main Specs:\u00a0   Compatible con Bolt 500, Bolt 500 LT y Focus Bolt TX de tercera generaci\u00f3n  Funciones de software profesional: LUT 3D, analizador de espectro de 5 GHz  Salidas HDMI y Dual 3G-SDI\" \/>\n<meta property=\"og:url\" content=\"https:\/\/almarental.media\/renta-equipo-cine-television-comerciales\/cotiza\/transmisores\/teradek-bolt-500-xt-3g-sdi-hdmi\/\" \/>\n<meta property=\"og:site_name\" content=\"Renta de equipo para cine, televisi\u00f3n y comerciales\" \/>\n<meta property=\"article:modified_time\" content=\"2022-06-13T23:10:04+00:00\" \/>\n<meta property=\"og:image\" content=\"https:\/\/almarental.media\/renta-equipo-cine-television-comerciales\/wp-content\/uploads\/2022\/06\/Transmisor-en-renta-Teradek-Bolt-500-XT-3G-SDI-HDMI.png\" \/>\n\t<meta property=\"og:image:width\" content=\"1000\" \/>\n\t<meta property=\"og:image:height\" content=\"1000\" \/>\n\t<meta property=\"og:image:type\" content=\"image\/png\" \/>\n<meta name=\"twitter:card\" content=\"summary_large_image\" \/>\n<meta name=\"twitter:label1\" content=\"Tiempo de lectura\" \/>\n\t<meta name=\"twitter:data1\" content=\"2 minutos\" \/>\n<script type=\"application\/ld+json\" class=\"yoast-schema-graph\">{\"@context\":\"https:\/\/schema.org\",\"@graph\":[{\"@type\":\"WebSite\",\"@id\":\"https:\/\/almarental.media\/renta-equipo-cine-television-comerciales\/#website\",\"url\":\"https:\/\/almarental.media\/renta-equipo-cine-television-comerciales\/\",\"name\":\"Renta de equipo para cine, televisi\u00f3n y comerciales\",\"description\":\"Casa de renta de equipo profesional para proyectos audiovisuales, DIT (digital image technician), Data y video en M\u00e9xico.\",\"potentialAction\":[{\"@type\":\"SearchAction\",\"target\":{\"@type\":\"EntryPoint\",\"urlTemplate\":\"https:\/\/almarental.media\/renta-equipo-cine-television-comerciales\/?s={search_term_string}\"},\"query-input\":\"required name=search_term_string\"}],\"inLanguage\":\"es\"},{\"@type\":\"ImageObject\",\"inLanguage\":\"es\",\"@id\":\"https:\/\/almarental.media\/renta-equipo-cine-television-comerciales\/cotiza\/transmisores\/teradek-bolt-500-xt-3g-sdi-hdmi\/#primaryimage\",\"url\":\"https:\/\/almarental.media\/renta-equipo-cine-television-comerciales\/wp-content\/uploads\/2022\/06\/Transmisor-en-renta-Teradek-Bolt-500-XT-3G-SDI-HDMI.png\",\"contentUrl\":\"https:\/\/almarental.media\/renta-equipo-cine-television-comerciales\/wp-content\/uploads\/2022\/06\/Transmisor-en-renta-Teradek-Bolt-500-XT-3G-SDI-HDMI.png\",\"width\":1000,\"height\":1000,\"caption\":\"Transmisor en renta Teradek Bolt 500 XT 3G SDI HDMI\"},{\"@type\":\"WebPage\",\"@id\":\"https:\/\/almarental.media\/renta-equipo-cine-television-comerciales\/cotiza\/transmisores\/teradek-bolt-500-xt-3g-sdi-hdmi\/#webpage\",\"url\":\"https:\/\/almarental.media\/renta-equipo-cine-television-comerciales\/cotiza\/transmisores\/teradek-bolt-500-xt-3g-sdi-hdmi\/\",\"name\":\"Teradek Bolt 500 XT 3G-SDI\/HDMI - Renta de equipo para cine, televisi\u00f3n y comerciales\",\"isPartOf\":{\"@id\":\"https:\/\/almarental.media\/renta-equipo-cine-television-comerciales\/#website\"},\"primaryImageOfPage\":{\"@id\":\"https:\/\/almarental.media\/renta-equipo-cine-television-comerciales\/cotiza\/transmisores\/teradek-bolt-500-xt-3g-sdi-hdmi\/#primaryimage\"},\"datePublished\":\"2022-06-13T23:08:58+00:00\",\"dateModified\":\"2022-06-13T23:10:04+00:00\",\"breadcrumb\":{\"@id\":\"https:\/\/almarental.media\/renta-equipo-cine-television-comerciales\/cotiza\/transmisores\/teradek-bolt-500-xt-3g-sdi-hdmi\/#breadcrumb\"},\"inLanguage\":\"es\",\"potentialAction\":[{\"@type\":\"ReadAction\",\"target\":[\"https:\/\/almarental.media\/renta-equipo-cine-television-comerciales\/cotiza\/transmisores\/teradek-bolt-500-xt-3g-sdi-hdmi\/\"]}]},{\"@type\":\"BreadcrumbList\",\"@id\":\"https:\/\/almarental.media\/renta-equipo-cine-television-comerciales\/cotiza\/transmisores\/teradek-bolt-500-xt-3g-sdi-hdmi\/#breadcrumb\",\"itemListElement\":[{\"@type\":\"ListItem\",\"position\":1,\"name\":\"Portada\",\"item\":\"https:\/\/almarental.media\/renta-equipo-cine-television-comerciales\/\"},{\"@type\":\"ListItem\",\"position\":2,\"name\":\"Productos\",\"item\":\"https:\/\/almarental.media\/renta-equipo-cine-television-comerciales\/cotiza\/\"},{\"@type\":\"ListItem\",\"position\":3,\"name\":\"Teradek Bolt 500 XT 3G-SDI\/HDMI\"}]}]}<\/script>\n<!-- \/ Yoast SEO plugin. -->","yoast_head_json":{"title":"Teradek Bolt 500 XT 3G-SDI\/HDMI - Renta de equipo para cine, televisi\u00f3n y comerciales","robots":{"index":"index","follow":"follow","max-snippet":"max-snippet:-1","max-image-preview":"max-image-preview:large","max-video-preview":"max-video-preview:-1"},"canonical":"https:\/\/almarental.media\/renta-equipo-cine-television-comerciales\/cotiza\/transmisores\/teradek-bolt-500-xt-3g-sdi-hdmi\/","og_locale":"es_ES","og_type":"article","og_title":"Teradek Bolt 500 XT 3G-SDI\/HDMI - Renta de equipo para cine, televisi\u00f3n y comerciales","og_description":"Main Specs:\u00a0   Compatible con Bolt 500, Bolt 500 LT y Focus Bolt TX de tercera generaci\u00f3n  Funciones de software profesional: LUT 3D, analizador de espectro de 5 GHz  Salidas HDMI y Dual 3G-SDI","og_url":"https:\/\/almarental.media\/renta-equipo-cine-television-comerciales\/cotiza\/transmisores\/teradek-bolt-500-xt-3g-sdi-hdmi\/","og_site_name":"Renta de equipo para cine, televisi\u00f3n y comerciales","article_modified_time":"2022-06-13T23:10:04+00:00","og_image":[{"width":1000,"height":1000,"url":"https:\/\/almarental.media\/renta-equipo-cine-television-comerciales\/wp-content\/uploads\/2022\/06\/Transmisor-en-renta-Teradek-Bolt-500-XT-3G-SDI-HDMI.png","type":"image\/png"}],"twitter_card":"summary_large_image","twitter_misc":{"Tiempo de lectura":"2 minutos"},"schema":{"@context":"https:\/\/schema.org","@graph":[{"@type":"WebSite","@id":"https:\/\/almarental.media\/renta-equipo-cine-television-comerciales\/#website","url":"https:\/\/almarental.media\/renta-equipo-cine-television-comerciales\/","name":"Renta de equipo para cine, televisi\u00f3n y comerciales","description":"Casa de renta de equipo profesional para proyectos audiovisuales, DIT (digital image technician), Data y video en M\u00e9xico.","potentialAction":[{"@type":"SearchAction","target":{"@type":"EntryPoint","urlTemplate":"https:\/\/almarental.media\/renta-equipo-cine-television-comerciales\/?s={search_term_string}"},"query-input":"required name=search_term_string"}],"inLanguage":"es"},{"@type":"ImageObject","inLanguage":"es","@id":"https:\/\/almarental.media\/renta-equipo-cine-television-comerciales\/cotiza\/transmisores\/teradek-bolt-500-xt-3g-sdi-hdmi\/#primaryimage","url":"https:\/\/almarental.media\/renta-equipo-cine-television-comerciales\/wp-content\/uploads\/2022\/06\/Transmisor-en-renta-Teradek-Bolt-500-XT-3G-SDI-HDMI.png","contentUrl":"https:\/\/almarental.media\/renta-equipo-cine-television-comerciales\/wp-content\/uploads\/2022\/06\/Transmisor-en-renta-Teradek-Bolt-500-XT-3G-SDI-HDMI.png","width":1000,"height":1000,"caption":"Transmisor en renta Teradek Bolt 500 XT 3G SDI HDMI"},{"@type":"WebPage","@id":"https:\/\/almarental.media\/renta-equipo-cine-television-comerciales\/cotiza\/transmisores\/teradek-bolt-500-xt-3g-sdi-hdmi\/#webpage","url":"https:\/\/almarental.media\/renta-equipo-cine-television-comerciales\/cotiza\/transmisores\/teradek-bolt-500-xt-3g-sdi-hdmi\/","name":"Teradek Bolt 500 XT 3G-SDI\/HDMI - Renta de equipo para cine, televisi\u00f3n y comerciales","isPartOf":{"@id":"https:\/\/almarental.media\/renta-equipo-cine-television-comerciales\/#website"},"primaryImageOfPage":{"@id":"https:\/\/almarental.media\/renta-equipo-cine-television-comerciales\/cotiza\/transmisores\/teradek-bolt-500-xt-3g-sdi-hdmi\/#primaryimage"},"datePublished":"2022-06-13T23:08:58+00:00","dateModified":"2022-06-13T23:10:04+00:00","breadcrumb":{"@id":"https:\/\/almarental.media\/renta-equipo-cine-television-comerciales\/cotiza\/transmisores\/teradek-bolt-500-xt-3g-sdi-hdmi\/#breadcrumb"},"inLanguage":"es","potentialAction":[{"@type":"ReadAction","target":["https:\/\/almarental.media\/renta-equipo-cine-television-comerciales\/cotiza\/transmisores\/teradek-bolt-500-xt-3g-sdi-hdmi\/"]}]},{"@type":"BreadcrumbList","@id":"https:\/\/almarental.media\/renta-equipo-cine-television-comerciales\/cotiza\/transmisores\/teradek-bolt-500-xt-3g-sdi-hdmi\/#breadcrumb","itemListElement":[{"@type":"ListItem","position":1,"name":"Portada","item":"https:\/\/almarental.media\/renta-equipo-cine-television-comerciales\/"},{"@type":"ListItem","position":2,"name":"Productos","item":"https:\/\/almarental.media\/renta-equipo-cine-television-comerciales\/cotiza\/"},{"@type":"ListItem","position":3,"name":"Teradek Bolt 500 XT 3G-SDI\/HDMI"}]}]}},"_links":{"self":[{"href":"https:\/\/almarental.media\/renta-equipo-cine-television-comerciales\/wp-json\/wp\/v2\/product\/925","targetHints":{"allow":["GET"]}}],"collection":[{"href":"https:\/\/almarental.media\/renta-equipo-cine-television-comerciales\/wp-json\/wp\/v2\/product"}],"about":[{"href":"https:\/\/almarental.media\/renta-equipo-cine-television-comerciales\/wp-json\/wp\/v2\/types\/product"}],"replies":[{"embeddable":true,"href":"https:\/\/almarental.media\/renta-equipo-cine-television-comerciales\/wp-json\/wp\/v2\/comments?post=925"}],"wp:featuredmedia":[{"embeddable":true,"href":"https:\/\/almarental.media\/renta-equipo-cine-television-comerciales\/wp-json\/wp\/v2\/media\/927"}],"wp:attachment":[{"href":"https:\/\/almarental.media\/renta-equipo-cine-television-comerciales\/wp-json\/wp\/v2\/media?parent=925"}],"wp:term":[{"taxonomy":"product_cat","embeddable":true,"href":"https:\/\/almarental.media\/renta-equipo-cine-television-comerciales\/wp-json\/wp\/v2\/product_cat?post=925"},{"taxonomy":"product_tag","embeddable":true,"href":"https:\/\/almarental.media\/renta-equipo-cine-television-comerciales\/wp-json\/wp\/v2\/product_tag?post=925"}],"curies":[{"name":"wp","href":"https:\/\/api.w.org\/{rel}","templated":true}]}}