{"id":915,"date":"2022-06-13T18:16:48","date_gmt":"2022-06-13T18:16:48","guid":{"rendered":"https:\/\/almarental.media\/renta-equipo-cine-television-comerciales\/?post_type=product&#038;p=915"},"modified":"2022-06-23T10:21:34","modified_gmt":"2022-06-23T10:21:34","slug":"wooden-camera-directors","status":"publish","type":"product","link":"https:\/\/almarental.media\/renta-equipo-cine-television-comerciales\/cotiza\/accesorios\/wooden-camera-directors\/","title":{"rendered":"Wooden Camera Director&#8217;s"},"content":{"rendered":"<p>El Monitor Cage v2 del director est\u00e1 dise\u00f1ado para ser universalmente compatible con cualquier monitor de hasta 9 pulgadas (medido en diagonal) y se conecta a trav\u00e9s de ubicaciones de montaje superior, inferior o trasera de 1\/4-20. Los soportes principales de nuevo dise\u00f1o tambi\u00e9n permiten el montaje directo en la parte trasera de Convergent Design Odyssey y Apollo.<\/p>\n<p>El DMCv2 llega en su mayor\u00eda preensamblado, con un ajuste de altura simplificado basado en varillas. Las empu\u00f1aduras ergon\u00f3micas de madera se pueden colocar r\u00e1pidamente a trav\u00e9s de las abrazaderas de 15 mm incorporadas. La placa de montaje de la bater\u00eda cuenta con puntos de fijaci\u00f3n V-Mount y Gold Mount, as\u00ed como con la funcionalidad de giro para facilitar el acceso a la parte posterior del monitor y los dispositivos inal\u00e1mbricos instalados. La jaula incluye una abrazadera de pasador de beb\u00e9 incorporada con ruedecilla de bloqueo para montaje en soporte.<\/p>\n<p>El parasol incluido se adapta a la mayor\u00eda de los monitores y se ajusta directamente al marco de la jaula. La parte inferior de la pantalla est\u00e1 hecha de velcro, que se puede ajustar al ancho adecuado del monitor y se puede usar una pieza de bucle incluida para enganchar en la parte inferior de la jaula para un montaje m\u00e1s permanente de la pantalla.<\/p>\n<p>El dise\u00f1o sin herramientas de las asas permite plegarlas para guardarlas f\u00e1cilmente y el parasol se puede reutilizar para que act\u00fae como una cubierta protectora. Tambi\u00e9n se incluye una correa para el cuello acolchada con 4 puntos de montaje, un soporte de montaje Teradek que ofrece una conexi\u00f3n f\u00e1cil para receptores inal\u00e1mbricos con puntos de montaje inferiores #4-40 o 1\/4-20 y una brida para cables.<\/p>\n<p>\u00a1El montaje vertical y uno al lado del otro de dos monitores tambi\u00e9n es posible con el Monitor Cage v2 de Dual Director!<\/p>\n<p><strong>FUNCIONA CON:<\/strong><\/p>\n<ul>\n<li>Asistente de video de Blackmagic<\/li>\n<li>Peque\u00f1o HD DP4, DP6, AC7, DP7, 503, 703<\/li>\n<li>TVLogic VFM-056W\/WP, VFM-058W<\/li>\n<li>Ikan D5, VK7i, VH8, VL5, VX9e<\/li>\n<li>Odisea 7, 7Q<\/li>\n<li>Atomos samur\u00e1i, ninja, shogun<\/li>\n<li>Y muchos m\u00e1s<\/li>\n<\/ul>\n","protected":false},"excerpt":{"rendered":"<p><img loading=\"lazy\" decoding=\"async\" class=\"alignnone  wp-image-917\" src=\"https:\/\/almarental.media\/renta-equipo-cine-television-comerciales\/wp-content\/uploads\/2022\/06\/Wooden-Camera.png\" alt=\"\" width=\"225\" height=\"21\" \/><\/p>\n<p><strong>Wooden Camera Director&#8217;s Monitor Cage v2<\/strong><\/p>\n<p><strong>Incluye:<\/strong><\/p>\n<p>(6) tornillos de cabeza semiesf\u00e9rica de 1\/4-20 x 1\/2&#8243;<br \/>\n(6) tornillos de cabeza semiesf\u00e9rica de 1\/4-20 x 3\/8&#8243;<br \/>\n(2) Adaptadores compensados<br \/>\n(4) tornillos Philips M3 x 8 mm (para placa de montaje en V)<br \/>\n(4) tornillos Philips M3 x 12 mm (para placa Gold Mount)<br \/>\n(1) Soporte de montaje Teradek<br \/>\n(1) tornillo de cabeza semiesf\u00e9rica de 1\/4-20 x 1 1\/4&#8243; y tuerca de 1\/4-20 (para perno Teradek)<br \/>\n(4) tornillos de cabeza hueca #4-40 x 1\/2&#8243; (para el receptor Teradek)<br \/>\n(4) tornillos Phillips de cabeza troncoc\u00f3nica M3 x 12 mm (para Teradek XT\/LT)<br \/>\n(4) tornillos de cabeza hueca M3 x 20 mm (para Odyssey 7Q)<br \/>\n(1) Sujetacables para inodoro<br \/>\n(1) parasol<br \/>\n(1) Parasol (lazo de velcro para Odyssey)<br \/>\n(1) correa para el cuello<\/p>\n","protected":false},"featured_media":916,"comment_status":"open","ping_status":"closed","template":"","meta":[],"product_cat":[30],"product_tag":[],"class_list":["post-915","product","type-product","status-publish","has-post-thumbnail","hentry","product_cat-accesorios","description-off"],"yoast_head":"<!-- This site is optimized with the Yoast SEO plugin v19.1 - https:\/\/yoast.com\/wordpress\/plugins\/seo\/ -->\n<title>Wooden Camera Director&#039;s - Renta de equipo para cine, televisi\u00f3n y comerciales<\/title>\n<meta name=\"robots\" content=\"index, follow, max-snippet:-1, max-image-preview:large, max-video-preview:-1\" \/>\n<link rel=\"canonical\" href=\"https:\/\/almarental.media\/renta-equipo-cine-television-comerciales\/cotiza\/accesorios\/wooden-camera-directors\/\" \/>\n<meta property=\"og:locale\" content=\"es_ES\" \/>\n<meta property=\"og:type\" content=\"article\" \/>\n<meta property=\"og:title\" content=\"Wooden Camera Director&#039;s - Renta de equipo para cine, televisi\u00f3n y comerciales\" \/>\n<meta property=\"og:description\" content=\"Wooden Camera Director&#039;s Monitor Cage v2  Incluye:  (6) tornillos de cabeza semiesf\u00e9rica de 1\/4-20 x 1\/2&quot; (6) tornillos de cabeza semiesf\u00e9rica de 1\/4-20 x 3\/8&quot; (2) Adaptadores compensados (4) tornillos Philips M3 x 8 mm (para placa de montaje en V) (4) tornillos Philips M3 x 12 mm (para placa Gold Mount) (1) Soporte de montaje Teradek (1) tornillo de cabeza semiesf\u00e9rica de 1\/4-20 x 1 1\/4&quot; y tuerca de 1\/4-20 (para perno Teradek) (4) tornillos de cabeza hueca #4-40 x 1\/2&quot; (para el receptor Teradek) (4) tornillos Phillips de cabeza troncoc\u00f3nica M3 x 12 mm (para Teradek XT\/LT) (4) tornillos de cabeza hueca M3 x 20 mm (para Odyssey 7Q) (1) Sujetacables para inodoro (1) parasol (1) Parasol (lazo de velcro para Odyssey) (1) correa para el cuello\" \/>\n<meta property=\"og:url\" content=\"https:\/\/almarental.media\/renta-equipo-cine-television-comerciales\/cotiza\/accesorios\/wooden-camera-directors\/\" \/>\n<meta property=\"og:site_name\" content=\"Renta de equipo para cine, televisi\u00f3n y comerciales\" \/>\n<meta property=\"article:modified_time\" content=\"2022-06-23T10:21:34+00:00\" \/>\n<meta property=\"og:image\" content=\"https:\/\/almarental.media\/renta-equipo-cine-television-comerciales\/wp-content\/uploads\/2022\/06\/Renta-de-Wooden-Camera-Directors-Monitor-Cage-v2.png\" \/>\n\t<meta property=\"og:image:width\" content=\"1000\" \/>\n\t<meta property=\"og:image:height\" content=\"1000\" \/>\n\t<meta property=\"og:image:type\" content=\"image\/png\" \/>\n<meta name=\"twitter:card\" content=\"summary_large_image\" \/>\n<meta name=\"twitter:label1\" content=\"Tiempo de lectura\" \/>\n\t<meta name=\"twitter:data1\" content=\"2 minutos\" \/>\n<script type=\"application\/ld+json\" class=\"yoast-schema-graph\">{\"@context\":\"https:\/\/schema.org\",\"@graph\":[{\"@type\":\"WebSite\",\"@id\":\"https:\/\/almarental.media\/renta-equipo-cine-television-comerciales\/#website\",\"url\":\"https:\/\/almarental.media\/renta-equipo-cine-television-comerciales\/\",\"name\":\"Renta de equipo para cine, televisi\u00f3n y comerciales\",\"description\":\"Casa de renta de equipo profesional para proyectos audiovisuales, DIT (digital image technician), Data y video en M\u00e9xico.\",\"potentialAction\":[{\"@type\":\"SearchAction\",\"target\":{\"@type\":\"EntryPoint\",\"urlTemplate\":\"https:\/\/almarental.media\/renta-equipo-cine-television-comerciales\/?s={search_term_string}\"},\"query-input\":\"required name=search_term_string\"}],\"inLanguage\":\"es\"},{\"@type\":\"ImageObject\",\"inLanguage\":\"es\",\"@id\":\"https:\/\/almarental.media\/renta-equipo-cine-television-comerciales\/cotiza\/accesorios\/wooden-camera-directors\/#primaryimage\",\"url\":\"https:\/\/almarental.media\/renta-equipo-cine-television-comerciales\/wp-content\/uploads\/2022\/06\/Renta-de-Wooden-Camera-Directors-Monitor-Cage-v2.png\",\"contentUrl\":\"https:\/\/almarental.media\/renta-equipo-cine-television-comerciales\/wp-content\/uploads\/2022\/06\/Renta-de-Wooden-Camera-Directors-Monitor-Cage-v2.png\",\"width\":1000,\"height\":1000,\"caption\":\"Renta de Wooden Camera Directors Monitor Cage v2\"},{\"@type\":\"WebPage\",\"@id\":\"https:\/\/almarental.media\/renta-equipo-cine-television-comerciales\/cotiza\/accesorios\/wooden-camera-directors\/#webpage\",\"url\":\"https:\/\/almarental.media\/renta-equipo-cine-television-comerciales\/cotiza\/accesorios\/wooden-camera-directors\/\",\"name\":\"Wooden Camera Director's - Renta de equipo para cine, televisi\u00f3n y comerciales\",\"isPartOf\":{\"@id\":\"https:\/\/almarental.media\/renta-equipo-cine-television-comerciales\/#website\"},\"primaryImageOfPage\":{\"@id\":\"https:\/\/almarental.media\/renta-equipo-cine-television-comerciales\/cotiza\/accesorios\/wooden-camera-directors\/#primaryimage\"},\"datePublished\":\"2022-06-13T18:16:48+00:00\",\"dateModified\":\"2022-06-23T10:21:34+00:00\",\"breadcrumb\":{\"@id\":\"https:\/\/almarental.media\/renta-equipo-cine-television-comerciales\/cotiza\/accesorios\/wooden-camera-directors\/#breadcrumb\"},\"inLanguage\":\"es\",\"potentialAction\":[{\"@type\":\"ReadAction\",\"target\":[\"https:\/\/almarental.media\/renta-equipo-cine-television-comerciales\/cotiza\/accesorios\/wooden-camera-directors\/\"]}]},{\"@type\":\"BreadcrumbList\",\"@id\":\"https:\/\/almarental.media\/renta-equipo-cine-television-comerciales\/cotiza\/accesorios\/wooden-camera-directors\/#breadcrumb\",\"itemListElement\":[{\"@type\":\"ListItem\",\"position\":1,\"name\":\"Portada\",\"item\":\"https:\/\/almarental.media\/renta-equipo-cine-television-comerciales\/\"},{\"@type\":\"ListItem\",\"position\":2,\"name\":\"Productos\",\"item\":\"https:\/\/almarental.media\/renta-equipo-cine-television-comerciales\/cotiza\/\"},{\"@type\":\"ListItem\",\"position\":3,\"name\":\"Wooden Camera Director&#8217;s\"}]}]}<\/script>\n<!-- \/ Yoast SEO plugin. -->","yoast_head_json":{"title":"Wooden Camera Director's - Renta de equipo para cine, televisi\u00f3n y comerciales","robots":{"index":"index","follow":"follow","max-snippet":"max-snippet:-1","max-image-preview":"max-image-preview:large","max-video-preview":"max-video-preview:-1"},"canonical":"https:\/\/almarental.media\/renta-equipo-cine-television-comerciales\/cotiza\/accesorios\/wooden-camera-directors\/","og_locale":"es_ES","og_type":"article","og_title":"Wooden Camera Director's - Renta de equipo para cine, televisi\u00f3n y comerciales","og_description":"Wooden Camera Director's Monitor Cage v2  Incluye:  (6) tornillos de cabeza semiesf\u00e9rica de 1\/4-20 x 1\/2\" (6) tornillos de cabeza semiesf\u00e9rica de 1\/4-20 x 3\/8\" (2) Adaptadores compensados (4) tornillos Philips M3 x 8 mm (para placa de montaje en V) (4) tornillos Philips M3 x 12 mm (para placa Gold Mount) (1) Soporte de montaje Teradek (1) tornillo de cabeza semiesf\u00e9rica de 1\/4-20 x 1 1\/4\" y tuerca de 1\/4-20 (para perno Teradek) (4) tornillos de cabeza hueca #4-40 x 1\/2\" (para el receptor Teradek) (4) tornillos Phillips de cabeza troncoc\u00f3nica M3 x 12 mm (para Teradek XT\/LT) (4) tornillos de cabeza hueca M3 x 20 mm (para Odyssey 7Q) (1) Sujetacables para inodoro (1) parasol (1) Parasol (lazo de velcro para Odyssey) (1) correa para el cuello","og_url":"https:\/\/almarental.media\/renta-equipo-cine-television-comerciales\/cotiza\/accesorios\/wooden-camera-directors\/","og_site_name":"Renta de equipo para cine, televisi\u00f3n y comerciales","article_modified_time":"2022-06-23T10:21:34+00:00","og_image":[{"width":1000,"height":1000,"url":"https:\/\/almarental.media\/renta-equipo-cine-television-comerciales\/wp-content\/uploads\/2022\/06\/Renta-de-Wooden-Camera-Directors-Monitor-Cage-v2.png","type":"image\/png"}],"twitter_card":"summary_large_image","twitter_misc":{"Tiempo de lectura":"2 minutos"},"schema":{"@context":"https:\/\/schema.org","@graph":[{"@type":"WebSite","@id":"https:\/\/almarental.media\/renta-equipo-cine-television-comerciales\/#website","url":"https:\/\/almarental.media\/renta-equipo-cine-television-comerciales\/","name":"Renta de equipo para cine, televisi\u00f3n y comerciales","description":"Casa de renta de equipo profesional para proyectos audiovisuales, DIT (digital image technician), Data y video en M\u00e9xico.","potentialAction":[{"@type":"SearchAction","target":{"@type":"EntryPoint","urlTemplate":"https:\/\/almarental.media\/renta-equipo-cine-television-comerciales\/?s={search_term_string}"},"query-input":"required name=search_term_string"}],"inLanguage":"es"},{"@type":"ImageObject","inLanguage":"es","@id":"https:\/\/almarental.media\/renta-equipo-cine-television-comerciales\/cotiza\/accesorios\/wooden-camera-directors\/#primaryimage","url":"https:\/\/almarental.media\/renta-equipo-cine-television-comerciales\/wp-content\/uploads\/2022\/06\/Renta-de-Wooden-Camera-Directors-Monitor-Cage-v2.png","contentUrl":"https:\/\/almarental.media\/renta-equipo-cine-television-comerciales\/wp-content\/uploads\/2022\/06\/Renta-de-Wooden-Camera-Directors-Monitor-Cage-v2.png","width":1000,"height":1000,"caption":"Renta de Wooden Camera Directors Monitor Cage v2"},{"@type":"WebPage","@id":"https:\/\/almarental.media\/renta-equipo-cine-television-comerciales\/cotiza\/accesorios\/wooden-camera-directors\/#webpage","url":"https:\/\/almarental.media\/renta-equipo-cine-television-comerciales\/cotiza\/accesorios\/wooden-camera-directors\/","name":"Wooden Camera Director's - Renta de equipo para cine, televisi\u00f3n y comerciales","isPartOf":{"@id":"https:\/\/almarental.media\/renta-equipo-cine-television-comerciales\/#website"},"primaryImageOfPage":{"@id":"https:\/\/almarental.media\/renta-equipo-cine-television-comerciales\/cotiza\/accesorios\/wooden-camera-directors\/#primaryimage"},"datePublished":"2022-06-13T18:16:48+00:00","dateModified":"2022-06-23T10:21:34+00:00","breadcrumb":{"@id":"https:\/\/almarental.media\/renta-equipo-cine-television-comerciales\/cotiza\/accesorios\/wooden-camera-directors\/#breadcrumb"},"inLanguage":"es","potentialAction":[{"@type":"ReadAction","target":["https:\/\/almarental.media\/renta-equipo-cine-television-comerciales\/cotiza\/accesorios\/wooden-camera-directors\/"]}]},{"@type":"BreadcrumbList","@id":"https:\/\/almarental.media\/renta-equipo-cine-television-comerciales\/cotiza\/accesorios\/wooden-camera-directors\/#breadcrumb","itemListElement":[{"@type":"ListItem","position":1,"name":"Portada","item":"https:\/\/almarental.media\/renta-equipo-cine-television-comerciales\/"},{"@type":"ListItem","position":2,"name":"Productos","item":"https:\/\/almarental.media\/renta-equipo-cine-television-comerciales\/cotiza\/"},{"@type":"ListItem","position":3,"name":"Wooden Camera Director&#8217;s"}]}]}},"_links":{"self":[{"href":"https:\/\/almarental.media\/renta-equipo-cine-television-comerciales\/wp-json\/wp\/v2\/product\/915","targetHints":{"allow":["GET"]}}],"collection":[{"href":"https:\/\/almarental.media\/renta-equipo-cine-television-comerciales\/wp-json\/wp\/v2\/product"}],"about":[{"href":"https:\/\/almarental.media\/renta-equipo-cine-television-comerciales\/wp-json\/wp\/v2\/types\/product"}],"replies":[{"embeddable":true,"href":"https:\/\/almarental.media\/renta-equipo-cine-television-comerciales\/wp-json\/wp\/v2\/comments?post=915"}],"wp:featuredmedia":[{"embeddable":true,"href":"https:\/\/almarental.media\/renta-equipo-cine-television-comerciales\/wp-json\/wp\/v2\/media\/916"}],"wp:attachment":[{"href":"https:\/\/almarental.media\/renta-equipo-cine-television-comerciales\/wp-json\/wp\/v2\/media?parent=915"}],"wp:term":[{"taxonomy":"product_cat","embeddable":true,"href":"https:\/\/almarental.media\/renta-equipo-cine-television-comerciales\/wp-json\/wp\/v2\/product_cat?post=915"},{"taxonomy":"product_tag","embeddable":true,"href":"https:\/\/almarental.media\/renta-equipo-cine-television-comerciales\/wp-json\/wp\/v2\/product_tag?post=915"}],"curies":[{"name":"wp","href":"https:\/\/api.w.org\/{rel}","templated":true}]}}