{"id":772,"date":"2022-06-04T21:55:48","date_gmt":"2022-06-04T21:55:48","guid":{"rendered":"https:\/\/almarental.media\/renta-equipo-cine-television-comerciales\/?post_type=product&#038;p=772"},"modified":"2022-06-04T21:57:03","modified_gmt":"2022-06-04T21:57:03","slug":"monitor-flanders-dm240","status":"publish","type":"product","link":"https:\/\/almarental.media\/renta-equipo-cine-television-comerciales\/cotiza\/monitores\/monitor-flanders-dm240\/","title":{"rendered":"Monitor Flanders DM240"},"content":{"rendered":"<p>&nbsp;<\/p>\n<table style=\"border-collapse: collapse; width: 100%;\">\n<tbody>\n<tr>\n<td style=\"width: 30.4185%;\">\n<ul>\n<li><span style=\"font-size: 8pt;\">Color Management<\/span><\/li>\n<li><span style=\"font-size: 8pt;\">Calibration<\/span><\/li>\n<li><span style=\"font-size: 8pt;\">Third Party Calibration<\/span><\/li>\n<li><span style=\"font-size: 8pt;\">Software Integration<\/span><\/li>\n<li><span style=\"font-size: 8pt;\">On-set Color Management<\/span><\/li>\n<li><span style=\"font-size: 8pt;\">ScopeStream<\/span><\/li>\n<li><span style=\"font-size: 8pt;\">Frame Capture<\/span><\/li>\n<li><span style=\"font-size: 8pt;\">Look \/ DIT LUTs<\/span><\/li>\n<li><span style=\"font-size: 8pt;\">Second Screen Output<\/span><\/li>\n<li><span style=\"font-size: 8pt;\">Zero Delay Fast Mode<\/span><\/li>\n<li><span style=\"font-size: 8pt;\">Image Flip<\/span><\/li>\n<li><span style=\"font-size: 8pt;\">HDR Preview<\/span><\/li>\n<li><span style=\"font-size: 8pt;\">3D Disparity<\/span><\/li>\n<li><span style=\"font-size: 8pt;\">Still Frame<\/span><\/li>\n<\/ul>\n<\/td>\n<td style=\"width: 29.9702%;\">\n<ul>\n<li><span style=\"font-size: 8pt;\">Live Side-By-Side Monitoring<\/span><\/li>\n<li><span style=\"font-size: 8pt;\">Split-Screen Viewing<\/span><\/li>\n<li><span style=\"font-size: 8pt;\">Lum Coloring (Adjustable Exposure Check)<\/span><\/li>\n<li><span style=\"font-size: 8pt;\">Timecode<\/span><\/li>\n<li><span style=\"font-size: 8pt;\">Zoom Modes<\/span><\/li>\n<li><span style=\"font-size: 8pt;\">Pixel Mapping<\/span><\/li>\n<li><span style=\"font-size: 8pt;\">SD Aspect Ratio &amp; PAL SD FHA<\/span><\/li>\n<li><span style=\"font-size: 8pt;\">Anamorphic De-Squeeze<\/span><\/li>\n<li><span style=\"font-size: 8pt;\">Blue Only, Red Only, Green Only, and Monochrome<\/span><\/li>\n<li><span style=\"font-size: 8pt;\">Onscreen Alarms<\/span><\/li>\n<li><span style=\"font-size: 8pt;\">H\/V Delay<\/span><\/li>\n<li><span style=\"font-size: 8pt;\">Log Monitoring ModesRemote Control<\/span><\/li>\n<li><span style=\"font-size: 8pt;\">Luminance Interval<\/span><\/li>\n<\/ul>\n<\/td>\n<td style=\"width: 39.5366%;\">\n<ul>\n<li><span style=\"font-size: 8pt;\">Cross Conversion<\/span><\/li>\n<li><span style=\"font-size: 8pt;\">3rd Generation Focus Assist<\/span><\/li>\n<li><span style=\"font-size: 8pt;\">Advanced Real Time Waveform &amp; Vectorscope for DM Series<\/span><\/li>\n<li><span style=\"font-size: 8pt;\">Monitors<\/span><\/li>\n<li><span style=\"font-size: 8pt;\">Customizable Multi-Color Waveform<\/span><\/li>\n<li><span style=\"font-size: 8pt;\">Video Scopes<\/span><\/li>\n<li><span style=\"font-size: 8pt;\">Horizontal Audio Level Meters<\/span><\/li>\n<li><span style=\"font-size: 8pt;\">CIE Scope<\/span><\/li>\n<li><span style=\"font-size: 8pt;\">Measurement (8 &amp; 10bit)<\/span><\/li>\n<li><span style=\"font-size: 8pt;\">CIE Measurement<\/span><\/li>\n<li><span style=\"font-size: 8pt;\">Video Data Analyzer<\/span><\/li>\n<li><span style=\"font-size: 8pt;\">Markers<\/span><\/li>\n<li><span style=\"font-size: 8pt;\">CrosshatchLED Lights<\/span><\/li>\n<\/ul>\n<\/td>\n<\/tr>\n<\/tbody>\n<\/table>\n<p>&nbsp;<\/p>\n","protected":false},"excerpt":{"rendered":"<p style=\"text-align: justify;\"><img loading=\"lazy\" decoding=\"async\" class=\"alignnone wp-image-759\" src=\"https:\/\/almarental.media\/renta-equipo-cine-television-comerciales\/wp-content\/uploads\/2022\/05\/Logo-forweb-bicubicsharper80pixheight.png\" alt=\"\" width=\"150\" height=\"48\" \/><\/p>\n<p style=\"text-align: justify;\">El DM240 es un <strong>monitor de transmisi\u00f3n profesional<\/strong> duradero, liviano, eficiente y de color cr\u00edtico. Por su r\u00e1pido procesamiento es l\u00edder en la industria, con un chasis de metal duradero y un conjunto de caracter\u00edsticas m\u00e1s avanzadas hacen que el DM240 sea ideal para aplicaciones que van desde la <strong>producci\u00f3n hasta la postproducci\u00f3n.<\/strong><\/p>\n","protected":false},"featured_media":757,"comment_status":"open","ping_status":"closed","template":"","meta":[],"product_cat":[16],"product_tag":[22],"class_list":["post-772","product","type-product","status-publish","has-post-thumbnail","hentry","product_cat-monitores","product_tag-renta-de-monitores-dit","description-off"],"yoast_head":"<!-- This site is optimized with the Yoast SEO plugin v19.1 - https:\/\/yoast.com\/wordpress\/plugins\/seo\/ -->\n<title>Monitor Flanders DM240 - Renta de equipo para cine, televisi\u00f3n y comerciales<\/title>\n<meta name=\"robots\" content=\"index, follow, max-snippet:-1, max-image-preview:large, max-video-preview:-1\" \/>\n<link rel=\"canonical\" href=\"https:\/\/almarental.media\/renta-equipo-cine-television-comerciales\/cotiza\/monitores\/monitor-flanders-dm240\/\" \/>\n<meta property=\"og:locale\" content=\"es_ES\" \/>\n<meta property=\"og:type\" content=\"article\" \/>\n<meta property=\"og:title\" content=\"Monitor Flanders DM240 - Renta de equipo para cine, televisi\u00f3n y comerciales\" \/>\n<meta property=\"og:description\" content=\"El DM240 es un monitor de transmisi\u00f3n profesional duradero, liviano, eficiente y de color cr\u00edtico. Por su r\u00e1pido procesamiento es l\u00edder en la industria, con un chasis de metal duradero y un conjunto de caracter\u00edsticas m\u00e1s avanzadas hacen que el DM240 sea ideal para aplicaciones que van desde la producci\u00f3n hasta la postproducci\u00f3n.\" \/>\n<meta property=\"og:url\" content=\"https:\/\/almarental.media\/renta-equipo-cine-television-comerciales\/cotiza\/monitores\/monitor-flanders-dm240\/\" \/>\n<meta property=\"og:site_name\" content=\"Renta de equipo para cine, televisi\u00f3n y comerciales\" \/>\n<meta property=\"article:modified_time\" content=\"2022-06-04T21:57:03+00:00\" \/>\n<meta property=\"og:image\" content=\"https:\/\/almarental.media\/renta-equipo-cine-television-comerciales\/wp-content\/uploads\/2022\/05\/Renta-de-Monitor-Flanders-DM250-Alma-Rental.png\" \/>\n\t<meta property=\"og:image:width\" content=\"1000\" \/>\n\t<meta property=\"og:image:height\" content=\"1000\" \/>\n\t<meta property=\"og:image:type\" content=\"image\/png\" \/>\n<meta name=\"twitter:card\" content=\"summary_large_image\" \/>\n<meta name=\"twitter:label1\" content=\"Tiempo de lectura\" \/>\n\t<meta name=\"twitter:data1\" content=\"1 minuto\" \/>\n<script type=\"application\/ld+json\" class=\"yoast-schema-graph\">{\"@context\":\"https:\/\/schema.org\",\"@graph\":[{\"@type\":\"WebSite\",\"@id\":\"https:\/\/almarental.media\/renta-equipo-cine-television-comerciales\/#website\",\"url\":\"https:\/\/almarental.media\/renta-equipo-cine-television-comerciales\/\",\"name\":\"Renta de equipo para cine, televisi\u00f3n y comerciales\",\"description\":\"Casa de renta de equipo profesional para proyectos audiovisuales, DIT (digital image technician), Data y video en M\u00e9xico.\",\"potentialAction\":[{\"@type\":\"SearchAction\",\"target\":{\"@type\":\"EntryPoint\",\"urlTemplate\":\"https:\/\/almarental.media\/renta-equipo-cine-television-comerciales\/?s={search_term_string}\"},\"query-input\":\"required name=search_term_string\"}],\"inLanguage\":\"es\"},{\"@type\":\"ImageObject\",\"inLanguage\":\"es\",\"@id\":\"https:\/\/almarental.media\/renta-equipo-cine-television-comerciales\/cotiza\/monitores\/monitor-flanders-dm240\/#primaryimage\",\"url\":\"https:\/\/almarental.media\/renta-equipo-cine-television-comerciales\/wp-content\/uploads\/2022\/05\/Renta-de-Monitor-Flanders-DM250-Alma-Rental.png\",\"contentUrl\":\"https:\/\/almarental.media\/renta-equipo-cine-television-comerciales\/wp-content\/uploads\/2022\/05\/Renta-de-Monitor-Flanders-DM250-Alma-Rental.png\",\"width\":1000,\"height\":1000,\"caption\":\"Renta de Monitor Flanders DM250 - Alma Rental\"},{\"@type\":\"WebPage\",\"@id\":\"https:\/\/almarental.media\/renta-equipo-cine-television-comerciales\/cotiza\/monitores\/monitor-flanders-dm240\/#webpage\",\"url\":\"https:\/\/almarental.media\/renta-equipo-cine-television-comerciales\/cotiza\/monitores\/monitor-flanders-dm240\/\",\"name\":\"Monitor Flanders DM240 - Renta de equipo para cine, televisi\u00f3n y comerciales\",\"isPartOf\":{\"@id\":\"https:\/\/almarental.media\/renta-equipo-cine-television-comerciales\/#website\"},\"primaryImageOfPage\":{\"@id\":\"https:\/\/almarental.media\/renta-equipo-cine-television-comerciales\/cotiza\/monitores\/monitor-flanders-dm240\/#primaryimage\"},\"datePublished\":\"2022-06-04T21:55:48+00:00\",\"dateModified\":\"2022-06-04T21:57:03+00:00\",\"breadcrumb\":{\"@id\":\"https:\/\/almarental.media\/renta-equipo-cine-television-comerciales\/cotiza\/monitores\/monitor-flanders-dm240\/#breadcrumb\"},\"inLanguage\":\"es\",\"potentialAction\":[{\"@type\":\"ReadAction\",\"target\":[\"https:\/\/almarental.media\/renta-equipo-cine-television-comerciales\/cotiza\/monitores\/monitor-flanders-dm240\/\"]}]},{\"@type\":\"BreadcrumbList\",\"@id\":\"https:\/\/almarental.media\/renta-equipo-cine-television-comerciales\/cotiza\/monitores\/monitor-flanders-dm240\/#breadcrumb\",\"itemListElement\":[{\"@type\":\"ListItem\",\"position\":1,\"name\":\"Portada\",\"item\":\"https:\/\/almarental.media\/renta-equipo-cine-television-comerciales\/\"},{\"@type\":\"ListItem\",\"position\":2,\"name\":\"Productos\",\"item\":\"https:\/\/almarental.media\/renta-equipo-cine-television-comerciales\/cotiza\/\"},{\"@type\":\"ListItem\",\"position\":3,\"name\":\"Monitor Flanders DM240\"}]}]}<\/script>\n<!-- \/ Yoast SEO plugin. -->","yoast_head_json":{"title":"Monitor Flanders DM240 - Renta de equipo para cine, televisi\u00f3n y comerciales","robots":{"index":"index","follow":"follow","max-snippet":"max-snippet:-1","max-image-preview":"max-image-preview:large","max-video-preview":"max-video-preview:-1"},"canonical":"https:\/\/almarental.media\/renta-equipo-cine-television-comerciales\/cotiza\/monitores\/monitor-flanders-dm240\/","og_locale":"es_ES","og_type":"article","og_title":"Monitor Flanders DM240 - Renta de equipo para cine, televisi\u00f3n y comerciales","og_description":"El DM240 es un monitor de transmisi\u00f3n profesional duradero, liviano, eficiente y de color cr\u00edtico. Por su r\u00e1pido procesamiento es l\u00edder en la industria, con un chasis de metal duradero y un conjunto de caracter\u00edsticas m\u00e1s avanzadas hacen que el DM240 sea ideal para aplicaciones que van desde la producci\u00f3n hasta la postproducci\u00f3n.","og_url":"https:\/\/almarental.media\/renta-equipo-cine-television-comerciales\/cotiza\/monitores\/monitor-flanders-dm240\/","og_site_name":"Renta de equipo para cine, televisi\u00f3n y comerciales","article_modified_time":"2022-06-04T21:57:03+00:00","og_image":[{"width":1000,"height":1000,"url":"https:\/\/almarental.media\/renta-equipo-cine-television-comerciales\/wp-content\/uploads\/2022\/05\/Renta-de-Monitor-Flanders-DM250-Alma-Rental.png","type":"image\/png"}],"twitter_card":"summary_large_image","twitter_misc":{"Tiempo de lectura":"1 minuto"},"schema":{"@context":"https:\/\/schema.org","@graph":[{"@type":"WebSite","@id":"https:\/\/almarental.media\/renta-equipo-cine-television-comerciales\/#website","url":"https:\/\/almarental.media\/renta-equipo-cine-television-comerciales\/","name":"Renta de equipo para cine, televisi\u00f3n y comerciales","description":"Casa de renta de equipo profesional para proyectos audiovisuales, DIT (digital image technician), Data y video en M\u00e9xico.","potentialAction":[{"@type":"SearchAction","target":{"@type":"EntryPoint","urlTemplate":"https:\/\/almarental.media\/renta-equipo-cine-television-comerciales\/?s={search_term_string}"},"query-input":"required name=search_term_string"}],"inLanguage":"es"},{"@type":"ImageObject","inLanguage":"es","@id":"https:\/\/almarental.media\/renta-equipo-cine-television-comerciales\/cotiza\/monitores\/monitor-flanders-dm240\/#primaryimage","url":"https:\/\/almarental.media\/renta-equipo-cine-television-comerciales\/wp-content\/uploads\/2022\/05\/Renta-de-Monitor-Flanders-DM250-Alma-Rental.png","contentUrl":"https:\/\/almarental.media\/renta-equipo-cine-television-comerciales\/wp-content\/uploads\/2022\/05\/Renta-de-Monitor-Flanders-DM250-Alma-Rental.png","width":1000,"height":1000,"caption":"Renta de Monitor Flanders DM250 - Alma Rental"},{"@type":"WebPage","@id":"https:\/\/almarental.media\/renta-equipo-cine-television-comerciales\/cotiza\/monitores\/monitor-flanders-dm240\/#webpage","url":"https:\/\/almarental.media\/renta-equipo-cine-television-comerciales\/cotiza\/monitores\/monitor-flanders-dm240\/","name":"Monitor Flanders DM240 - Renta de equipo para cine, televisi\u00f3n y comerciales","isPartOf":{"@id":"https:\/\/almarental.media\/renta-equipo-cine-television-comerciales\/#website"},"primaryImageOfPage":{"@id":"https:\/\/almarental.media\/renta-equipo-cine-television-comerciales\/cotiza\/monitores\/monitor-flanders-dm240\/#primaryimage"},"datePublished":"2022-06-04T21:55:48+00:00","dateModified":"2022-06-04T21:57:03+00:00","breadcrumb":{"@id":"https:\/\/almarental.media\/renta-equipo-cine-television-comerciales\/cotiza\/monitores\/monitor-flanders-dm240\/#breadcrumb"},"inLanguage":"es","potentialAction":[{"@type":"ReadAction","target":["https:\/\/almarental.media\/renta-equipo-cine-television-comerciales\/cotiza\/monitores\/monitor-flanders-dm240\/"]}]},{"@type":"BreadcrumbList","@id":"https:\/\/almarental.media\/renta-equipo-cine-television-comerciales\/cotiza\/monitores\/monitor-flanders-dm240\/#breadcrumb","itemListElement":[{"@type":"ListItem","position":1,"name":"Portada","item":"https:\/\/almarental.media\/renta-equipo-cine-television-comerciales\/"},{"@type":"ListItem","position":2,"name":"Productos","item":"https:\/\/almarental.media\/renta-equipo-cine-television-comerciales\/cotiza\/"},{"@type":"ListItem","position":3,"name":"Monitor Flanders DM240"}]}]}},"_links":{"self":[{"href":"https:\/\/almarental.media\/renta-equipo-cine-television-comerciales\/wp-json\/wp\/v2\/product\/772","targetHints":{"allow":["GET"]}}],"collection":[{"href":"https:\/\/almarental.media\/renta-equipo-cine-television-comerciales\/wp-json\/wp\/v2\/product"}],"about":[{"href":"https:\/\/almarental.media\/renta-equipo-cine-television-comerciales\/wp-json\/wp\/v2\/types\/product"}],"replies":[{"embeddable":true,"href":"https:\/\/almarental.media\/renta-equipo-cine-television-comerciales\/wp-json\/wp\/v2\/comments?post=772"}],"wp:featuredmedia":[{"embeddable":true,"href":"https:\/\/almarental.media\/renta-equipo-cine-television-comerciales\/wp-json\/wp\/v2\/media\/757"}],"wp:attachment":[{"href":"https:\/\/almarental.media\/renta-equipo-cine-television-comerciales\/wp-json\/wp\/v2\/media?parent=772"}],"wp:term":[{"taxonomy":"product_cat","embeddable":true,"href":"https:\/\/almarental.media\/renta-equipo-cine-television-comerciales\/wp-json\/wp\/v2\/product_cat?post=772"},{"taxonomy":"product_tag","embeddable":true,"href":"https:\/\/almarental.media\/renta-equipo-cine-television-comerciales\/wp-json\/wp\/v2\/product_tag?post=772"}],"curies":[{"name":"wp","href":"https:\/\/api.w.org\/{rel}","templated":true}]}}